{"id":827,"date":"2021-04-17T20:04:34","date_gmt":"2021-04-17T20:04:34","guid":{"rendered":"https:\/\/pmcg.co.me\/?page_id=827"},"modified":"2022-10-03T18:15:50","modified_gmt":"2022-10-03T16:15:50","slug":"biblioteka","status":"publish","type":"page","link":"https:\/\/pmcg.co.me\/en\/biblioteka\/","title":{"rendered":"Biblioteka"},"content":{"rendered":"<p><span style=\"color: #003300;\">Osnivanjem Muzeja zapo\u010delo je i formiranje biblioteke nau\u010dnih i stru\u010dnih radova, monografija, periodi\u010dnih izdanja, separata. Zaposlenici Muzeja su donosili stru\u010dnu literaturu, li\u010dnu ili dobijenu na poklon, koja im je trebala za rad, determinaciju, konzervaciju.<\/span><br \/>\n<span style=\"color: #003300;\">Me\u0111u prvim donatorima stru\u010dne literature bila je Crnogorska akademija nauka i umjetnosti (CANU) koja je donirala po jedan primjerak svih svojih izdanja koja se ti\u010du prirodnih nauka.<\/span><br \/>\n<span style=\"color: #003300;\">Zna\u010dajan doprinos oboga\u0107ivanju biblioteke su donacije velikog broja separata nau\u010dnih radova iz me\u0111unarodnih \u010dasopisa, monografija i periodi\u010dnih izdanja od strane prof. em. dr Acc. Gordana Karamana i Danijela Vinceka, osniva\u010da botani\u010dke ba\u0161te Dulovine u Kola\u0161inu. Gospodin Vincek je svoju biblioteku poklonio kustoskinji Sne\u017eani Vuksanovi\u0107, a ona je zatim poklonila Prirodnja\u010dkom muzeju.<\/span><br \/>\n<span style=\"color: #003300;\">Po\u0161to ni tada, kao ni danas, nemamo zaposlenog bibliotekara, prvo je tu ulogu preuzeo Marko Karaman, tada kustos u Zbirci\u00a0 beski\u010dmenjaka, da bi nakon nekoliko godina i zna\u010dajnog porasta broja bibliote\u010dkih jedinica, Biljana Joveti\u0107 preuzela\u00a0 organizaciju i odr\u017eavanje biblioteke.<\/span><\/p>\n<p><span style=\"color: #003300;\">Tokom 2019. godine ura\u0111en je popis bibliote\u010dkih jedinica u elektronskoj formi.<\/span><br \/>\n<span style=\"color: #003300;\">Upisano je 824 monografska izdanja; 249 razli\u010ditih \u010dasopisa i periodike sa ukupno 2276 izdatih brojeva, 25 diplomskih, specijalisti\u010dkih, magistarskih radova i doktorskih disertacija. Ovome treba dodati i 499 separata nau\u010dnih radova. Jedan dio starih radova i knjiga je digitalizovan isklju\u010divo za internu upotrebu. Sna\u017ean zamajac oboga\u0107ivanju biblioteke dat je uspostavljanjem razmjene sa drugim institucijama, koja je bazirana na izdavanju nau\u010dnog i nau\u010dno-popularnog \u010dasopisa \u201eNatura Montenegrina\u201c. U zamjenu za na\u0161 \u010dasopis, redovno dobijamo novoobjavljene brojeve drugih evropskih nau\u010dnih \u010dasopisa. Biblioteka se kontinuirano oboga\u0107uje i kupovinom nau\u010dne i stru\u010dne literature u obimu koji nam dozvoljavaju finansije.<\/span><\/p>\n<p><span style=\"color: #003300;\">Biblioteka jo\u0161 nije javno dostupna, ali zainteresovani mogu potra\u017eiti i pregledati na licu mjesta potrebnu literaturu.<\/span><\/p>\n<p><img loading=\"lazy\" decoding=\"async\" class=\"alignnone wp-image-1368 size-full\" src=\"https:\/\/pmcg.co.me\/wp-content\/uploads\/2021\/05\/travel-ads-copy.jpg\" alt=\"\" width=\"728\" height=\"90\" srcset=\"https:\/\/pmcg.co.me\/wp-content\/uploads\/2021\/05\/travel-ads-copy.jpg 728w, https:\/\/pmcg.co.me\/wp-content\/uploads\/2021\/05\/travel-ads-copy-300x37.jpg 300w\" sizes=\"auto, (max-width: 728px) 100vw, 728px\" \/><\/p>","protected":false},"excerpt":{"rendered":"<p>Osnivanjem Muzeja zapo\u010delo je i formiranje biblioteke nau\u010dnih i stru\u010dnih radova, monografija, periodi\u010dnih izdanja, separata. Zaposlenici Muzeja su donosili stru\u010dnu literaturu, li\u010dnu ili dobijenu na poklon, koja im je trebala za rad, determinaciju, konzervaciju. Me\u0111u prvim donatorima stru\u010dne literature bila je Crnogorska akademija nauka i umjetnosti (CANU) koja je donirala po jedan primjerak svih svojih [&hellip;]<\/p>","protected":false},"author":1,"featured_media":0,"parent":0,"menu_order":0,"comment_status":"closed","ping_status":"closed","template":"","meta":{"footnotes":""},"class_list":["post-827","page","type-page","status-publish","hentry"],"_links":{"self":[{"href":"https:\/\/pmcg.co.me\/en\/wp-json\/wp\/v2\/pages\/827","targetHints":{"allow":["GET"]}}],"collection":[{"href":"https:\/\/pmcg.co.me\/en\/wp-json\/wp\/v2\/pages"}],"about":[{"href":"https:\/\/pmcg.co.me\/en\/wp-json\/wp\/v2\/types\/page"}],"author":[{"embeddable":true,"href":"https:\/\/pmcg.co.me\/en\/wp-json\/wp\/v2\/users\/1"}],"replies":[{"embeddable":true,"href":"https:\/\/pmcg.co.me\/en\/wp-json\/wp\/v2\/comments?post=827"}],"version-history":[{"count":0,"href":"https:\/\/pmcg.co.me\/en\/wp-json\/wp\/v2\/pages\/827\/revisions"}],"wp:attachment":[{"href":"https:\/\/pmcg.co.me\/en\/wp-json\/wp\/v2\/media?parent=827"}],"curies":[{"name":"wp","href":"https:\/\/api.w.org\/{rel}","templated":true}]}}