{"id":812,"date":"2021-04-16T16:12:17","date_gmt":"2021-04-16T16:12:17","guid":{"rendered":"https:\/\/pmcg.co.me\/?page_id=812"},"modified":"2025-04-04T10:34:08","modified_gmt":"2025-04-04T08:34:08","slug":"kontakt","status":"publish","type":"page","link":"https:\/\/pmcg.co.me\/en\/kontakt\/","title":{"rendered":"Kontakt"},"content":{"rendered":"<ul>\n<li>+382 20 633 184<\/li>\n<li>arhiva: +382 20 623 730<\/li>\n<li><i class=\"icofont-envelope\"><\/i>prmuzej@t-com.me<\/li>\n<li>Facebook :\u00a0<a href=\"https:\/\/www.facebook.com\/prirodnjackimuzej.me\/\">Prirodnja\u010dki muzej Crne Gore<\/a><\/li>\n<li>Instagram:\u00a0<a href=\"https:\/\/www.instagram.com\/prirodnjackimuzejcg\/?hl=en\">Prirodnja\u010dki muzej Crne Gore<\/a><\/li>\n<li>grupne posjete se zakazuju na info@pmcg.co.me<\/li>\n<li><i class=\"icofont-globe-alt\"><\/i>www.pmcg.co.me<\/li>\n<li><i class=\"icofont-address-book\"><\/i>Trg vojvode Be\u0107ir &#8211; Bega Osmanagi\u0107a 16<\/li>\n<li><i class=\"icofont-clock-time\"><\/i>Radno vrijeme izlo\u017ebene galerije: 9-17h radnim danima i subotom od 10 do 18h<\/li>\n<\/ul>","protected":false},"excerpt":{"rendered":"<p>+382 20 633 184 arhiva: +382 20 623 730 prmuzej@t-com.me Facebook :\u00a0Prirodnja\u010dki muzej Crne Gore Instagram:\u00a0Prirodnja\u010dki muzej Crne Gore grupne posjete se zakazuju na info@pmcg.co.me www.pmcg.co.me Trg vojvode Be\u0107ir &#8211; Bega Osmanagi\u0107a 16 Radno vrijeme izlo\u017ebene galerije: 9-17h radnim danima i subotom od 10 do 18h<\/p>","protected":false},"author":1,"featured_media":0,"parent":0,"menu_order":0,"comment_status":"closed","ping_status":"closed","template":"","meta":{"footnotes":""},"class_list":["post-812","page","type-page","status-publish","hentry"],"_links":{"self":[{"href":"https:\/\/pmcg.co.me\/en\/wp-json\/wp\/v2\/pages\/812","targetHints":{"allow":["GET"]}}],"collection":[{"href":"https:\/\/pmcg.co.me\/en\/wp-json\/wp\/v2\/pages"}],"about":[{"href":"https:\/\/pmcg.co.me\/en\/wp-json\/wp\/v2\/types\/page"}],"author":[{"embeddable":true,"href":"https:\/\/pmcg.co.me\/en\/wp-json\/wp\/v2\/users\/1"}],"replies":[{"embeddable":true,"href":"https:\/\/pmcg.co.me\/en\/wp-json\/wp\/v2\/comments?post=812"}],"version-history":[{"count":0,"href":"https:\/\/pmcg.co.me\/en\/wp-json\/wp\/v2\/pages\/812\/revisions"}],"wp:attachment":[{"href":"https:\/\/pmcg.co.me\/en\/wp-json\/wp\/v2\/media?parent=812"}],"curies":[{"name":"wp","href":"https:\/\/api.w.org\/{rel}","templated":true}]}}