{"id":71,"date":"2021-04-06T20:29:49","date_gmt":"2021-04-06T20:29:49","guid":{"rendered":"https:\/\/pmcg.co.me\/?page_id=71"},"modified":"2025-03-28T08:37:12","modified_gmt":"2025-03-28T07:37:12","slug":"javne-informacije","status":"publish","type":"page","link":"https:\/\/pmcg.co.me\/en\/javne-informacije\/","title":{"rendered":"Javne informacije"},"content":{"rendered":"<p><strong>Javna dokumenta:<\/strong><\/p>\n<ul>\n<li><a href=\"https:\/\/pmcg.co.me\/wp-content\/uploads\/2023\/07\/Vodic-PMCG.pdf\" target=\"_blank\" rel=\"noopener\"><strong>Vodi\u010d za pristup informacijama u posjedu JU Prirodnja\u010dki muzej Crne Gore<\/strong><\/a><\/li>\n<li><a href=\"https:\/\/pmcg.co.me\/wp-content\/uploads\/2023\/07\/Spisak-zaposlenih-PMCG.pdf\" target=\"_blank\" rel=\"noopener\"><strong>SPISAK JAVNIH FUNKCIONERA I ZAPOSLENIH U JU\u00a0\u00a0PRIRODNJA\u010cKI MUZEJ CRNE GORE<\/strong><\/a><\/li>\n<li><strong><a href=\"http:\/\/pmcg.co.me\/wp-content\/uploads\/2024\/02\/Izvjestaj-o-uplatama-medijima_compressed.pdf\" target=\"_blank\" rel=\"noopener\">Izvje\u0161taj o uplatama medijima po osnovu ogla\u0161avanja i drugih ugovorenih usluga od strane organa javnog sektora<\/a><\/strong><\/li>\n<li><a href=\"http:\/\/pmcg.co.me\/wp-content\/uploads\/2025\/03\/Izvjestaj-mediji.pdf\" target=\"_blank\" rel=\"noopener\"><strong>Izvje\u0161taj o\u00a0uplatama medijima po osnovu ogla\u0161avanja i drugih ugovorenih usluga od strane subjekata javnog sektora<\/strong><\/a><\/li>\n<\/ul>","protected":false},"excerpt":{"rendered":"<p>Javna dokumenta: Vodi\u010d za pristup informacijama u posjedu JU Prirodnja\u010dki muzej Crne Gore SPISAK JAVNIH FUNKCIONERA I ZAPOSLENIH U JU\u00a0\u00a0PRIRODNJA\u010cKI MUZEJ CRNE GORE Izvje\u0161taj o uplatama medijima po osnovu ogla\u0161avanja i drugih ugovorenih usluga od strane organa javnog sektora Izvje\u0161taj o\u00a0uplatama medijima po osnovu ogla\u0161avanja i drugih ugovorenih usluga od strane subjekata javnog sektora<\/p>","protected":false},"author":1,"featured_media":0,"parent":0,"menu_order":0,"comment_status":"closed","ping_status":"closed","template":"","meta":{"footnotes":""},"class_list":["post-71","page","type-page","status-publish","hentry"],"_links":{"self":[{"href":"https:\/\/pmcg.co.me\/en\/wp-json\/wp\/v2\/pages\/71","targetHints":{"allow":["GET"]}}],"collection":[{"href":"https:\/\/pmcg.co.me\/en\/wp-json\/wp\/v2\/pages"}],"about":[{"href":"https:\/\/pmcg.co.me\/en\/wp-json\/wp\/v2\/types\/page"}],"author":[{"embeddable":true,"href":"https:\/\/pmcg.co.me\/en\/wp-json\/wp\/v2\/users\/1"}],"replies":[{"embeddable":true,"href":"https:\/\/pmcg.co.me\/en\/wp-json\/wp\/v2\/comments?post=71"}],"version-history":[{"count":0,"href":"https:\/\/pmcg.co.me\/en\/wp-json\/wp\/v2\/pages\/71\/revisions"}],"wp:attachment":[{"href":"https:\/\/pmcg.co.me\/en\/wp-json\/wp\/v2\/media?parent=71"}],"curies":[{"name":"wp","href":"https:\/\/api.w.org\/{rel}","templated":true}]}}