{"id":69,"date":"2021-04-06T20:29:40","date_gmt":"2021-04-06T20:29:40","guid":{"rendered":"https:\/\/pmcg.co.me\/?page_id=69"},"modified":"2024-06-11T13:35:24","modified_gmt":"2024-06-11T11:35:24","slug":"organizacija-muzeja","status":"publish","type":"page","link":"https:\/\/pmcg.co.me\/en\/organizacija-muzeja\/","title":{"rendered":"Organizacija muzeja"},"content":{"rendered":"<p><strong>Organi upravljanja<\/strong><\/p>\n<p>Savjet<\/p>\n<p>Na osnovu \u010dlana 10. Statuta JU Prirodnja\u010dki muzej Crne Gore, Prirodnja\u010dkim muzejom upravlja\u00a0Savjet. Savjet utvr\u0111uje poslovnu politiku i programsku koncepciju razvoja; donosi program rada Prirodnja\u010dkog muzeja i program sakupljanja prirodnja\u010dkog materijala.<\/p>\n<p>\u010clanovi Savjeta su:<\/p>\n<p>Dr Du\u0161an Bugarin, predsjednik Savjeta<\/p>\n<p>Mr Sonja Kralj, \u010dlan<\/p>\n<p>Petrica Duleti\u0107, \u010dlan<\/p>\n<p>Tijana Samard\u017ei\u0107, \u010dlan<\/p>\n<p>Branka Tomovi\u0107, \u010dlan<\/p>\n<p>&nbsp;<\/p>\n<p>Direktorica: Dr Natalija \u010ca\u0111enovi\u0107, E-mail:\u00a0direktor@pmcg.co.me<\/p>\n<p>Pomo\u0107nik direktora za muzejske poslove: Dr Marko Karaman, E-mail:\u00a0marko.karaman@pmcg.co.me<\/p>\n<p>&nbsp;<\/p>\n<p><strong>Sektor muzejskih zbirki<\/strong><\/p>\n<p>U Sektoru muzejskih zbirki vr\u0161e se poslovi koji se odnose na: rukovo\u0111enje muzejskim zbirkama; sakupljanje muzejskog materijala; u\u010de\u0161\u0107e u izradi programa sakupljanja muzejskog materijala; istra\u017eivanje u muzejskoj djelatnosti radi valorizacije i prezentacije muzejskog materijala; stru\u010dnu i nau\u010dnu obradu muzejskog materijala kroz identifikaciju, determinaciju, klasifikaciju i kategorizaciju, analizu i opis, vrednovanje i interprentaciju, stru\u010dno i nau\u010dno istra\u017eivanje i dokumentovanje; izradu sinopsisa stalne i povremene izlo\u017ebe muzejskog materijala, kataloga za muzejske izlo\u017ebe; stru\u010dnu obradu podataka iz domena postoje\u0107ih muzejskihzbirki za knjigu ulaza, inventara, kataloga muzejskih predmeta; izradu stru\u010dnih i nau\u010dnih radova; realizovanje predavanja, radionica i drugih programa od interesa za Muzej i za korisnike; poslove prezentacije muzejskog materijala; mati\u010dnu djelatnost . . .<\/p>\n<p><strong>\u00a0<\/strong><\/p>\n<p><strong>Sektor za zajedni<\/strong><strong>\u010dke muzejske i konzervatorsko-preparatorske poslove<\/strong><\/p>\n<p>U ovom sektoru vr\u0161e se poslovi koji se odnose na: formiranje knjiga inventara; dodjeljivanje inventarskih brojeva kod stru\u010dne obrade muzejskih predmeta i reinventarisanja; saradnju sa Muzejskim informacionim centrom na izradi Centralnog kataloga i drugih vrsta muzejske dokumentacije; vo\u0111enje Registra muzejskih kopija; vo\u0111enje knjige ulaza i izlaza muzejskog materijala i pripremu podataka za katalog muzejskog materijala; formiranje i vo\u0111enje dokumentacije o prezentaciji muzejskog materijala u saradnji sa drugim organizacionim jedinicama; preventivnu i trajnu za\u0161titu muzejskog materijala i muzejske dokumentacije; odlaganje novoprispjelog materijala u za to propisan prostor za dezinfekciju, dezinsekciju i deratizaciju; redovnu kontrolu muzejskog materijala u depou i izlo\u017ebenom prostoru za sve muzejske predmete; mjere za\u0161tite muzejskog materijala i dokumentacije, u skladu sa konzervatorskim projektom\/elaboratom za muzejske predmete koji imaju status kulturnog dobra; izradu muzejskih i komercijalnih kopija i druge poslove iz djelokruga rada Muzeja:<\/p>\n<p>&nbsp;<\/p>\n<p><strong>Slu\u017eba za pravne, finansijske i op\u0161te poslove<\/strong><\/p>\n<p>Rukovodilac slu\u017ebe:\u00a0Nata\u0161a MILI\u010cKOVI\u0106,\u00a0 E-mail:\u00a0pravna.sluzba@pmcg.co.me<\/p>\n<p>Slu\u017ebenik za javne nabavke i ra\u010dunovo\u0111a: Dida KAJEVI\u0106\u00a0E-mail:\u00a0finansije@pmcg.co.me<\/p>\n<p>&nbsp;<\/p>\n<style type=\"text\/css\">\r\n\t#foogallery-gallery-711 .fg-image {\r\n        width: 175px;\r\n    }\r\n<\/style>\r\n\t\t\t\t<div class=\"foogallery foogallery-container foogallery-default foogallery-lightbox-foobox fg-gutter-10 fg-center fg-default fg-light fg-border-thin fg-shadow-outline fg-loading-default fg-loaded-fade-in fg-caption-hover fg-hover-fade fg-hover-zoom fg-ready\" id=\"foogallery-gallery-711\" data-foogallery=\"{&quot;item&quot;:{&quot;showCaptionTitle&quot;:true,&quot;showCaptionDescription&quot;:true},&quot;lazy&quot;:true}\" >\r\n\t<div class=\"fg-item fg-type-image fg-idle\"><figure class=\"fg-item-inner\"><a href=\"https:\/\/pmcg.co.me\/wp-content\/uploads\/2023\/06\/Putni-nalozi-29maj-04jun2023.pdf\" data-attachment-id=\"3838\" data-type=\"image\" class=\"fg-thumb\"><span class=\"fg-image-wrap\"><img decoding=\"async\" width=\"175\" height=\"175\" class=\"skip-lazy fg-image\" data-src-fg=\"https:\/\/pmcg.co.me\/wp-content\/uploads\/2023\/06\/Putni-nalozi-29maj-04jun2023.pdf\" src=\"data:image\/svg+xml,%3Csvg%20xmlns%3D%22http%3A%2F%2Fwww.w3.org%2F2000%2Fsvg%22%20width%3D%22175%22%20height%3D%22175%22%20viewBox%3D%220%200%20175%20175%22%3E%3C%2Fsvg%3E\" loading=\"eager\"><\/span><span class=\"fg-image-overlay\"><\/span><\/a><figcaption class=\"fg-caption\"><div class=\"fg-caption-inner\"><\/div><\/figcaption><\/figure><div class=\"fg-loader\"><\/div><\/div><div class=\"fg-item fg-type-image fg-idle\"><figure class=\"fg-item-inner\"><a href=\"https:\/\/pmcg.co.me\/wp-content\/uploads\/2025\/04\/7-Zs.jpg\" data-attachment-id=\"5151\" data-type=\"image\" class=\"fg-thumb\"><span class=\"fg-image-wrap\"><img decoding=\"async\" width=\"175\" height=\"175\" class=\"skip-lazy fg-image\" data-src-fg=\"https:\/\/pmcg.co.me\/wp-content\/uploads\/cache\/2025\/04\/7-Zs\/676713233.jpg\" src=\"data:image\/svg+xml,%3Csvg%20xmlns%3D%22http%3A%2F%2Fwww.w3.org%2F2000%2Fsvg%22%20width%3D%22175%22%20height%3D%22175%22%20viewBox%3D%220%200%20175%20175%22%3E%3C%2Fsvg%3E\" loading=\"eager\"><\/span><span class=\"fg-image-overlay\"><\/span><\/a><figcaption class=\"fg-caption\"><div class=\"fg-caption-inner\"><\/div><\/figcaption><\/figure><div class=\"fg-loader\"><\/div><\/div><div class=\"fg-item fg-type-image fg-idle\"><figure class=\"fg-item-inner\"><a href=\"https:\/\/pmcg.co.me\/wp-content\/uploads\/2021\/09\/Otvaranje-442.jpg\" data-attachment-id=\"1919\" data-type=\"image\" class=\"fg-thumb\"><span class=\"fg-image-wrap\"><img decoding=\"async\" width=\"175\" height=\"175\" class=\"skip-lazy fg-image\" data-src-fg=\"https:\/\/pmcg.co.me\/wp-content\/uploads\/cache\/2021\/09\/Otvaranje-442\/3641904948.jpg\" src=\"data:image\/svg+xml,%3Csvg%20xmlns%3D%22http%3A%2F%2Fwww.w3.org%2F2000%2Fsvg%22%20width%3D%22175%22%20height%3D%22175%22%20viewBox%3D%220%200%20175%20175%22%3E%3C%2Fsvg%3E\" loading=\"eager\"><\/span><span class=\"fg-image-overlay\"><\/span><\/a><figcaption class=\"fg-caption\"><div class=\"fg-caption-inner\"><\/div><\/figcaption><\/figure><div class=\"fg-loader\"><\/div><\/div><\/div>","protected":false},"excerpt":{"rendered":"<p>Organi upravljanja Savjet Na osnovu \u010dlana 10. Statuta JU Prirodnja\u010dki muzej Crne Gore, Prirodnja\u010dkim muzejom upravlja\u00a0Savjet. Savjet utvr\u0111uje poslovnu politiku i programsku koncepciju razvoja; donosi program rada Prirodnja\u010dkog muzeja i program sakupljanja prirodnja\u010dkog materijala. \u010clanovi Savjeta su: Dr Du\u0161an Bugarin, predsjednik Savjeta Mr Sonja Kralj, \u010dlan Petrica Duleti\u0107, \u010dlan Tijana Samard\u017ei\u0107, \u010dlan Branka Tomovi\u0107, \u010dlan [&hellip;]<\/p>","protected":false},"author":1,"featured_media":0,"parent":0,"menu_order":0,"comment_status":"closed","ping_status":"closed","template":"","meta":{"footnotes":""},"class_list":["post-69","page","type-page","status-publish","hentry"],"_links":{"self":[{"href":"https:\/\/pmcg.co.me\/en\/wp-json\/wp\/v2\/pages\/69","targetHints":{"allow":["GET"]}}],"collection":[{"href":"https:\/\/pmcg.co.me\/en\/wp-json\/wp\/v2\/pages"}],"about":[{"href":"https:\/\/pmcg.co.me\/en\/wp-json\/wp\/v2\/types\/page"}],"author":[{"embeddable":true,"href":"https:\/\/pmcg.co.me\/en\/wp-json\/wp\/v2\/users\/1"}],"replies":[{"embeddable":true,"href":"https:\/\/pmcg.co.me\/en\/wp-json\/wp\/v2\/comments?post=69"}],"version-history":[{"count":0,"href":"https:\/\/pmcg.co.me\/en\/wp-json\/wp\/v2\/pages\/69\/revisions"}],"wp:attachment":[{"href":"https:\/\/pmcg.co.me\/en\/wp-json\/wp\/v2\/media?parent=69"}],"curies":[{"name":"wp","href":"https:\/\/api.w.org\/{rel}","templated":true}]}}