{"id":63,"date":"2021-04-06T20:28:45","date_gmt":"2021-04-06T20:28:45","guid":{"rendered":"https:\/\/pmcg.co.me\/?page_id=63"},"modified":"2022-07-22T09:45:40","modified_gmt":"2022-07-22T07:45:40","slug":"posebna-izdanja","status":"publish","type":"page","link":"https:\/\/pmcg.co.me\/en\/posebna-izdanja\/","title":{"rendered":"Posebna izdanja"},"content":{"rendered":"<p>Prirodnja\u010dki muzej Crne Gore, uz redovno publikovanje nau\u010dnog i nau\u010dno-popularnog \u010dasopisa \u201eNatura Montenegrina\u201c objavljuje i ediciju \u201ePosebna izdanja\u201c koja uklju\u010duje monografije, bibliografije, izdanja posve\u0107ena odre\u0111enoj li\u010dnosti i sli\u010dno. Od prve \u2013 zbornika povodom 80-godi\u0161njice ro\u0111enja Danijela Vinceka \u2013 do danas objavljeno je sedam naslova.<\/p>\n<p>Tira\u017e ve\u0107ine publikacije je podijeljen odgovaraju\u0107im institucijama, bibliotekama i pojedincima. Primjerci za \u010ditanje su dostupni u biblioteci Prirodnja\u010dkog muzeja.<\/p>\n<p>1.Daniel Vincek &#8211; Zbornik povodom 80.\u00a0 ro\u0111endana, 2006, 230 pp.<\/p>\n<p>2.Pulevi\u0107, V. 2006: Botani\u010dari i Crna Gora, 458 pp.<\/p>\n<p>3.Dragi\u0107evi\u0107, S. i Velji\u0107, M.\u00a0 2006: \u00a0Pregled mahovina Crne Gore 111 pp.<\/p>\n<p>U radu je prikazano 729 taksona, i to 569 vrsta, 9 podvrsta, 121 varijeteta i 30 formi, grupisanih u 20 redova, 70 familija i 193 roda.<\/p>\n<p>4.Mari\u0107, D. 2010: Bibliografija o ribarsko-ihtiolo\u0161kim istra\u017eivanjima u slatkim vodama Crne Gore, \u00a0140 pp.<\/p>\n<p>5.\u0106ulafi\u0107, G. 2008: Lista Hippuritoida (Bivalvia) Crne Gore, 112 pp.<\/p>\n<p>Knjiga predstavlja listu Hippuritoida (Bivalvia) iz mezozojskih sedimenata Jadranske i Dinarske karbonatne platforme Crne Gore od po\u010detka pro\u0161log vijeka pa do danas.<\/p>\n<p>6.Bubanja, N. 2020: Vodene i mo\u010dvarne biljke, 82 pp. &#8211; Prirodnja\u010dki muzej Crne Gore, Posebna izdanja, knjiga br. 6, pp<\/p>\n<p>7.\u010ca\u0111enovi\u0107, N. i Karaman, M. (Urednici) 2021: Prirodnja\u010dki muzej Crne Gore &#8211; \u010detvrt vijeka od osnivanja. &#8211; Prirodnja\u010dki muzej Crne Gore, Posebna izdanja, knjiga br. 7, 44 pp. Podgorica, maj 2021.<\/p>\n<p>8. \u010ca\u0111enovi\u0107 Natalija (Ur.) 2022:\u00a0 26 GODINA O\u010cUVANJA PRIRODNOG BOGATSTVA CRNE GORE. &#8211; Prirodnja\u010dki muzej Crne Gore, Posebna izdanja, knjiga br. 8, 102 pp. Podgorica.<\/p>\n<ol>\n<li>ISBN 86-907229-2-0\u00a0 \u00a0 \u00a0 \u00a0 \u00a0 \u00a0 \u00a0 \u00a0 \u00a0 \u00a0 \u00a0 \u00a0 \u00a0 \u00a0 \u00a0 \u00a0 \u00a0 \u00a0COBISS.CG-ID 10342416<\/li>\n<li>ISBN 86-908729-1-4\u00a0 \u00a0 \u00a0 \u00a0 \u00a0 \u00a0 \u00a0 \u00a0 \u00a0 \u00a0 \u00a0 \u00a0 \u00a0 \u00a0 \u00a0 \u00a0 \u00a0 \u00a0COBISS.CG-ID 10875152<\/li>\n<li>ISBN 86-908729-0-6\u00a0 \u00a0 \u00a0 \u00a0 \u00a0 \u00a0 \u00a0 \u00a0 \u00a0 \u00a0 \u00a0 \u00a0 \u00a0 \u00a0 \u00a0 \u00a0 \u00a0 \u00a0COBISS.CG-ID 10585872<\/li>\n<li>ISBN 978-86-908729-3-0\u00a0 \u00a0 \u00a0 \u00a0 \u00a0 \u00a0 \u00a0 \u00a0 \u00a0 \u00a0 \u00a0 \u00a0 \u00a0 COBISS. CG-ID 15472912<\/li>\n<li>ISBN 978-86-908729-2-3\u00a0 \u00a0 \u00a0 \u00a0 \u00a0 \u00a0 \u00a0 \u00a0 \u00a0 \u00a0 \u00a0 \u00a0 \u00a0 COBISS.CG-ID 14044176<\/li>\n<li>ISBN 978 \u2013 9940 \u2013 759 \u2013 01 \u2013 8\u00a0 \u00a0 \u00a0 \u00a0 \u00a0 \u00a0 \u00a0 COBISS.CG \u2013 ID 15968772<\/li>\n<li>ISBN 978-9940-759-02-5\u00a0 \u00a0 \u00a0 \u00a0 \u00a0 \u00a0 \u00a0 \u00a0 \u00a0 \u00a0 \u00a0 \u00a0 \u00a0 COBISS.CG-ID 17444868<\/li>\n<li>ISBN 978-9940-759-03-2\u00a0 \u00a0 \u00a0 \u00a0 \u00a0 \u00a0 \u00a0 \u00a0 \u00a0 \u00a0 \u00a0 \u00a0 \u00a0 COBISS.CG-ID 20843780<\/li>\n<\/ol>\n<style type=\"text\/css\">\r\n\t#foogallery-gallery-1478 .fg-image {\r\n        width: 150px;\r\n    }\r\n<\/style>\r\n\t\t\t\t<div class=\"foogallery foogallery-container foogallery-default foogallery-lightbox-foobox fg-gutter-10 fg-center fg-default fg-light fg-border-thin fg-shadow-outline fg-loading-default fg-loaded-fade-in fg-caption-hover fg-hover-fade fg-hover-zoom fg-ready\" id=\"foogallery-gallery-1478\" data-foogallery=\"{&quot;item&quot;:{&quot;showCaptionTitle&quot;:true,&quot;showCaptionDescription&quot;:true},&quot;lazy&quot;:true}\" >\r\n\t<div class=\"fg-item fg-type-image fg-idle\"><figure class=\"fg-item-inner\"><a href=\"https:\/\/pmcg.co.me\/wp-content\/uploads\/2023\/06\/Putni-nalozi-29maj-04jun2023.pdf\" data-attachment-id=\"3838\" data-type=\"image\" class=\"fg-thumb\"><span class=\"fg-image-wrap\"><img decoding=\"async\" width=\"150\" height=\"150\" class=\"skip-lazy fg-image\" data-src-fg=\"https:\/\/pmcg.co.me\/wp-content\/uploads\/2023\/06\/Putni-nalozi-29maj-04jun2023.pdf\" src=\"data:image\/svg+xml,%3Csvg%20xmlns%3D%22http%3A%2F%2Fwww.w3.org%2F2000%2Fsvg%22%20width%3D%22150%22%20height%3D%22150%22%20viewBox%3D%220%200%20150%20150%22%3E%3C%2Fsvg%3E\" loading=\"eager\"><\/span><span class=\"fg-image-overlay\"><\/span><\/a><figcaption class=\"fg-caption\"><div class=\"fg-caption-inner\"><\/div><\/figcaption><\/figure><div class=\"fg-loader\"><\/div><\/div><div class=\"fg-item fg-type-image fg-idle\"><figure class=\"fg-item-inner\"><a href=\"https:\/\/pmcg.co.me\/wp-content\/uploads\/2025\/04\/7-Zs.jpg\" data-attachment-id=\"5151\" data-type=\"image\" class=\"fg-thumb\"><span class=\"fg-image-wrap\"><img decoding=\"async\" width=\"150\" height=\"150\" class=\"skip-lazy fg-image\" data-src-fg=\"https:\/\/pmcg.co.me\/wp-content\/uploads\/cache\/2025\/04\/7-Zs\/2588147223.jpg\" src=\"data:image\/svg+xml,%3Csvg%20xmlns%3D%22http%3A%2F%2Fwww.w3.org%2F2000%2Fsvg%22%20width%3D%22150%22%20height%3D%22150%22%20viewBox%3D%220%200%20150%20150%22%3E%3C%2Fsvg%3E\" loading=\"eager\"><\/span><span class=\"fg-image-overlay\"><\/span><\/a><figcaption class=\"fg-caption\"><div class=\"fg-caption-inner\"><\/div><\/figcaption><\/figure><div class=\"fg-loader\"><\/div><\/div><div class=\"fg-item fg-type-image fg-idle\"><figure class=\"fg-item-inner\"><a href=\"https:\/\/pmcg.co.me\/wp-content\/uploads\/2021\/09\/Otvaranje-442.jpg\" data-attachment-id=\"1919\" data-type=\"image\" class=\"fg-thumb\"><span class=\"fg-image-wrap\"><img decoding=\"async\" width=\"150\" height=\"150\" class=\"skip-lazy fg-image\" data-src-fg=\"https:\/\/pmcg.co.me\/wp-content\/uploads\/cache\/2021\/09\/Otvaranje-442\/106794686.jpg\" src=\"data:image\/svg+xml,%3Csvg%20xmlns%3D%22http%3A%2F%2Fwww.w3.org%2F2000%2Fsvg%22%20width%3D%22150%22%20height%3D%22150%22%20viewBox%3D%220%200%20150%20150%22%3E%3C%2Fsvg%3E\" loading=\"eager\"><\/span><span class=\"fg-image-overlay\"><\/span><\/a><figcaption class=\"fg-caption\"><div class=\"fg-caption-inner\"><\/div><\/figcaption><\/figure><div class=\"fg-loader\"><\/div><\/div><\/div>\r\n\n<p>&nbsp;<\/p>","protected":false},"excerpt":{"rendered":"<p>Prirodnja\u010dki muzej Crne Gore, uz redovno publikovanje nau\u010dnog i nau\u010dno-popularnog \u010dasopisa \u201eNatura Montenegrina\u201c objavljuje i ediciju \u201ePosebna izdanja\u201c koja uklju\u010duje monografije, bibliografije, izdanja posve\u0107ena odre\u0111enoj li\u010dnosti i sli\u010dno. Od prve \u2013 zbornika povodom 80-godi\u0161njice ro\u0111enja Danijela Vinceka \u2013 do danas objavljeno je sedam naslova. Tira\u017e ve\u0107ine publikacije je podijeljen odgovaraju\u0107im institucijama, bibliotekama i pojedincima. Primjerci [&hellip;]<\/p>","protected":false},"author":1,"featured_media":0,"parent":0,"menu_order":0,"comment_status":"closed","ping_status":"closed","template":"","meta":{"footnotes":""},"class_list":["post-63","page","type-page","status-publish","hentry"],"_links":{"self":[{"href":"https:\/\/pmcg.co.me\/en\/wp-json\/wp\/v2\/pages\/63","targetHints":{"allow":["GET"]}}],"collection":[{"href":"https:\/\/pmcg.co.me\/en\/wp-json\/wp\/v2\/pages"}],"about":[{"href":"https:\/\/pmcg.co.me\/en\/wp-json\/wp\/v2\/types\/page"}],"author":[{"embeddable":true,"href":"https:\/\/pmcg.co.me\/en\/wp-json\/wp\/v2\/users\/1"}],"replies":[{"embeddable":true,"href":"https:\/\/pmcg.co.me\/en\/wp-json\/wp\/v2\/comments?post=63"}],"version-history":[{"count":0,"href":"https:\/\/pmcg.co.me\/en\/wp-json\/wp\/v2\/pages\/63\/revisions"}],"wp:attachment":[{"href":"https:\/\/pmcg.co.me\/en\/wp-json\/wp\/v2\/media?parent=63"}],"curies":[{"name":"wp","href":"https:\/\/api.w.org\/{rel}","templated":true}]}}