{"id":624,"date":"2021-04-06T20:24:57","date_gmt":"2021-04-06T20:24:57","guid":{"rendered":"https:\/\/pmcg.co.me\/?page_id=27"},"modified":"2025-06-20T09:06:47","modified_gmt":"2025-06-20T07:06:47","slug":"stalna-postavka-virtuelna-tura","status":"publish","type":"page","link":"https:\/\/pmcg.co.me\/en\/stalna-postavka-virtuelna-tura\/","title":{"rendered":"Stalna postavka"},"content":{"rendered":"<p>&nbsp;<\/p>\n<p>U izlo\u017ebenoj galeriji Prirodnja\u010dkog muzeja Crne Gore otvorena je izlo\u017eba \u201cKad priroda pri\u010da\u201d. Doga\u0111aj je uprili\u010den u sklopu me\u0111unarodne manifestacije Dani i no\u0107 muzeja, kojom je obuhva\u0107eno 13 crnogorskih gradova.<\/p>\n<p>Izlo\u017ebu je otvorio tada\u0161nji ministar kulture Aleksandar Bogdanovi\u0107, koji je istakao kako izlo\u017eba daje uvid u prirodnu posebnost crnogorskog podneblja.<\/p>\n<p>\u201cU najmanju ruku je nerealno da svijet prepozna zna\u010daj na\u0161eg prirodnog potencijala ako mi sami nijesmo upoznati sa njim do kraja, a prije svega \u2013 ako se prema njemu ne odnosimo sa posebnom odgovorno\u0161\u0107u. Zato Prirodnja\u010dki muzej sa svojim zbirkama jeste mjesto koje mora imati jednu od va\u017enijih uloga u procesima informisanja i edukovanja, ali i mjesto koje \u0107e svojim programima usmjeravati javno mnjenje ka aktuelnim problemima o\u010duvanja prirodne ba\u0161tine\u201d \u2013 kazao je on.<\/p>\n<p>Izlo\u017eba \u201cKad priroda pri\u010da\u201d predstavlja svojevrstan prikaz, kako fosilnih tako i recentnih predstavnika \u017eivog svijeta sa podru\u010dja Crne Gore. Njome je objedinjen materijal iz svih 15 zbirki Prirodnja\u010dkog muzeja, zahvaljuju\u0107i \u010demu posjetioci imaju priliku da se upoznaju sa bogatstvom biodiverziteta i geodiverziteta na\u0161e dr\u017eave. Autori ove izlo\u017ebe su bili tada\u0161nji kustosi Goran \u0106ulafi\u0107, Lidija Polovi\u0107, Natalija \u010ca\u0111enovi\u0107, Nada Bubanja, Katarina Burzanovi\u0107, Marko Karaman, Andrej Vizi, \u010ceda Ivanovi\u0107, Sne\u017eana Dragi\u0107evi\u0107, Sne\u017eana Vuksanovi\u0107, Suzana Malid\u017ean, Ilinka \u0106etkovi\u0107, Vera Biberd\u017ei\u0107, Branka Tomovi\u0107 i Dubravka Be\u0161i\u0107.<\/p>\n<p>Izlo\u017eba je vremenom prerasla u stalnu postavku muzeja, \u010diji se sadr\u017eaji kontinuirano dopunjuju i pro\u0161iruju , pa je tako u decembru 2020. postala bogatija za nekoliko modela uve\u0107anih beski\u010dmenjaka, a od marta 2021. je i mjesto gdje se mo\u017ee vidjeti terarijum sa \u017eivom jedinkom zmije Boa.<\/p>\n<p>U izlo\u017ebenom prostoru se od marta 2021. godine, na svakih nekoliko mjeseci smjenjuju tematske izlo\u017ebe, gostuju\u0107e izlo\u017ebe, odr\u017eavaju se radionice, manifestacije i predavanja.<\/p>\n<p>Izlo\u017ebena galerija je otvorena za posjete radnim danima (ponedjeljak-petak) od 9 do 17 \u010dasova,a subotom od 10 do 18h.<\/p>\n<p>DOBRO DO\u0160LI!!<\/p>\n<p><strong><span style=\"color: #993300;\">ZBOG NEDOSTATKA IZLO\u017dBENOG PROSTORA, STALNA POSTAVKA TRENUTNO NIJE DOSTUPNA. <\/span><\/strong><strong><span style=\"color: #993300;\">ZA INFORMACIJE \u0160TA JE TRENUTNO U GALERIJI PRATITE NAJNOVIJE OBJAVE NA<\/span><\/strong> <a href=\"https:\/\/pmcg.co.me\/en\/category\/realizovane-izlozbe\/\" target=\"_blank\" rel=\"noopener\">https:\/\/pmcg.co.me\/category\/realizovane-izlozbe\/ <\/a>kao i objave na na\u0161oj Facebook i Instagram stranici.<\/p>\n<style type=\"text\/css\">\r\n\t#foogallery-gallery-691 .fg-image {\r\n        width: 175px;\r\n    }\r\n<\/style>\r\n\t\t\t\t<div class=\"foogallery foogallery-container foogallery-default foogallery-lightbox-foobox fg-gutter-10 fg-center fg-default fg-light fg-border-thin fg-shadow-outline fg-loading-default fg-loaded-fade-in fg-caption-hover fg-hover-fade fg-hover-zoom fg-ready\" id=\"foogallery-gallery-691\" data-foogallery=\"{&quot;item&quot;:{&quot;showCaptionTitle&quot;:true,&quot;showCaptionDescription&quot;:true},&quot;lazy&quot;:true}\" >\r\n\t<div class=\"fg-item fg-type-image fg-idle\"><figure class=\"fg-item-inner\"><a href=\"https:\/\/pmcg.co.me\/wp-content\/uploads\/2023\/06\/Putni-nalozi-29maj-04jun2023.pdf\" data-attachment-id=\"3838\" data-type=\"image\" class=\"fg-thumb\"><span class=\"fg-image-wrap\"><img decoding=\"async\" width=\"175\" height=\"175\" class=\"skip-lazy fg-image\" data-src-fg=\"https:\/\/pmcg.co.me\/wp-content\/uploads\/2023\/06\/Putni-nalozi-29maj-04jun2023.pdf\" src=\"data:image\/svg+xml,%3Csvg%20xmlns%3D%22http%3A%2F%2Fwww.w3.org%2F2000%2Fsvg%22%20width%3D%22175%22%20height%3D%22175%22%20viewBox%3D%220%200%20175%20175%22%3E%3C%2Fsvg%3E\" loading=\"eager\"><\/span><span class=\"fg-image-overlay\"><\/span><\/a><figcaption class=\"fg-caption\"><div class=\"fg-caption-inner\"><\/div><\/figcaption><\/figure><div class=\"fg-loader\"><\/div><\/div><div class=\"fg-item fg-type-image fg-idle\"><figure class=\"fg-item-inner\"><a href=\"https:\/\/pmcg.co.me\/wp-content\/uploads\/2025\/04\/7-Zs.jpg\" data-attachment-id=\"5151\" data-type=\"image\" class=\"fg-thumb\"><span class=\"fg-image-wrap\"><img decoding=\"async\" width=\"175\" height=\"175\" class=\"skip-lazy fg-image\" data-src-fg=\"https:\/\/pmcg.co.me\/wp-content\/uploads\/cache\/2025\/04\/7-Zs\/1007979767.jpg\" src=\"data:image\/svg+xml,%3Csvg%20xmlns%3D%22http%3A%2F%2Fwww.w3.org%2F2000%2Fsvg%22%20width%3D%22175%22%20height%3D%22175%22%20viewBox%3D%220%200%20175%20175%22%3E%3C%2Fsvg%3E\" loading=\"eager\"><\/span><span class=\"fg-image-overlay\"><\/span><\/a><figcaption class=\"fg-caption\"><div class=\"fg-caption-inner\"><\/div><\/figcaption><\/figure><div class=\"fg-loader\"><\/div><\/div><div class=\"fg-item fg-type-image fg-idle\"><figure class=\"fg-item-inner\"><a href=\"https:\/\/pmcg.co.me\/wp-content\/uploads\/2021\/09\/Otvaranje-442.jpg\" data-attachment-id=\"1919\" data-type=\"image\" class=\"fg-thumb\"><span class=\"fg-image-wrap\"><img decoding=\"async\" width=\"175\" height=\"175\" class=\"skip-lazy fg-image\" data-src-fg=\"https:\/\/pmcg.co.me\/wp-content\/uploads\/cache\/2021\/09\/Otvaranje-442\/1711417471.jpg\" src=\"data:image\/svg+xml,%3Csvg%20xmlns%3D%22http%3A%2F%2Fwww.w3.org%2F2000%2Fsvg%22%20width%3D%22175%22%20height%3D%22175%22%20viewBox%3D%220%200%20175%20175%22%3E%3C%2Fsvg%3E\" loading=\"eager\"><\/span><span class=\"fg-image-overlay\"><\/span><\/a><figcaption class=\"fg-caption\"><div class=\"fg-caption-inner\"><\/div><\/figcaption><\/figure><div class=\"fg-loader\"><\/div><\/div><\/div>\r\n\n<p>&nbsp;<\/p>","protected":false},"excerpt":{"rendered":"<p>&nbsp; U izlo\u017ebenoj galeriji Prirodnja\u010dkog muzeja Crne Gore otvorena je izlo\u017eba \u201cKad priroda pri\u010da\u201d. Doga\u0111aj je uprili\u010den u sklopu me\u0111unarodne manifestacije Dani i no\u0107 muzeja, kojom je obuhva\u0107eno 13 crnogorskih gradova. Izlo\u017ebu je otvorio tada\u0161nji ministar kulture Aleksandar Bogdanovi\u0107, koji je istakao kako izlo\u017eba daje uvid u prirodnu posebnost crnogorskog podneblja. \u201cU najmanju ruku je [&hellip;]<\/p>","protected":false},"author":1,"featured_media":3655,"parent":0,"menu_order":0,"comment_status":"closed","ping_status":"closed","template":"","meta":{"footnotes":""},"class_list":["post-624","page","type-page","status-publish","has-post-thumbnail","hentry"],"_links":{"self":[{"href":"https:\/\/pmcg.co.me\/en\/wp-json\/wp\/v2\/pages\/624","targetHints":{"allow":["GET"]}}],"collection":[{"href":"https:\/\/pmcg.co.me\/en\/wp-json\/wp\/v2\/pages"}],"about":[{"href":"https:\/\/pmcg.co.me\/en\/wp-json\/wp\/v2\/types\/page"}],"author":[{"embeddable":true,"href":"https:\/\/pmcg.co.me\/en\/wp-json\/wp\/v2\/users\/1"}],"replies":[{"embeddable":true,"href":"https:\/\/pmcg.co.me\/en\/wp-json\/wp\/v2\/comments?post=624"}],"version-history":[{"count":0,"href":"https:\/\/pmcg.co.me\/en\/wp-json\/wp\/v2\/pages\/624\/revisions"}],"wp:featuredmedia":[{"embeddable":true,"href":"https:\/\/pmcg.co.me\/en\/wp-json\/wp\/v2\/media\/3655"}],"wp:attachment":[{"href":"https:\/\/pmcg.co.me\/en\/wp-json\/wp\/v2\/media?parent=624"}],"curies":[{"name":"wp","href":"https:\/\/api.w.org\/{rel}","templated":true}]}}