{"id":59,"date":"2021-04-06T20:27:45","date_gmt":"2021-04-06T20:27:45","guid":{"rendered":"https:\/\/pmcg.co.me\/?page_id=59"},"modified":"2025-03-11T09:25:51","modified_gmt":"2025-03-11T08:25:51","slug":"uredivacki-odbor","status":"publish","type":"page","link":"https:\/\/pmcg.co.me\/en\/uredivacki-odbor\/","title":{"rendered":"Ure\u0111iva\u010dki odbor"},"content":{"rendered":"<h2>EDITORIAL BOARD<\/h2>\n<p>&#8220;Natura Montenegrina&#8221; journal for science and popular science<br \/>\nIZDAVA\u010c: Prirodnja\u010dki muzej Crne Gore<br \/>\nPUBLISHED BY: Natural History Museum of Montenegro<\/p>\n<p>Editors in chief &#8211; Glavni urednik: Dr Marko KARAMAN<\/p>\n<p>Managing Editor: Dr Natalija \u010cA\u0110ENOVI\u0106<\/p>\n<p>Tehni\u010dki urednik &#8211; Technical editor &#8211; Suzana MALID\u017dAN MSc<\/p>\n<table style=\"height: 517px;\" width=\"793\">\n<tbody>\n<tr>\n<td>REDAKCIJA &#8211; EDITORIAL<\/td>\n<td width=\"231\"><strong>\u00a0<\/strong><\/td>\n<\/tr>\n<tr>\n<td>Akad. Prof. Dr Gordan Karaman<\/p>\n<p>Prof. Dr Sreten Mandi\u0107<\/p>\n<p>Prof. Dr Drago Mari\u0107<\/p>\n<p>Prof. Dr Vlado Pe\u0161i\u0107<\/p>\n<p>prof. Dr Danka Petrovi\u0107<\/p>\n<p>Ondrej Vizi<\/p>\n<p>Dr Marko Karaman<\/p>\n<p>Suzana Brajovi\u0107 M.Sc.<\/p>\n<p>Dr Gordana Kasom<\/td>\n<td width=\"231\">Prof. Mag. Dr. Helmut Mayrhofer<\/p>\n<p>Dr Carmen Gache<\/p>\n<p>Prof. Dr Vlade Matevski<\/p>\n<p>Dr Vedran \u0160egota<\/p>\n<p>Dr Ivo Karaman<\/p>\n<p>Dr Beata Pap<\/p>\n<p>Dr Alireza Saboori<\/p>\n<p>Gregor Bra\u010dko<\/td>\n<\/tr>\n<\/tbody>\n<\/table>\n<p>Elektronska obrada diska \/Electronic arrangement of CD ROM:\u00a0Sreten \u0160\u0107epanovi\u0107,\u00a0Marko Karaman<br \/>\nDizajn logoa \/ Logo designer:\u00a0Lazar Jakovljevi\u0107<br \/>\nON LINE EDITION:\u00a0http:\/\/pmcg.co.me\/natura-montenegrina\/<\/p>\n<p>ISSN 1451-5776 CD-Rom edition<br \/>\nISSN 1800-7155 On line edition<\/p>\n<p>adresa za kontakt i razmjenu \/ address for contact and exchange:<\/p>\n<p>Prirodnja\u010dki muzej Crne Gore<br \/>\nNATURAL HISTORY MUSEUM OF MONTENEGRO<br \/>\nP.O. Box 374, 81000 Podgorica, Crna Gora (Montenegro)<br \/>\nE-mail: natura@pmcg.co.me<\/p>\n<p>&nbsp;<\/p>","protected":false},"excerpt":{"rendered":"<p>EDITORIAL BOARD &#8220;Natura Montenegrina&#8221; journal for science and popular science IZDAVA\u010c: Prirodnja\u010dki muzej Crne Gore PUBLISHED BY: Natural History Museum of Montenegro Editors in chief &#8211; Glavni urednik: Dr Marko KARAMAN Managing Editor: Dr Natalija \u010cA\u0110ENOVI\u0106 Tehni\u010dki urednik &#8211; Technical editor &#8211; Suzana MALID\u017dAN MSc REDAKCIJA &#8211; EDITORIAL \u00a0 Akad. Prof. Dr Gordan Karaman Prof. [&hellip;]<\/p>","protected":false},"author":1,"featured_media":0,"parent":0,"menu_order":0,"comment_status":"closed","ping_status":"closed","template":"","meta":{"footnotes":""},"class_list":["post-59","page","type-page","status-publish","hentry"],"_links":{"self":[{"href":"https:\/\/pmcg.co.me\/en\/wp-json\/wp\/v2\/pages\/59","targetHints":{"allow":["GET"]}}],"collection":[{"href":"https:\/\/pmcg.co.me\/en\/wp-json\/wp\/v2\/pages"}],"about":[{"href":"https:\/\/pmcg.co.me\/en\/wp-json\/wp\/v2\/types\/page"}],"author":[{"embeddable":true,"href":"https:\/\/pmcg.co.me\/en\/wp-json\/wp\/v2\/users\/1"}],"replies":[{"embeddable":true,"href":"https:\/\/pmcg.co.me\/en\/wp-json\/wp\/v2\/comments?post=59"}],"version-history":[{"count":0,"href":"https:\/\/pmcg.co.me\/en\/wp-json\/wp\/v2\/pages\/59\/revisions"}],"wp:attachment":[{"href":"https:\/\/pmcg.co.me\/en\/wp-json\/wp\/v2\/media?parent=59"}],"curies":[{"name":"wp","href":"https:\/\/api.w.org\/{rel}","templated":true}]}}