{"id":5454,"date":"2025-10-17T10:14:49","date_gmt":"2025-10-17T08:14:49","guid":{"rendered":"https:\/\/pmcg.co.me\/?page_id=5454"},"modified":"2026-02-01T17:25:04","modified_gmt":"2026-02-01T16:25:04","slug":"ismm2025","status":"publish","type":"page","link":"https:\/\/pmcg.co.me\/en\/ismm2025\/","title":{"rendered":"ISMM2025 &#8211; Prvi simpozijum muzeologa Crne Gore"},"content":{"rendered":"<p style=\"text-align: center;\"><a href=\"http:\/\/pmcg.co.me\/wp-content\/uploads\/2025\/10\/ISMM-1s.jpg\"><img loading=\"lazy\" decoding=\"async\" class=\"aligncenter wp-image-5494 size-full\" src=\"http:\/\/pmcg.co.me\/wp-content\/uploads\/2025\/10\/ISMM-1s.jpg\" alt=\"\" width=\"758\" height=\"585\" srcset=\"https:\/\/pmcg.co.me\/wp-content\/uploads\/2025\/10\/ISMM-1s.jpg 758w, https:\/\/pmcg.co.me\/wp-content\/uploads\/2025\/10\/ISMM-1s-300x232.jpg 300w, https:\/\/pmcg.co.me\/wp-content\/uploads\/2025\/10\/ISMM-1s-16x12.jpg 16w\" sizes=\"auto, (max-width: 758px) 100vw, 758px\" \/><\/a><\/p>\n<p><span style=\"color: #ffffff;\">Prirodnja\u010dki muzej Crne Gore, povodom 30 godina od osnivanja, organizovao je<\/span><\/p>\n<h4><span style=\"color: #ffff99;\"><strong>Prvi simpozijum muzeologa Crne Gore sa me\u0111unarodnim u\u010de\u0161\u0107em &#8211; ISMM 1<sup>st<\/sup><\/strong><\/span><\/h4>\n<p><span style=\"color: #ffffff;\">Simpozijum je odr\u017ean u <strong>Petrovcu<\/strong>, u hotelu \u201ePalas\u201c, od <strong>2. do 4. oktobra 2025. godine. <\/strong>U\u010destvovalo je preko <strong>70 muzeologa<\/strong> i srodnih stru\u010dnjaka iz <strong>Slovenije, Hrvatske, Srbije, Sjeverne Makedonije, Gr\u010dke i Crne Gore<\/strong>.<\/span><\/p>\n<p><span style=\"color: #ffffff;\">Teme, odnosno sesije Simpozijuma su:<\/span><\/p>\n<ul>\n<li><span style=\"color: #ffffff;\">Promijenjene\/nove uloge muzeja u savremenom dru\u0161tvu \u2013 prilago\u0111avanje novoj ICOM definiciji muzeja &#8211; raznolikost, jednakost, inkluzivnost (uklju\u010divost) i pristupa\u010dnost;<\/span><\/li>\n<li><span style=\"color: #ffffff;\">Kultura i odr\u017eivi razvoj, uloga\/upotreba muzejskih kolekcija za odr\u017eivi razvoj;<\/span><\/li>\n<li><span style=\"color: #ffffff;\">Inovativna partnerstva i nove saradnje u susret globalnim izazovima;<\/span><\/li>\n<li><span style=\"color: #ffffff;\">Arhitektura muzeja, dizajn izlo\u017ebenih postavki, upotreba novih tehnologija i AI u muzejima; tehnolo\u0161ke transformacije i novi tipovi deponovanja\u00a0<\/span><span style=\"color: #ffffff;\">muzejskih predmeta;<\/span><\/li>\n<\/ul>\n<p><span style=\"color: #ff99cc;\">Vi\u0161e informacija o samom doga\u0111aju i njegovoj pripremi mo\u017eete na\u0107i na <a style=\"color: #ff99cc;\" href=\"https:\/\/ismm.pmcg.co.me\/\" target=\"_blank\" rel=\"noopener\">https:\/\/ismm.pmcg.co.me\/<\/a>, kao i na Facebook i Instagram nalogu Prirodnja\u010dkog muzeja Crne Gore.<\/span><\/p>\n<p><span style=\"color: #ffff99;\">The Natural History Museum of Montenegro, on the occasion of its 30th anniversary, organized 1st International Symposium of Museologists of Montenegro. The symposium was held in Petrovac, at the &#8220;Palas&#8221; hotel, from October 2 to 4, 2025. More than 70 museologists and related experts from Slovenia, Croatia, Serbia, North Macedonia, Greece and Montenegro participated. The topics and sessions of the Symposium are:<\/span><\/p>\n<ul>\n<li><span style=\"color: #ffff99;\">Changed\/new roles of museums in contemporary society &#8211; adaptation to the new ICOM definition of museums &#8211; diversity, equality, inclusivity and accessibility;<\/span><\/li>\n<li><span style=\"color: #ffff99;\">Culture and sustainable development, role\/use of museum collections for sustainable development;<\/span><\/li>\n<li><span style=\"color: #ffff99;\">Innovative partnerships and new collaborations to meet global challenges;<\/span><\/li>\n<li><span style=\"color: #ffff99;\">Museum architecture, design of exhibition settings, use of new technologies and AI in museums; technological transformations and new types of depositing museum objects<\/span><\/li>\n<\/ul>\n<p><span style=\"color: #ff99cc;\">More information about the event and its preparation can be found at <a style=\"color: #ff99cc;\" href=\"https:\/\/ismm.pmcg.co.me\/\" target=\"_blank\" rel=\"noopener\">https:\/\/ismm.pmcg.co.me\/<\/a>, as well as on the Facebook and Instagram accounts of the Natural History Museum of Montenegro.<\/span><\/p>\n<p><a style=\"color: #ffcc99;\" href=\"http:\/\/pmcg.co.me\/wp-content\/uploads\/2025\/10\/Organizacioni-i-naucni-odbori.pdf\" target=\"_blank\" rel=\"noopener\"><strong>Sastav Organizacionog i Nau\u010dnog odbora (PDF)<\/strong><\/a><\/p>\n<p><strong style=\"color: #ffcc99; text-align: center;\"><a style=\"color: #ffcc99;\" href=\"http:\/\/pmcg.co.me\/wp-content\/uploads\/2025\/10\/Program-ISMM2025.pdf\" target=\"_blank\" rel=\"noopener\">Program ISMM 2025 (1.5Mb PDF)<\/a><\/strong><\/p>\n<p style=\"text-align: left;\"><span style=\"color: #ffcc99;\"><strong><a style=\"color: #ffcc99;\" href=\"http:\/\/pmcg.co.me\/wp-content\/uploads\/2025\/10\/Knjiga-apstrakata-ISMM2025.pdf\" target=\"_blank\" rel=\"noopener\">Knjiga apstrakata (PDF, 4.5 Mb)<\/a><\/strong><\/span><\/p>\n<p><a href=\"http:\/\/pmcg.co.me\/wp-content\/uploads\/2025\/10\/Organizacioni-i-naucni-odbori.pdf\"><img loading=\"lazy\" decoding=\"async\" class=\"alignleft wp-image-5469 size-full\" src=\"http:\/\/pmcg.co.me\/wp-content\/uploads\/2025\/10\/Organizacioni-i-naucni-odbori.jpg\" alt=\"\" width=\"200\" height=\"285\" srcset=\"https:\/\/pmcg.co.me\/wp-content\/uploads\/2025\/10\/Organizacioni-i-naucni-odbori.jpg 200w, https:\/\/pmcg.co.me\/wp-content\/uploads\/2025\/10\/Organizacioni-i-naucni-odbori-8x12.jpg 8w\" sizes=\"auto, (max-width: 200px) 100vw, 200px\" \/><\/a><\/p>\n<p><a href=\"http:\/\/pmcg.co.me\/wp-content\/uploads\/2025\/10\/Knjiga-apstrakata-ISMM2025.pdf\"><img loading=\"lazy\" decoding=\"async\" class=\"wp-image-5466 size-medium alignright\" src=\"http:\/\/pmcg.co.me\/wp-content\/uploads\/2025\/10\/Korice-1-214x300.jpg\" alt=\"\" width=\"214\" height=\"300\" srcset=\"https:\/\/pmcg.co.me\/wp-content\/uploads\/2025\/10\/Korice-1-214x300.jpg 214w, https:\/\/pmcg.co.me\/wp-content\/uploads\/2025\/10\/Korice-1-9x12.jpg 9w, https:\/\/pmcg.co.me\/wp-content\/uploads\/2025\/10\/Korice-1.jpg 570w\" sizes=\"auto, (max-width: 214px) 100vw, 214px\" \/><\/a><\/p>\n<p>&nbsp;<\/p>\n<p>&nbsp;<\/p>\n<p>&nbsp;<\/p>\n<p>&nbsp;<\/p>\n<p>&nbsp;<\/p>\n<p>&nbsp;<\/p>\n<style type=\"text\/css\">\r\n\t#foogallery-gallery-5423 .fg-image {\r\n        width: 150px;\r\n    }\r\n<\/style>\r\n\t\t\t\t<div class=\"foogallery foogallery-container foogallery-default foogallery-lightbox-foogallery fg-gutter-10 fg-center fg-default fg-light fg-border-thin fg-shadow-outline fg-loading-default fg-loaded-fade-in fg-caption-hover fg-hover-fade fg-hover-zoom fg-ready\" id=\"foogallery-gallery-5423\" data-foogallery=\"{&quot;item&quot;:{&quot;showCaptionTitle&quot;:true,&quot;showCaptionDescription&quot;:true},&quot;lazy&quot;:true}\" data-foogallery-lightbox=\"{&quot;thumbs&quot;:&quot;bottom&quot;,&quot;thumbsCaptions&quot;:false,&quot;thumbsBestFit&quot;:false,&quot;thumbsSmall&quot;:false,&quot;thumbsCaptionsAlign&quot;:&quot;default&quot;,&quot;info&quot;:&quot;bottom&quot;,&quot;infoVisible&quot;:true,&quot;infoOverlay&quot;:true,&quot;infoAlign&quot;:&quot;default&quot;,&quot;transition&quot;:&quot;fade&quot;,&quot;hoverButtons&quot;:false,&quot;fitMedia&quot;:false,&quot;noScrollbars&quot;:true,&quot;preserveButtonSpace&quot;:true,&quot;buttons&quot;:{&quot;fullscreen&quot;:true,&quot;info&quot;:true,&quot;thumbs&quot;:false},&quot;video&quot;:{&quot;autoPlay&quot;:true}}\" >\r\n\t<div class=\"fg-item fg-type-image fg-idle\"><figure class=\"fg-item-inner\"><a href=\"https:\/\/pmcg.co.me\/wp-content\/uploads\/2023\/06\/Putni-nalozi-29maj-04jun2023.pdf\" data-attachment-id=\"3838\" data-type=\"image\" class=\"fg-thumb\"><span class=\"fg-image-wrap\"><img decoding=\"async\" width=\"150\" height=\"150\" class=\"skip-lazy fg-image\" data-src-fg=\"https:\/\/pmcg.co.me\/wp-content\/uploads\/2023\/06\/Putni-nalozi-29maj-04jun2023.pdf\" src=\"data:image\/svg+xml,%3Csvg%20xmlns%3D%22http%3A%2F%2Fwww.w3.org%2F2000%2Fsvg%22%20width%3D%22150%22%20height%3D%22150%22%20viewBox%3D%220%200%20150%20150%22%3E%3C%2Fsvg%3E\" loading=\"eager\"><\/span><span class=\"fg-image-overlay\"><\/span><\/a><figcaption class=\"fg-caption\"><div class=\"fg-caption-inner\"><\/div><\/figcaption><\/figure><div class=\"fg-loader\"><\/div><\/div><div class=\"fg-item fg-type-image fg-idle\"><figure class=\"fg-item-inner\"><a href=\"https:\/\/pmcg.co.me\/wp-content\/uploads\/2025\/04\/7-Zs.jpg\" data-attachment-id=\"5151\" data-type=\"image\" class=\"fg-thumb\"><span class=\"fg-image-wrap\"><img decoding=\"async\" width=\"150\" height=\"150\" class=\"skip-lazy fg-image\" data-src-fg=\"https:\/\/pmcg.co.me\/wp-content\/uploads\/cache\/2025\/04\/7-Zs\/1285463897.jpg\" src=\"data:image\/svg+xml,%3Csvg%20xmlns%3D%22http%3A%2F%2Fwww.w3.org%2F2000%2Fsvg%22%20width%3D%22150%22%20height%3D%22150%22%20viewBox%3D%220%200%20150%20150%22%3E%3C%2Fsvg%3E\" loading=\"eager\"><\/span><span class=\"fg-image-overlay\"><\/span><\/a><figcaption class=\"fg-caption\"><div class=\"fg-caption-inner\"><\/div><\/figcaption><\/figure><div class=\"fg-loader\"><\/div><\/div><div class=\"fg-item fg-type-image fg-idle\"><figure class=\"fg-item-inner\"><a href=\"https:\/\/pmcg.co.me\/wp-content\/uploads\/2021\/09\/Otvaranje-442.jpg\" data-attachment-id=\"1919\" data-type=\"image\" class=\"fg-thumb\"><span class=\"fg-image-wrap\"><img decoding=\"async\" width=\"150\" height=\"150\" class=\"skip-lazy fg-image\" data-src-fg=\"https:\/\/pmcg.co.me\/wp-content\/uploads\/cache\/2021\/09\/Otvaranje-442\/37710777.jpg\" src=\"data:image\/svg+xml,%3Csvg%20xmlns%3D%22http%3A%2F%2Fwww.w3.org%2F2000%2Fsvg%22%20width%3D%22150%22%20height%3D%22150%22%20viewBox%3D%220%200%20150%20150%22%3E%3C%2Fsvg%3E\" loading=\"eager\"><\/span><span class=\"fg-image-overlay\"><\/span><\/a><figcaption class=\"fg-caption\"><div class=\"fg-caption-inner\"><\/div><\/figcaption><\/figure><div class=\"fg-loader\"><\/div><\/div><\/div>","protected":false},"excerpt":{"rendered":"<p>Prirodnja\u010dki muzej Crne Gore, povodom 30 godina od osnivanja, organizovao je Prvi simpozijum muzeologa Crne Gore sa me\u0111unarodnim u\u010de\u0161\u0107em &#8211; ISMM 1st Simpozijum je odr\u017ean u Petrovcu, u hotelu \u201ePalas\u201c, od 2. do 4. oktobra 2025. godine. U\u010destvovalo je preko 70 muzeologa i srodnih stru\u010dnjaka iz Slovenije, Hrvatske, Srbije, Sjeverne Makedonije, Gr\u010dke i Crne Gore. [&hellip;]<\/p>","protected":false},"author":1,"featured_media":4981,"parent":0,"menu_order":0,"comment_status":"closed","ping_status":"closed","template":"","meta":{"footnotes":""},"class_list":["post-5454","page","type-page","status-publish","has-post-thumbnail","hentry"],"_links":{"self":[{"href":"https:\/\/pmcg.co.me\/en\/wp-json\/wp\/v2\/pages\/5454","targetHints":{"allow":["GET"]}}],"collection":[{"href":"https:\/\/pmcg.co.me\/en\/wp-json\/wp\/v2\/pages"}],"about":[{"href":"https:\/\/pmcg.co.me\/en\/wp-json\/wp\/v2\/types\/page"}],"author":[{"embeddable":true,"href":"https:\/\/pmcg.co.me\/en\/wp-json\/wp\/v2\/users\/1"}],"replies":[{"embeddable":true,"href":"https:\/\/pmcg.co.me\/en\/wp-json\/wp\/v2\/comments?post=5454"}],"version-history":[{"count":0,"href":"https:\/\/pmcg.co.me\/en\/wp-json\/wp\/v2\/pages\/5454\/revisions"}],"wp:featuredmedia":[{"embeddable":true,"href":"https:\/\/pmcg.co.me\/en\/wp-json\/wp\/v2\/media\/4981"}],"wp:attachment":[{"href":"https:\/\/pmcg.co.me\/en\/wp-json\/wp\/v2\/media?parent=5454"}],"curies":[{"name":"wp","href":"https:\/\/api.w.org\/{rel}","templated":true}]}}