{"id":4380,"date":"2024-04-02T08:53:28","date_gmt":"2024-04-02T06:53:28","guid":{"rendered":"https:\/\/pmcg.co.me\/?page_id=4380"},"modified":"2025-02-05T09:16:13","modified_gmt":"2025-02-05T08:16:13","slug":"virtuelne-ture","status":"publish","type":"page","link":"https:\/\/pmcg.co.me\/en\/virtuelne-ture\/","title":{"rendered":"Virtuelne ture"},"content":{"rendered":"<p>Izlo\u017eba &#8220;Afri\u010dke \u017eivotinje &#8221; &#8211;\u00a0 \u00a0 <a href=\"https:\/\/pmcg.co.me\/virtual-360\/afrika\/afrika\/index.htm\">AFRI\u010cKE \u017dIVOTINJE<br \/>\n<\/a><\/p>\n<p>Izlo\u017eba &#8220;Otrovni\u00a0i\u00a0jestivi\u00a0ukrasi\u00a0prirode&#8221; &#8211;\u00a0 \u00a0<a href=\"https:\/\/pmcg.co.me\/virtual-360\/360-pecurke\/index.htm\" target=\"_blank\" rel=\"noopener\">PE\u010cURKE<\/a><\/p>\n<p>Izlo\u017eba &#8221; Ajkule i ra\u017ee Jadranskog mora &#8221; &#8211;\u00a0<a href=\"https:\/\/pmcg.co.me\/virtual-360\/Ajkule\/ajkule-360-virtual-tour\/index.htm\">Ajkule i ra\u017ee Jadranskog mora<\/a><\/p>","protected":false},"excerpt":{"rendered":"<p>Izlo\u017eba &#8220;Afri\u010dke \u017eivotinje &#8221; &#8211;\u00a0 \u00a0 AFRI\u010cKE \u017dIVOTINJE Izlo\u017eba &#8220;Otrovni\u00a0i\u00a0jestivi\u00a0ukrasi\u00a0prirode&#8221; &#8211;\u00a0 \u00a0PE\u010cURKE Izlo\u017eba &#8221; Ajkule i ra\u017ee Jadranskog mora &#8221; &#8211;\u00a0Ajkule i ra\u017ee Jadranskog mora<\/p>","protected":false},"author":1,"featured_media":0,"parent":0,"menu_order":0,"comment_status":"closed","ping_status":"closed","template":"","meta":{"footnotes":""},"class_list":["post-4380","page","type-page","status-publish","hentry"],"_links":{"self":[{"href":"https:\/\/pmcg.co.me\/en\/wp-json\/wp\/v2\/pages\/4380","targetHints":{"allow":["GET"]}}],"collection":[{"href":"https:\/\/pmcg.co.me\/en\/wp-json\/wp\/v2\/pages"}],"about":[{"href":"https:\/\/pmcg.co.me\/en\/wp-json\/wp\/v2\/types\/page"}],"author":[{"embeddable":true,"href":"https:\/\/pmcg.co.me\/en\/wp-json\/wp\/v2\/users\/1"}],"replies":[{"embeddable":true,"href":"https:\/\/pmcg.co.me\/en\/wp-json\/wp\/v2\/comments?post=4380"}],"version-history":[{"count":0,"href":"https:\/\/pmcg.co.me\/en\/wp-json\/wp\/v2\/pages\/4380\/revisions"}],"wp:attachment":[{"href":"https:\/\/pmcg.co.me\/en\/wp-json\/wp\/v2\/media?parent=4380"}],"curies":[{"name":"wp","href":"https:\/\/api.w.org\/{rel}","templated":true}]}}