{"id":2142,"date":"2021-11-05T11:30:38","date_gmt":"2021-11-05T11:30:38","guid":{"rendered":"https:\/\/pmcg.co.me\/?page_id=2142"},"modified":"2021-11-05T11:30:38","modified_gmt":"2021-11-05T11:30:38","slug":"natura-montenegrina-8-2009-journal-for-science-and-popular-science","status":"publish","type":"page","link":"https:\/\/pmcg.co.me\/en\/natura-montenegrina-8-2009-journal-for-science-and-popular-science\/","title":{"rendered":"Natura Montenegrina 8\/2009 Journal for Science and Popular Science"},"content":{"rendered":"<p><a href=\"https:\/\/drive.google.com\/file\/d\/1-c559xmPqJJ1cJ7tzepGUV8dwSdeuMma\/view?usp=sharing\" target=\"_blank\" rel=\"noopener\">Natura Montenegrina 8\/2009 complete number as one PDF file\u00a0 6Mb<\/a><\/p>\n<p>&nbsp;<\/p>\n<p>CONTENTS:<\/p>\n<p>&nbsp;<\/p>\n<table>\n<tbody>\n<tr>\n<td width=\"511\">EDITORIAL BOARD<\/td>\n<td width=\"57\"><strong>2 <\/strong><\/td>\n<\/tr>\n<tr>\n<td width=\"511\">INSTRUCTION TO AUTHORS<\/td>\n<td width=\"57\"><strong>3 <\/strong><\/td>\n<\/tr>\n<tr>\n<td width=\"511\"><strong>\u00a0<\/strong><\/p>\n<p><strong>Natura Montenegrina 8(1):<\/strong><\/td>\n<td width=\"57\"><strong>\u00a0<\/strong><\/td>\n<\/tr>\n<tr>\n<td width=\"511\">BOTANY:<\/td>\n<td width=\"57\"><strong>\u00a0<\/strong><\/td>\n<\/tr>\n<tr>\n<td width=\"511\">Lul\u00ebzim SHUKA:<\/p>\n<p>NEW TAXONOMIC DATA FOR THE FLORA OF ALBANIA RECORDED ON THE SERPENTINE SUBSTRATE (Southeast Albania)<\/td>\n<td width=\"57\"><strong>5-10<\/strong><\/td>\n<\/tr>\n<tr>\n<td width=\"511\">Rajko TRIPI\u0106:<\/p>\n<p>CONTRIBUTION TO THE KNOWLDGE OF FLOWERING PHENOLOGY AND SEX EXPRESSION IN Acer platanoides L. FROM MONTENEGRO<\/td>\n<td width=\"57\"><strong>11-22<\/strong><\/td>\n<\/tr>\n<tr>\n<td width=\"511\">ZOOLOGY:<\/td>\n<td width=\"57\"><strong>\u00a0<\/strong><\/td>\n<\/tr>\n<tr>\n<td width=\"511\">C. ANNAPURNA, T. CHATTERJEE, Vladimir PE\u0160I\u0106, D. SRINIVASA RAO and B.C. GURU:<\/p>\n<p>STUDIES ON OSTRACODA (CRUSTACEA) FROM THE KOREAN COAST<\/td>\n<td width=\"57\"><strong>23-30<\/strong><\/td>\n<\/tr>\n<tr>\n<td width=\"511\">Bogi\u0107 GLIGOROVI\u0106, Vladimir PE\u0160I\u0106 &amp; Aleksandra ZEKOVI\u0106:<\/p>\n<p>A CONTRIBUTION TO THE KNOWLEDGE OF THE DRAGONFLIES (Odonata) MOUNTAINS&#8217; AREA LUKAVICA (MONTENEGRO)<\/td>\n<td width=\"57\"><strong>31-39<\/strong><\/td>\n<\/tr>\n<tr>\n<td width=\"511\">Spase SHUMKA, Spiro GRAZHDANI, Arefi CAKE and Sotir MALI:<\/p>\n<p>FISHERY OF SOME TRIBUTARIES AND RESERVOIRS AND ZOOPLANKTON AT THE DRINI CATCHMENT: THE NEEDS OF BETTER CONCEPTION OF THE MONITORING PRACTICES AT TRANSBOUNDARY WATER BODIES<\/td>\n<td width=\"57\"><strong>41-50<\/strong><\/td>\n<\/tr>\n<tr>\n<td width=\"511\"><strong>\u00a0<\/strong><\/p>\n<p><strong>Natura Montenegrina 8(2)<\/strong><\/td>\n<td width=\"57\"><strong>\u00a0<\/strong><\/td>\n<\/tr>\n<tr>\n<td width=\"511\">BIOCHEMISTRY<\/td>\n<td width=\"57\"><strong>\u00a0<\/strong><\/td>\n<\/tr>\n<tr>\n<td width=\"511\">Lyudmila A. KONSTANTYNENKO &amp; Igor V. DOVGAL:<\/p>\n<p>THE NUTRITION RATES IN PERITRICHOUS CILIATES (Ciliophora, Peritrichia) UNDER CONDITIONS OF THE TREATMENT FACILITIES OF ZHYTOMIR (UKRAINE)<\/td>\n<td width=\"57\"><strong>51-61<\/strong><\/td>\n<\/tr>\n<tr>\n<td width=\"511\">AGROECOLOGY:<\/td>\n<td width=\"57\"><strong>\u00a0<\/strong><\/td>\n<\/tr>\n<tr>\n<td width=\"511\">Dragana STOJI\u010cI\u0106, Sne\u017eana BUDIMIR &amp; Du\u0161ica JANO\u0160EVI\u0106:<\/p>\n<p>GERMINATION AND GROWTH OF ISOLATED ZYGOTIC EMBRYOS OF PINUS HELDREICHII AND PINUS PEUCE<\/td>\n<td width=\"57\"><strong>63-71<\/strong><\/td>\n<\/tr>\n<tr>\n<td width=\"511\">Jelica GVOZDANOVI\u0106-VARGA &amp; Mirjana VASI\u0106<\/p>\n<p>RESPONSE OF SPRING GARLIC ECOTYPES TO ENVIRONMENTAL GROWTH CONDITIONS<\/td>\n<td width=\"57\"><strong>73-81<\/strong><\/td>\n<\/tr>\n<tr>\n<td width=\"511\">BOTANY:<\/td>\n<td width=\"57\"><strong>\u00a0<\/strong><\/td>\n<\/tr>\n<tr>\n<td width=\"511\">Rodica BERCU<\/p>\n<p>CHARACTERISTIC FEATURES OF Acorus gramineus Sol. ex Aiton.<\/td>\n<td width=\"57\"><strong>83-90<\/strong><\/td>\n<\/tr>\n<tr>\n<td width=\"511\">ECOLOGY AND PROTECTION OF NATURE:<\/td>\n<td width=\"57\"><strong>\u00a0<\/strong><\/td>\n<\/tr>\n<tr>\n<td width=\"511\">Marius F\u0102G\u0102RA\u015e<\/p>\n<p>SOME ASPECTS OF THE ROMANIAN BLACK SEA SHORE PHYTODIVERSITY<\/td>\n<td width=\"57\"><strong>91-99<\/strong><\/td>\n<\/tr>\n<tr>\n<td width=\"511\">Kapllan SULAJ, Kastriot KORRO, Sokol DURO, Pellumb ZALLA, Pellumb ALEKSI &amp; Dhimiter RAPTI:<\/p>\n<p>MICROBIOLOGICAL POLLUTION OF SEA WATER SAMPLES COLLECTED FROM BUTRINTI LAGOON IN ALBANIA<\/td>\n<td width=\"57\"><strong>101-105<\/strong><\/td>\n<\/tr>\n<tr>\n<td width=\"511\">ZOOLOGY:<\/td>\n<td width=\"57\"><strong>\u00a0<\/strong><\/td>\n<\/tr>\n<tr>\n<td width=\"511\">Drago S. MARI\u0106 &amp; Vitko M. \u0160ORI\u0106<\/p>\n<p>NASE (CHONDROSTOMA) (CYPRINIDAE, PISCES) FROM OHRID-DRIM-SKADAR SYSTEM<\/td>\n<td width=\"57\"><strong>107-119<\/strong><\/td>\n<\/tr>\n<tr>\n<td width=\"511\">Dubravka BE\u0160I\u0106, Branka TOMOVI\u0106 &amp; Alen TATAR<\/p>\n<p>PUFFERFISH, Spholoides pachygaste (G\u00dcNTHER, 1870) AT THE NATURAL HISTORY MUSEUM OF MONTENEGRO<\/td>\n<td width=\"57\"><strong>121-124<\/strong><\/td>\n<\/tr>\n<tr>\n<td width=\"511\"><strong>\u00a0<\/strong><\/p>\n<p><strong>Natura Montenegrina 8(3)<\/strong><\/td>\n<td width=\"57\"><strong>\u00a0<\/strong><\/td>\n<\/tr>\n<tr>\n<td width=\"511\">ZOOLOGY:<\/td>\n<td width=\"57\"><strong>\u00a0<\/strong><\/td>\n<\/tr>\n<tr>\n<td width=\"511\">Vitko \u0160ORI\u0106<\/p>\n<p>ICHTHYOFAUNA OF MIDLLE COURSE OF IBAR RIVER, TRIBUTARY OF WESTERN MORAVA RIVER (DANUBE SYSTEM) AND COMPARATIVE REVIEW OF ICHTHYOFAUNA OF OTHER TRIBUTARIES WITH SPECIAL RETROSPECTIVE VIEW ON TAXONOMIC STATE OF SPECIES<\/td>\n<td width=\"57\"><strong>125-136<\/strong><\/td>\n<\/tr>\n<tr>\n<td width=\"511\">Drago MARI\u0106 &amp; Branko RADUJKOVI\u0106<\/p>\n<p>Rutilus ohridanus (Karaman, 1924) (Teleostei: Cyprinidae) from OHRID, PRESPA AND SKADAR LAKES<\/td>\n<td width=\"57\"><strong>137-150<\/strong><\/td>\n<\/tr>\n<tr>\n<td width=\"511\">Marko G. KARAMAN<\/p>\n<p>AN INTRODUCTION TO THE ANT FAUNA OF MACEDONIA (Balkan Peninsula), A CHECK LIST (Hymenoptera, Formicidae)<\/td>\n<td width=\"57\"><strong>151-162<\/strong><\/td>\n<\/tr>\n<tr>\n<td width=\"511\">BOTANY:<\/td>\n<td width=\"57\"><strong>\u00a0<\/strong><\/td>\n<\/tr>\n<tr>\n<td width=\"511\">Marash RAKAJ, Krzysztof ROSTANSKI<\/p>\n<p>NEW SPECIES OF THE GENUS OENOTHERA L. FROM COASTS OF THE ALBANIA AND MONTENEGRO<\/td>\n<td width=\"57\"><strong>163-171<\/strong><\/td>\n<\/tr>\n<tr>\n<td width=\"511\">AGRICULTURAL AND ENVIRONMENTAL MEDICINE:<\/td>\n<td width=\"57\"><strong>\u00a0<\/strong><\/td>\n<\/tr>\n<tr>\n<td width=\"511\">Costela IORDACHE<\/p>\n<p>EVOLUTION OF THE NUMBER OF INHABITANTS IN SOUTH OLTENIA AGROREGION AND THE IMPACT ON THE FOREST FUND<\/td>\n<td width=\"57\"><strong>173-181<\/strong><\/td>\n<\/tr>\n<tr>\n<td width=\"511\">Costela IORDACHE<\/p>\n<p>SOME ASPECTS REGARDING INFANT MORTALITY IN DOLJ COUNTY BETWEEN 1966. AND 2006.<\/td>\n<td width=\"57\"><strong>183-196<\/strong><\/td>\n<\/tr>\n<tr>\n<td width=\"511\">MUSEOLOGY:<\/td>\n<td width=\"57\"><strong>\u00a0<\/strong><\/td>\n<\/tr>\n<tr>\n<td width=\"511\">Branka TOMOVI\u0106, Dubravka BE\u0160I\u0106, Alen TATAR<\/p>\n<p>CONSERVATION AND PREPARING OF BIRDS (Aves) IN THE NATURAL HISTORY MUSEUM OF MONTENEGRO<\/td>\n<td width=\"57\"><strong>197-200<\/strong><\/td>\n<\/tr>\n<tr>\n<td width=\"511\">IN MEMORIAM:<\/p>\n<p>Zlatko BULI\u0106 &amp; Sulejman RED\u017dI\u0106<\/p>\n<p>Prof. Dr. RADOMIR LAKU\u0160I\u0106 &#8211; \u017dIVOT I DJELO<\/td>\n<td width=\"57\"><strong>201-225<\/strong><\/td>\n<\/tr>\n<\/tbody>\n<\/table>","protected":false},"excerpt":{"rendered":"<p>Natura Montenegrina 8\/2009 complete number as one PDF file\u00a0 6Mb &nbsp; CONTENTS: &nbsp; EDITORIAL BOARD 2 INSTRUCTION TO AUTHORS 3 \u00a0 Natura Montenegrina 8(1): \u00a0 BOTANY: \u00a0 Lul\u00ebzim SHUKA: NEW TAXONOMIC DATA FOR THE FLORA OF ALBANIA RECORDED ON THE SERPENTINE SUBSTRATE (Southeast Albania) 5-10 Rajko TRIPI\u0106: CONTRIBUTION TO THE KNOWLDGE OF FLOWERING PHENOLOGY AND [&hellip;]<\/p>","protected":false},"author":1,"featured_media":0,"parent":0,"menu_order":0,"comment_status":"closed","ping_status":"closed","template":"","meta":{"footnotes":""},"class_list":["post-2142","page","type-page","status-publish","hentry"],"_links":{"self":[{"href":"https:\/\/pmcg.co.me\/en\/wp-json\/wp\/v2\/pages\/2142","targetHints":{"allow":["GET"]}}],"collection":[{"href":"https:\/\/pmcg.co.me\/en\/wp-json\/wp\/v2\/pages"}],"about":[{"href":"https:\/\/pmcg.co.me\/en\/wp-json\/wp\/v2\/types\/page"}],"author":[{"embeddable":true,"href":"https:\/\/pmcg.co.me\/en\/wp-json\/wp\/v2\/users\/1"}],"replies":[{"embeddable":true,"href":"https:\/\/pmcg.co.me\/en\/wp-json\/wp\/v2\/comments?post=2142"}],"version-history":[{"count":0,"href":"https:\/\/pmcg.co.me\/en\/wp-json\/wp\/v2\/pages\/2142\/revisions"}],"wp:attachment":[{"href":"https:\/\/pmcg.co.me\/en\/wp-json\/wp\/v2\/media?parent=2142"}],"curies":[{"name":"wp","href":"https:\/\/api.w.org\/{rel}","templated":true}]}}