{"id":2138,"date":"2021-11-05T11:23:59","date_gmt":"2021-11-05T11:23:59","guid":{"rendered":"https:\/\/pmcg.co.me\/?page_id=2138"},"modified":"2021-11-05T11:25:37","modified_gmt":"2021-11-05T11:25:37","slug":"natura-montenegrina-9-2010-journal-for-science-and-popular-science","status":"publish","type":"page","link":"https:\/\/pmcg.co.me\/en\/natura-montenegrina-9-2010-journal-for-science-and-popular-science\/","title":{"rendered":"Natura Montenegrina 9\/2010 Journal for Science and Popular Science"},"content":{"rendered":"<p><a href=\"https:\/\/drive.google.com\/file\/d\/14ncY-TDPIfXYCW-TEILUDx98cC_f8MzB\/view?usp=sharing\" target=\"_blank\" rel=\"noopener\">Natura Montenegrina 9, complete number as PDF 29Mb<\/a><\/p>\n<p>&nbsp;<\/p>\n<p>CONTENTS:<\/p>\n<p>&nbsp;<\/p>\n<table>\n<tbody>\n<tr>\n<td width=\"511\">EDITORIAL BOARD<\/td>\n<td width=\"57\"><strong>2 <\/strong><\/td>\n<\/tr>\n<tr>\n<td width=\"511\">INSTRUCTION TO AUTHORS<\/td>\n<td width=\"57\"><strong>3 <\/strong><\/td>\n<\/tr>\n<tr>\n<td width=\"511\"><strong>\u00a0<\/strong><\/p>\n<p><strong>Natura Montenegrina 9(1):<\/strong><\/td>\n<td width=\"57\"><strong>\u00a0<\/strong><\/td>\n<\/tr>\n<tr>\n<td width=\"511\">BOTANY:<\/td>\n<td width=\"57\"><strong>\u00a0<\/strong><\/td>\n<\/tr>\n<tr>\n<td width=\"511\">Sead HAD\u017dIABLAHOVI\u0106<\/p>\n<p>THE VASCULAR FLORA OF \u0106EMOVSKO POLJE FIELD (MONTENEGRO)<\/td>\n<td width=\"57\">7-143<\/td>\n<\/tr>\n<tr>\n<td width=\"511\"><strong>Natura Montenegrina 9(2):<\/strong><\/td>\n<td width=\"57\"><strong>\u00a0<\/strong><\/td>\n<\/tr>\n<tr>\n<td width=\"511\">ZOOLOGY:<\/td>\n<td width=\"57\"><strong>\u00a0<\/strong><\/td>\n<\/tr>\n<tr>\n<td width=\"511\">Suvad LELO, Merima VOLODER, Mirzeta KA\u0160I\u0106-LELO, Adi VESNI\u0106<\/p>\n<p>CONFIRMATION OF EXISTANCE OF STICK INSECT Bacillus rossius (Rossi, 1788) (Insecta: Phasmatodea, Baccilidae)IN BOSNIA AND HERZEGOVINA<\/td>\n<td width=\"57\">145-150<\/td>\n<\/tr>\n<tr>\n<td width=\"511\">Bogi\u0107 GLIGOROVI\u0106, Vladimir PE\u0160I\u0106, Aleksandra ZEKOVI\u0106<\/p>\n<p>A CONTRIBUTION TO THE KNOWLDGE OF THE DRAGONFLIES (Odonata) OF THE RIVER BRESTICA (MONTENEGRO)<\/td>\n<td width=\"57\">151-159<\/p>\n<p><strong>\u00a0<\/strong><\/td>\n<\/tr>\n<tr>\n<td width=\"511\">Denisa \u017dUJO ZEKI\u0106, Suvad LELO, Adi VESNI\u0106, Dejan KULIJER, Rifat \u0160KRIJELJ<\/p>\n<p>NEW FINDINGS OF SPECIES Saturnia pyri (Denis &amp; Schifferm\u00fcller, 1775)(Insecta: Lepidoptera) IN BOSNIA AND HERZEGOVINA<\/td>\n<td width=\"57\">161-168<\/p>\n<p><strong>\u00a0<\/strong><\/td>\n<\/tr>\n<tr>\n<td width=\"511\">Stevan D. MARI\u0106, Jelena V. RAKO\u010cEVI\u0106, Drago S. MARI\u0106<\/p>\n<p>DIVERSITY AND DISTRIBUTION OF SPECIES FROM THE GENUS BARBUS IN WATERS OF MONTENEGRO<\/td>\n<td width=\"57\">169-182<\/p>\n<p><strong>\u00a0<\/strong><\/td>\n<\/tr>\n<tr>\n<td width=\"511\">BOTANY:<\/td>\n<td width=\"57\"><strong>\u00a0<\/strong><\/td>\n<\/tr>\n<tr>\n<td width=\"511\">Rajko TRIPI\u0106<\/p>\n<p>CONTRIBUTION TO THE KNOWLEDGE OF THE FLOWERING PHENOLOGY AND SEX EXPRESSION IN Acer tataricum L. FROM MONTENEGRO<\/td>\n<td width=\"57\">183-193<\/p>\n<p><strong>\u00a0<\/strong><\/td>\n<\/tr>\n<tr>\n<td width=\"511\">ECOLOGY AND PROTECTION OF NATURE:<\/td>\n<td width=\"57\"><strong>\u00a0<\/strong><\/td>\n<\/tr>\n<tr>\n<td width=\"511\">Gordana KASOM, Nata\u0161a MILI\u010cKOVI\u0106<\/p>\n<p>PROTECTED SPECIES OF MACROMYCETES IN THE REPUBLIC OF MONTENEGO<\/td>\n<td width=\"57\">195-203<\/td>\n<\/tr>\n<tr>\n<td width=\"511\">Goran RAJOVI\u0106<\/p>\n<p>STRUCTURE AND TRENDS OF SOIL USAGE IN MONTENEGRO<\/td>\n<td width=\"57\">205-214<\/td>\n<\/tr>\n<tr>\n<td width=\"511\">PALEOBIOLOGY:<\/td>\n<td width=\"57\"><strong>\u00a0<\/strong><\/td>\n<\/tr>\n<tr>\n<td width=\"511\">Desa \u0110OR\u0110EVI\u0106-MILUTINOVI\u0106, Goran \u0106ULAFI\u0106<\/p>\n<p>VEGETATION SUCCESSION DURING THE MIOCENE PERIOD IN THE AREA OF BERANE-POLICE BASIN<\/td>\n<td width=\"57\">215-247<\/td>\n<\/tr>\n<tr>\n<td width=\"511\">SHORT COMMUNICATIONS<\/td>\n<td width=\"57\"><strong>\u00a0<\/strong><\/td>\n<\/tr>\n<tr>\n<td width=\"511\">Budimir RA\u0160OVI\u0106<\/p>\n<p>Carduelis flammea (Linnaeus, 1758) FIRST DISCOVERY OF THIS BIRD IN MONTENEGRO<\/td>\n<td width=\"57\">249-250<\/td>\n<\/tr>\n<tr>\n<td width=\"511\"><strong>Natura Montenegrina 9(3):<\/strong><\/p>\n<p><strong>4th INTERNATIONAL SYMPOSIUM OF ECOLOGISTS OF MONTENEGRO<\/strong><\/td>\n<td width=\"57\"><strong>\u00a0<\/strong><\/td>\n<\/tr>\n<tr>\n<td width=\"511\">TERRESTRIAL AND AQUATIC ECOSYSTEMS<\/td>\n<td width=\"57\"><strong>\u00a0<\/strong><\/td>\n<\/tr>\n<tr>\n<td width=\"511\">Alma IMERI, Alfred MULLAJ, Ermelinda GJETA, Alkeda KALAJNXHIU, Lirika KUPE, Julian SHEHU and Erta DODONA:<\/p>\n<p>PRELIMINARY RESULTS FROM THE STUDY OF FLORA AND VEGETATION OF OHRID LAKE<\/td>\n<td width=\"57\">253-263<\/td>\n<\/tr>\n<tr>\n<td width=\"511\">Igor V. DOVGAL and Robert S. VARGOVITSH:<\/p>\n<p>TROGLOBIONTIC SUCTORIAN AND APOSTOME CILIATES (CILIOPHORA): AN OVERVIEW<\/td>\n<td width=\"57\">265-274<\/td>\n<\/tr>\n<tr>\n<td width=\"511\">Sla\u0111ana KRIVOKAPI\u0106, Branka PESTORI\u0106, Dragana DRAKULOVI\u0106 and Marina KRIVOKAPI\u0106:<\/p>\n<p>TEMPORAL VARIABILITY OF PHYTOPLANKTON BIOMASS LAST TWO YEARS (2008-2010) IN KOTOR BAY<\/td>\n<td width=\"57\">275-280<\/td>\n<\/tr>\n<tr>\n<td width=\"511\">Erlinda KONI, Merjem BUSHATI, Lirika KUPE, Aleko MIHO:<\/p>\n<p>DATA ON PHYTOPLANKTON OF BOVILLA RESERVOIR (TIRANA) FOCUSED ON DRINKING WATER USE<\/td>\n<td width=\"57\">281-294<\/p>\n<p><strong>\u00a0<\/strong><\/td>\n<\/tr>\n<tr>\n<td width=\"511\">Fundime OSMANI and Nikolla PEJA:<\/p>\n<p>SPRING ASSESSMENT OF ZOOPLANKTON COMMUNITY IN BUTRINTI LAGOON (IONIAN SEA, SOUTHERN ALBANIA)<\/td>\n<td width=\"57\">295-305<\/p>\n<p><strong>\u00a0<\/strong><\/td>\n<\/tr>\n<tr>\n<td width=\"511\">Merjem BUSHATI, Erlinda KONI, Aleko MIHO, Marsela BREGAJ:<\/p>\n<p>TEMPORAL DISTRIBUTION OF POTENTIALLY TOXIC ALGAE (DINOFLAGELLATES AND DIATOMS) IN BUTRINTI LAGOON<\/td>\n<td width=\"57\">307-319<\/p>\n<p><strong>\u00a0<\/strong><\/td>\n<\/tr>\n<tr>\n<td width=\"511\">Rigerta SADIKAJ, Edmond PANARITI and Dritan ARAPI:<\/p>\n<p>MONITORING OF TOXIC RESIDUES IN BIVALVE MOLLUSCS ALONG THE ADRIATIC COASTAL LINE OF ALBANIA<\/td>\n<td width=\"57\">321-329<\/td>\n<\/tr>\n<tr>\n<td width=\"511\">Dorina Grazhdani:<\/p>\n<p>CURRENT STATUS OF TOURISM AND WATER QUALITY IN THE ALBANIAN PART OF LAKES PRESPA<\/td>\n<td width=\"57\">331-339<\/p>\n<p><strong>\u00a0<\/strong><\/td>\n<\/tr>\n<tr>\n<td width=\"511\">Teodora STOYANOVA, Ivan TRAYKOV, Ivanka YANEVA and Valentin BOGOEV:<\/p>\n<p>ECOLOGICAL QUALITY ASSESSMENT OF LUDA RIVER, BULGARIA<\/td>\n<td width=\"57\">341-348<\/p>\n<p><strong>\u00a0<\/strong><\/td>\n<\/tr>\n<tr>\n<td width=\"511\">Frederik CANE, Belinda HOXHA, Manola AVDOLLI:<\/p>\n<p>WATER QUALITY IN CARSTIC LAKES IN ALBANIA<\/td>\n<td width=\"57\">349-355<\/td>\n<\/tr>\n<tr>\n<td width=\"511\">CONSERVATION OF BIODIVERSITY AND GEODIVERSITY<\/td>\n<td width=\"57\"><strong>\u00a0<\/strong><\/td>\n<\/tr>\n<tr>\n<td width=\"511\">Ioanna FELESAKI, Pavel STOEV, Stylianos M. SIMAIAKIS and Moysis MYLONAS:<\/p>\n<p>A CATALOGUE OF THE MILLIPEDES OF CRETE (MYRIAPODA: DIPLOPODA)<\/td>\n<td width=\"57\">357-368<\/p>\n<p><strong>\u00a0<\/strong><\/td>\n<\/tr>\n<tr>\n<td width=\"511\">Ana PAVI\u0106EVI\u0106, Vladimir PE\u0160I\u0106:<\/p>\n<p>FIRST RECORD OF HYDROCHUS IGNICOLLIS (COLEOPTERA, HYDROCHIDAE) FROM SERBIA AND MONTENEGRO<\/td>\n<td width=\"57\">369-371<\/p>\n<p><strong>\u00a0<\/strong><\/td>\n<\/tr>\n<tr>\n<td width=\"511\">Anely NEDELCHEVA, Dolja PAVLOVA, Ilina KRASTEVA and Stefan NIKOLOV:<\/p>\n<p>MEDICINAL PLANTS BIODIVERSITY AND THEIR RESOURCES OF ONE SERPENTINE SITE IN THE RHODOPE MTS. (BULGARIA)<\/td>\n<td width=\"57\">373-387<\/p>\n<p><strong>\u00a0<\/strong><\/td>\n<\/tr>\n<tr>\n<td width=\"511\">Monika MY\u015aLIWY:<\/p>\n<p>DYNAMICS OF XEROTHERMIC PLANT SPECIES IN THE UPPER RIVER P\u0141ONIA VALLEY (NW POLAND)<\/td>\n<td width=\"57\">389-401<\/p>\n<p><strong>\u00a0<\/strong><\/td>\n<\/tr>\n<tr>\n<td width=\"511\">Monika MY\u015aLIWY:<\/p>\n<p>RIPARIAN TALL HERB FRINGE COMMUNITIES IN A SMALL LOWLAND RIVER VALLEY: SPECIES-ENVIRONMENT INTERACTIONS<\/td>\n<td width=\"57\">403-415<\/p>\n<p><strong>\u00a0<\/strong><\/td>\n<\/tr>\n<tr>\n<td width=\"511\">Lul\u00ebzim SHUKA:<\/p>\n<p>Bellevalia hyacinthoides (Bertol.) K. Persson, NEW SPECIES FOR THEALBANIAN FLORA<\/td>\n<td width=\"57\">417-420<\/p>\n<p><strong>\u00a0<\/strong><\/td>\n<\/tr>\n<tr>\n<td width=\"511\">Edlira KUKALI:<\/p>\n<p>THE STUDY OF BIO-MORPHOLOGIC CHARACTERISTICS OF KING\u2019S RUBY VARIETY UNDER THE CONDITIONS OF TIRANA CLIMATE<\/td>\n<td width=\"57\">421-429<\/p>\n<p>&nbsp;<\/td>\n<\/tr>\n<tr>\n<td width=\"511\">Blerina PUPULEKU, G\u00ebzim KAPIDANI, Nikoleta KALLAJXHIU, Pe\u00e7i NAQELLARI and Silvana TURKU:<\/p>\n<p>PALYNOLOGICAL STUDY OF POLLEN GRAINS OF ALBANIA\u2019S ENDEMIC PLANT FESTUCOPSIS SERPENTINI (C. E. HUBBARD) MELDERIS AND LILIUM MARTAGON L. IN THREE DIFFERENT HABITATS<\/td>\n<td width=\"57\">431-440<\/p>\n<p>&nbsp;<\/td>\n<\/tr>\n<tr>\n<td width=\"511\">Andrzej ZAWAL:<\/p>\n<p>WATER MITES (HYDRACHNIDIA) OF SMALL WATER RESERVOIRS IN THE NEIGHBOURHOOD OF \u015aWINOUJ\u015aCIE (NW POLAND)<\/td>\n<td width=\"57\">441-449<\/p>\n<p>&nbsp;<\/td>\n<\/tr>\n<tr>\n<td width=\"511\">Kinga DZIERZGOWSKA and Andrzej ZAWAL:<\/p>\n<p>Hydrodroma pilosa BESSELING, 1940 AND Limnesia undulatoides DAVIDS, 1997 (ACARI, HYDRACHNIDIA) \u2013 NEW RECORDS FROM POLAND<\/td>\n<td width=\"57\">451-455<\/td>\n<\/tr>\n<tr>\n<td width=\"511\">Vera VUKANI\u0106:<\/p>\n<p>STUDIES ON COPEPODA IN BAY OF KOTOR &#8211; COASTAL WATERS OF SOUTHERN ADRIATIC<\/td>\n<td width=\"57\">457-467<\/p>\n<p>&nbsp;<\/td>\n<\/tr>\n<tr>\n<td width=\"511\">Eltjon HALIMI, Anila PAPARISTO and Kastriot MISJA:<\/p>\n<p>SOME SYSTEMATICS AND ECOLOGICAL DATA FOR TRUE BUGS\u00a0(HEMIPTERA) IN SOME HABITATS IN ALBANIA<\/td>\n<td width=\"57\">469-479<\/p>\n<p>&nbsp;<\/td>\n<\/tr>\n<tr>\n<td width=\"511\">Andrzej ZAWAL and Stanis\u0142aw CZACHOROWSKI:<\/p>\n<p>DRAGONFLIES (ODONATA) AND CADDISFLIES (TRICHOPTERA) OF WATER RESERVOIRS IN THE SUBURBAN LANDSCAPE OF \u015aWINOUJ\u015aCIE (NORTHWEST POLAND)<\/td>\n<td width=\"57\">481-488<\/td>\n<\/tr>\n<tr>\n<td width=\"511\">Spase SHUMKA, Arefi CAKE and Enkeleda NIKLEKA:<\/p>\n<p>THE FISH COMPOSITION AND IMPORTANCE IN THE DRINOS RIVER ECOSYSTEM<\/td>\n<td width=\"57\">489-493<\/td>\n<\/tr>\n<tr>\n<td width=\"511\">Selfo ORU\u00c7I:<\/p>\n<p>DATA ON GEOGRAPHICAL DISTRIBUTION AND HABITATS OF THE MARGINATED TORTOISE (Testudo marginata Schoepff, 1792) IN ALBANIA<\/td>\n<td width=\"57\">495-498<\/p>\n<p>&nbsp;<\/td>\n<\/tr>\n<tr>\n<td width=\"511\">Vera VUKANI\u0106, Zvonko IVANOVI\u0106 , Vladimir URO\u0160EVI\u0106 and Aleksandra LJUSTINA:<\/p>\n<p>INTEGRATED COASTAL MANAGEMENT OF THE SHIPS\u2019 BALLAST WATER IN THE MONTENEGRIN SEA PORTS<\/td>\n<td width=\"57\">499-506<\/td>\n<\/tr>\n<tr>\n<td width=\"511\">Oleksandr S. PANCHUK and Valentyn V. SEREBRIAKOV:<\/p>\n<p>THE RESULTS OF BLACK STORK CENSUS IN UKRAINE IN 2008-2009<\/td>\n<td width=\"57\">507-512<\/p>\n<p>&nbsp;<\/td>\n<\/tr>\n<tr>\n<td width=\"511\">Carmen GACHE &amp; Viorica ARCAN:<\/p>\n<p>PRELIMINARY BIRD FAUNA\u2019S MONITORING IN THE FUTURE WIND FARM IVESTI \u2013 VASLUI COUNTY (ROMANIA)<\/td>\n<td width=\"57\">513-524<\/p>\n<p>&nbsp;<\/td>\n<\/tr>\n<tr>\n<td width=\"511\">Silvana TURKU, Zhaneta ZEKAJ (TROJANI), Pe\u00e7i NAQELLARI and Blerina PUPULEKU:<\/p>\n<p>MORPHO-KARYOLOGYCAL DATA OF Aster albanicus Degen. IN THE AREA OF LIBRAZHD, ELBASAN, ALBANIA<\/td>\n<td width=\"57\">525-534<\/p>\n<p>&nbsp;<\/td>\n<\/tr>\n<tr>\n<td width=\"511\">Ermelinda GJETA, Alfred MULLAJ, Pe\u00e7i NAQELLARI, Alma IMERI:<\/p>\n<p>RIPARIAN VEGETATIONS OF MIDDLE AND LOWER ZONES OF SHKUMBINI RIVER, ALBANIA<\/td>\n<td width=\"57\">535-548<\/p>\n<p>&nbsp;<\/td>\n<\/tr>\n<tr>\n<td width=\"511\">Odeta LAKNORI, Tefta REXHA, Fatmira (SULAJ) LEKA, Anila MITRE, Etleva HAMZARAJ and Anila PAPARISTO:<\/p>\n<p>THE IMPACT OF ALBANIAN LOCAL BOVINE RACES AS PART OF CONSERVATION BIODIVERSITY IN THE ISCHEMIC HEART DISEASES IN HUMANS<\/td>\n<td width=\"57\">549-552<\/p>\n<p>&nbsp;<\/td>\n<\/tr>\n<tr>\n<td width=\"511\">Valbona MATA and Efigjeni KONGJIKA:<\/p>\n<p>\u201cIN VITRO\u201d CONSERVATION OF SOME ALBANIAN POPULATIONS OF MYRTUS COMMUNIS L.<\/td>\n<td width=\"57\">553-565<\/p>\n<p>&nbsp;<\/td>\n<\/tr>\n<tr>\n<td width=\"511\">ECOLOGY OF POPULATIONS AND URBAN ECOLOGY<\/td>\n<td width=\"57\">&nbsp;<\/td>\n<\/tr>\n<tr>\n<td width=\"511\">Carmen GACHE, Johanna W. M\u00dcLLER:<\/p>\n<p>PRELIMINARY BIRD FAUNA\u2019S MONITORING IN THE FUTURE WIND FARM IVESTI \u2013 VASLUI COUNTY (ROMANIA)<\/td>\n<td width=\"57\">567-581<\/td>\n<\/tr>\n<tr>\n<td width=\"511\">Nenad \u0110. LABUS, Tatjana BABOVI\u0106-JAK\u0160I\u0106 and Predrag S. VASI\u0106:<\/p>\n<p>SEXUAL\u00a0AND AGE DIFFERENCES IN CRANIOMETRIC CHARACTERISTICS OF ROE DEER (CAPREOLUS CAPREOLUS L.) FROM THE AREA OF MOUNTAIN PROKLETIJE<\/td>\n<td width=\"57\">583-592<\/p>\n<p>&nbsp;<\/td>\n<\/tr>\n<tr>\n<td width=\"511\">Du\u0161ica \u0106ALI\u0106-DRAGOSAVAC, Sne\u017eana ZDRAVKOVI\u0106-KORA\u0106, Jelena MILOJEVI\u0106, Ljiljana RADOJEVI\u0106:<\/p>\n<p>EFFECT OF DIFFERENT GENOTYPE ON PRODUCTION OF HORSE CHESTNUT ANDROGENIC EMBRYOS<\/td>\n<td width=\"57\">593-600<\/p>\n<p>&nbsp;<\/td>\n<\/tr>\n<tr>\n<td width=\"511\">Odeta LAKNORI, Tefta REXHA, Fatmira (Sulaj) LEKA, Anila MITRE, Etleva HAMZARAJ and Anila PAPARISTO:<\/p>\n<p>THE ECOLOGICAL DISTRIBUTION OF BOVINE RACES AND ITS CORRELATION WITH LOW DENSITY LIPOPROTEIN OXIDATION IN ALBANIAN POPULATIONS<\/td>\n<td width=\"57\">601-606<\/td>\n<\/tr>\n<tr>\n<td width=\"511\">Ralitsa V. TSEKOVA and Valentin M. BOGOEV:<\/p>\n<p>BIOACCUMULATION OF Cs, Ra, Pb AND U IN TISSUES OF THE TERRESTRIAL INVERTEBRATES (LUMBRICIDAE and JULIDAE) COLLECTED FROM LIQUIDATED URANIUM MINE<\/td>\n<td width=\"57\">607-614<\/p>\n<p>&nbsp;<\/td>\n<\/tr>\n<tr>\n<td width=\"511\">Neira MEDJA, Edmond PANARITI,\u00a0Sokol DURO, Ariana STRINIQI:<\/p>\n<p>INFLUENCE OF CYANOTOXINS IN HISTOLOGY OF Carassius carassius (Linnaeus, 1758)<\/td>\n<td width=\"57\">615-620<\/p>\n<p>&nbsp;<\/td>\n<\/tr>\n<tr>\n<td width=\"511\">Edyta St\u0119pie\u0144:<\/p>\n<p>CHARACTERISTICS OF THE Bidentetea tipartitae R.TX., LOYMEYER ET PREISING IN R.TX. 1950 CLASS COMMUNITIES IN RIVER VALLEYS OF THE WA\u0141CZ PLAIN (POLAND)<\/td>\n<td width=\"57\">621-634<\/td>\n<\/tr>\n<tr>\n<td width=\"511\">Simona DUNCA, Mariana MURGOCI, Marius STEFAN and Octavita AILIESEI:<\/p>\n<p>STUDY OF BACTERIAL NITRIFICATION IN SOILS\u00a0SUBJECTED TO DIFFERENT TILLAGE SYSTEMS<\/td>\n<td width=\"57\">635-647<\/td>\n<\/tr>\n<tr>\n<td width=\"511\">Vasile SIRBU:<\/p>\n<p>THE DYNAMICS OF Rana temporaria temporaria Linn\u00e9, 1758 EGG-LAYING UNDER THE ACTION OF ANTHROPOGENIC PRESSURE<\/td>\n<td width=\"57\">649-653<\/td>\n<\/tr>\n<tr>\n<td width=\"511\">PROTECTION OF THE ENVIRONMENT<\/td>\n<td width=\"57\">&nbsp;<\/td>\n<\/tr>\n<tr>\n<td width=\"511\">Laura SHABANI and Ariola DEVOLLI:<\/p>\n<p>MICROBIAL SPOILAGE IN BEER PROCESSING BY BIOFILMS<\/td>\n<td width=\"57\">655-662<\/td>\n<\/tr>\n<tr>\n<td width=\"511\">Spiro DRUSHKU, Ismet BEQIRAJ and Edlira F.\u00a0MULLA:<\/p>\n<p>ALTERNATIVES OF USAGE OF THE LIQUEFIED PETROLEUM GAS IN ALBANIA<\/td>\n<td width=\"57\">663-671<\/td>\n<\/tr>\n<tr>\n<td width=\"511\">Ismet Beqiraj, Spiro Drushku, Bujar Seiti, Dritan Topi and Arion Mu\u00e7aj:<\/p>\n<p>ENVIRONMENTAL PROBLEMS IN ALBANIAN FIELDS OF PRODUCTION AND PROCESSING OF THE PETROLEUM<\/td>\n<td width=\"57\">673-685<\/td>\n<\/tr>\n<tr>\n<td width=\"511\">Edlira F. MULLA, Spiro DRUSHKU and Ismet BEQIRAJ:<\/p>\n<p>SULFUR CONTENT IN DIESELS TRADED IN ALBANIA IN 2004- 2010 AND THE IMPACT ON THE AIR CONCENTRATIONS OF SO2<\/td>\n<td width=\"57\">687-695<\/td>\n<\/tr>\n<tr>\n<td width=\"511\">Manjola BANJA and Tanja PORJA:<\/p>\n<p>EVALUATION OF OZONE TRANSPORT OVER ALBANIA DUE TO METEOROLOGICAL CONDITIONS<\/td>\n<td width=\"57\">697-704<\/td>\n<\/tr>\n<tr>\n<td width=\"511\">Klementina PUTO, Stela PAPA and Naxhije HILA:<\/p>\n<p>IMPACT OF LIVESTOCK MIGRATION ON DISTRIBUTION OF BRUCELLA MELITENSIS IN SOUTHERN ALBANIA PASTURE<\/td>\n<td width=\"57\">705-717<\/p>\n<p>&nbsp;<\/td>\n<\/tr>\n<tr>\n<td width=\"511\">Albana MUNGA, Dashamir XHAXHIU, Dritan LA\u00c7I and Ilir DOVA:<\/p>\n<p>CADMIUM ACCUMULATION IN THE MAIN ORGANS DURING A CHRONIC EXPOSURE<\/td>\n<td width=\"57\">719-730<\/p>\n<p>&nbsp;<\/td>\n<\/tr>\n<tr>\n<td width=\"511\">Stefan KUVENDZIEV, Kiril LISICHKOV, Dejan DIMITROVSKI:<\/p>\n<p>OPTIMIZATION OF THE BIOLOGICAL TREATMENT PROCESS OF RURAL WASTEWATER BY APPLICATION OF SURFACE METHOD<\/td>\n<td width=\"57\">731-738<\/td>\n<\/tr>\n<tr>\n<td width=\"511\">Garo MARDIROSSIAN, Stiliyan STOYANOV and Margarita PHILIPOVA:<br \/>\nRESEARCH OF THE VARIATIONS OF THE ATMOSPHERIC OZONE AND CHANGE OF THE ULTRAVIOLET SUN RADIATION OVER NORTHEASTERN BULGARIA<\/td>\n<td width=\"57\">739-742<\/p>\n<p>&nbsp;<\/td>\n<\/tr>\n<tr>\n<td width=\"511\">Sonila DUKA and Alqi \u00c7ULLAJ:<\/p>\n<p>AN OPTIMAL PROCEDURE FOR AMMONIACAL NITROGEN ANALYSIS IN NATURAL WATERS USING INDOPHENOL BLUE METHOD<\/td>\n<td width=\"57\">743-751<\/p>\n<p>&nbsp;<\/td>\n<\/tr>\n<tr>\n<td width=\"511\">Nazmi DURKAN, Yunus DOGAN, Mehmet Cuneyt UNVER, Mustafa ISILOGLU and Kudret KABAR:<\/p>\n<p>LEVELS OF TRACE METALS IN SOME MACROFUNGI FROM BUYUK MENDERES RIVER BASIN<\/td>\n<td width=\"57\">753-759<\/p>\n<p>&nbsp;<\/td>\n<\/tr>\n<tr>\n<td width=\"511\">Jetmira ABESHI, Luljeta DHASKALI, Ivana DERVISHI, Elenica DIMCO and Enkelana ELMASLLARI:<\/p>\n<p>ACCUMULATION OF CADMIUM AND CHROMIUM IN WATER AND BIOTA IN DURRES BAY (ALBANIA)<\/td>\n<td width=\"57\">761-771<\/p>\n<p>&nbsp;<\/td>\n<\/tr>\n<tr>\n<td width=\"511\">Kozeta VASO, Mevlude DEMA and Jozefita MARKU:<\/p>\n<p>PRODUCTION OF THE ANIONIC SURFACTANT FROM SOAPSTOCK OF THE SUNFLOWER OIL<\/td>\n<td width=\"57\">773-783<\/p>\n<p>&nbsp;<\/td>\n<\/tr>\n<tr>\n<td width=\"511\">Jelica STOJANOVI\u0106, Violeta JAKOVLJEVI\u0106, Ivana MATOVI\u0106, Zoran MIJU\u0160KOVI\u0106 and Tomislav NEDELJKOVI\u0106:<\/p>\n<p>BIOCHEMICAL AND ENZYMATIC CHANGES OF ASPERGILLUS NIGER van Tieghem, 1867 THE INFLUENCE BY DETERGENT AND ITS COMPONENTS<\/td>\n<td width=\"57\">785-793<\/td>\n<\/tr>\n<tr>\n<td width=\"511\">Jelica STOJANOVI\u0106, Violeta JAKOVLJEVI\u0106, Ivana MATOVI\u0106, Zoran MIJU\u0160KOVI\u0106 and Tomislav NEDELJKOVI\u0106:<\/p>\n<p>BIOCHEMICAL CHANGES OF BIOPRODUCTION OF CARBON HYDRATES OF ASPERGILLUS NIGER van Tieghem, 1867 THE INFLUENCE BY DETERGENT AND ITS COMPONENTS<\/td>\n<td width=\"57\">795-802<\/p>\n<p>&nbsp;<\/td>\n<\/tr>\n<tr>\n<td width=\"511\">Lirika KUPE, Aleko MIHO, Alqi \u00c7ULLAJ and Pranvera LAZO:<\/p>\n<p>ACCUMULATION OF HEAVY METALS IN WATER, BIOTA AND SEDIMENT IN SOME ALBANIAN RIVERS<\/td>\n<td width=\"57\">803-813<\/td>\n<\/tr>\n<tr>\n<td width=\"511\">Antonia POIATA, Aurora AMBARUS, Aida BADESCU and Cristina TUCHILUS:<\/p>\n<p>RESISTANCE TO MERCURY SALTS IN Escherichia coli<\/td>\n<td width=\"57\">815-818<\/td>\n<\/tr>\n<tr>\n<td width=\"511\">Mirela LIKA (\u00c7EKANI), Alba DAKO:<\/p>\n<p>THE MAIN POLLUTIONS IN DURRES CITY AND THE IMPACT ON POPULATION HEALTH<\/td>\n<td width=\"57\">819-826<\/td>\n<\/tr>\n<tr>\n<td width=\"511\">Laura SHUMKA, Mandi MARKU and Spase SHUMKA:<\/p>\n<p>THE STUDY OF BIOLOGICAL DECAY WITH CHURCH WOODEN MATERIALS IN PRESPA LAKE AREA, ALBANIA)<\/td>\n<td width=\"57\">827-831<\/td>\n<\/tr>\n<tr>\n<td width=\"511\">Sotir MALI, Spase SHUMKA, Lulezim SHUKA, Arefi CAKE, Naxhije HILA, Ariola DEVOLLI:<\/p>\n<p>EVALUATION OF SOME LAKES IN DUMRE-DARSIA PLATEAU FROM THE COLIFORM POLLUTION POINT OF VIEW<\/td>\n<td width=\"57\">833-841<\/td>\n<\/tr>\n<tr>\n<td width=\"511\">Enkeleda OZUNI, Luljeta DHASKALI, Jetmira ABESHI, Muhamet ZOGAJ, Imer HAZIRI, Doriana BEQIRAJ and Fatgzim LATIFI:<\/p>\n<p>HEAVY METALS IN FISH FOR PUBLIC CONSUMPTION AND CONSUMER PROTECTION<\/td>\n<td width=\"57\">843-851<\/td>\n<\/tr>\n<tr>\n<td width=\"511\">Anila NEZIRI,\u00a0Pranvera LAZO and Albrecht PASCHKE:<\/p>\n<p>POLYCYCLIC AROMATIC HYDROCARBONS IDENTIFICATION IN LAKE SHKODRA WATER BY USING THE MEMBRANE ENCLOSED SILICONE COLLECTOR (MESCO II)<\/td>\n<td width=\"57\">853-857<\/td>\n<\/tr>\n<tr>\n<td width=\"511\">Mirela LIKA (\u00c7EKANI), Alba DAKO, Odeta ME\u00c7E:<\/p>\n<p>THE MICROBIAL POLLUTION IN POOLS AND DISEASES CONECTED WITH THEM<\/td>\n<td width=\"57\">859-866<\/td>\n<\/tr>\n<tr>\n<td width=\"511\">Marku JOZEFITA, Vaso Kozeta and Caja Shqiponja:<\/p>\n<p>THE INFLUENCE OF TRIETANOLAMINE (TEA) ON CHARACTERISTICS OF FRESH AND HARDENED MORTARS CONTAINING LIMESTONE POWDER<\/td>\n<td width=\"57\">867-881<\/td>\n<\/tr>\n<tr>\n<td width=\"511\">Antonia POIATA, Cristina TUCHILUS, Elvira GILLE, Clara APROTOSOAIE, Ursula STANESCU and Monica HANCIANU:<\/p>\n<p>THE MICROBIAL LEVEL CONTAMINATION IN DRIED PLANT MATERIAL EVALUATED\u00a0BY THE STANDARD PLATE COUNT<\/td>\n<td width=\"57\">883-887<\/td>\n<\/tr>\n<tr>\n<td width=\"511\">Gladiola TANTARU, Madalina VIERIU and Antonia POIATA:<\/p>\n<p>SYNTHESIS AND ANTIMICROBIAL EVALUATION OF DIFFERENT SCHIFF BASES AND THEIR COMPLEXES<\/td>\n<td width=\"57\">889-895<\/td>\n<\/tr>\n<tr>\n<td width=\"511\">Teodora TEOFILOVA, Nikolai KODZHABASHEV, Svetoslav GERASIMOV\u00a0and Emilia MARKOVA:<\/p>\n<p>COMPARATIVE CHARACTERIZATION OF THE HEAVY METAL CONTENTS IN SAMPLES FROM TWO REGIONS IN BULGARIA WITH DIFFERENT ANTHROPOGENIC LOAD<\/td>\n<td width=\"57\">897-912<\/td>\n<\/tr>\n<tr>\n<td width=\"511\">AGROECOLOGY<\/td>\n<td width=\"57\">&nbsp;<\/td>\n<\/tr>\n<tr>\n<td width=\"511\">Igor PAJOVI\u0106, Georg W. BIRD, Sa\u0161a \u0160IRCA, Gregor UREK, Dragana RAJKOVI\u0106, L\u00e1szl\u00f3 BARSI and Milan RADIVOJEVI\u0106:<\/p>\n<p>MELOIDOGYNE (NEMATODA: HETERODERIDAE) DETECTED IN GREENHOUSES IN ZETA-BJELOPAVLI\u0106I VALLEY<\/td>\n<td width=\"57\">913-925<\/td>\n<\/tr>\n<tr>\n<td width=\"511\">Vjollca IBRO, Adem SALILLARI, Rushit SUNA and Bashkim GRIFSHA:<\/p>\n<p>A COMPARATIVE STUDY OF SOME Aegilops L. (Poaceae) COLLECTED AT DIFFERENT REGIONS OF ALBANIA<\/td>\n<td width=\"57\">927-935<\/td>\n<\/tr>\n<tr>\n<td width=\"511\">Spiro GRAZHDANI, Alma AHMETI, Marsela BITRI:<\/p>\n<p>An Evaluation and Comparison of Reference Crop EVapotranspiration in Climatic Conditions of Albania<\/td>\n<td width=\"57\">937-950<\/td>\n<\/tr>\n<tr>\n<td width=\"511\">Ana TOPALOVI\u0106, Petar PFENDT Mirko KNEZEVI\u0106 and Natalija PEROVI\u0106:<\/p>\n<p>APPLICATION OF MULTIVARIATE STATISTICAL ANALYSIS FOR THE ESTIMATION OF THE PHOSPHORUS STATUS IN CALCAREOUS SOIL<\/td>\n<td width=\"57\">951-956<\/td>\n<\/tr>\n<tr>\n<td width=\"511\">ECOLOGY AND NGO &amp; ECOLOGICAL EDUCATION<\/td>\n<td width=\"57\">&nbsp;<\/td>\n<\/tr>\n<tr>\n<td width=\"511\">Vesna NIKOLI\u0106 and Sanja DANKOVI\u0106:<\/p>\n<p>CORPORATE LEARNING MODEL IN THE FUNCTION OF ENVIRONMENTAL PROTECTION<\/td>\n<td width=\"57\">957-972<\/td>\n<\/tr>\n<tr>\n<td width=\"511\">Nurettin YOREK, Ilker UGULU, Mehmet SAHIN and Yunus DOGAN:<\/p>\n<p>A QUALITATIVE INVESTIGATION OF STUDENTS&#8217; UNDERSTANDING ABOUT ECOSYSTEM AND ITS COMPONENTS<\/td>\n<td width=\"57\">973-981<\/td>\n<\/tr>\n<tr>\n<td width=\"511\">SHORT COMMUNICATIONS<\/td>\n<td width=\"57\">&nbsp;<\/td>\n<\/tr>\n<tr>\n<td width=\"511\">Jelena NIK\u010cEVI\u0106:<\/p>\n<p>THE\u00a0INSECTS\u00a0SPECIES\u00a0IN\u00a0MONTENEGRO PROTECTED\u00a0ON THE NATIONAL LEVEL AND\u00a0THE SPECIES\u00a0FROM THE EMERALD LIST<\/td>\n<td width=\"57\">983-985<\/td>\n<\/tr>\n<tr>\n<td width=\"511\">BIOLOGICAL OBSERVATIONS AND SURVEYS<\/td>\n<td width=\"57\">&nbsp;<\/td>\n<\/tr>\n<tr>\n<td width=\"511\">Luljeta BUZA and Ermira XHUNGA:<\/p>\n<p>URBAN ENVIRONMENTAL MANAGEMENT IN ALBANIA<\/td>\n<td width=\"57\">987-996<\/td>\n<\/tr>\n<tr>\n<td width=\"511\">Oksana GOLOVCHENKO and Olga KASYANCHUK:<\/p>\n<p>THE ADVANCEMENT OF STUDENT ECOLOGICAL OUTLOOK IN THE COURCE OF STUDY OF MEDICAL BIOLOGY<\/td>\n<td width=\"57\">997-999<\/td>\n<\/tr>\n<tr>\n<td width=\"511\">Zhivko ZHEKOV, Stoyan VELKOSKI, Plamen CHERNOKOZHEV and Georgi GENOV:<\/p>\n<p>KEEPING THE ATMOSPHERE FROM POLLUTION \u2013 ONE OF THE BASIC PROBLEMS OF ENGINEER ECOLOGY<\/td>\n<td width=\"57\">1001-1005<\/td>\n<\/tr>\n<tr>\n<td width=\"511\">Bardhosh FERRAJ, Bari HODAJ, Zhaneta SHAHINI, Edlira KUKALI, Lush SUSAJ:<\/p>\n<p>EVALUATION OF AUTOCHTHONOUS CHERRY CULTIVARS \u201cZHITOME\u201d AND \u201cRED BELICE\u201d<\/td>\n<td width=\"57\">1007-1112<\/td>\n<\/tr>\n<tr>\n<td width=\"511\">Zamira SHABANI, Gentiana QIRJAKO, Fiqiret BUSHATI and Arben LUZATI:<\/p>\n<p>THE SITUATION OF FLOOD IN SHKODRA DURING JANUARY \u2013 FEBBRARY 2010<\/td>\n<td width=\"57\">1113-1118<\/p>\n<p>&nbsp;<\/td>\n<\/tr>\n<\/tbody>\n<\/table>","protected":false},"excerpt":{"rendered":"<p>Natura Montenegrina 9, complete number as PDF 29Mb &nbsp; CONTENTS: &nbsp; EDITORIAL BOARD 2 INSTRUCTION TO AUTHORS 3 \u00a0 Natura Montenegrina 9(1): \u00a0 BOTANY: \u00a0 Sead HAD\u017dIABLAHOVI\u0106 THE VASCULAR FLORA OF \u0106EMOVSKO POLJE FIELD (MONTENEGRO) 7-143 Natura Montenegrina 9(2): \u00a0 ZOOLOGY: \u00a0 Suvad LELO, Merima VOLODER, Mirzeta KA\u0160I\u0106-LELO, Adi VESNI\u0106 CONFIRMATION OF EXISTANCE OF STICK [&hellip;]<\/p>","protected":false},"author":1,"featured_media":0,"parent":0,"menu_order":0,"comment_status":"closed","ping_status":"closed","template":"","meta":{"footnotes":""},"class_list":["post-2138","page","type-page","status-publish","hentry"],"_links":{"self":[{"href":"https:\/\/pmcg.co.me\/en\/wp-json\/wp\/v2\/pages\/2138","targetHints":{"allow":["GET"]}}],"collection":[{"href":"https:\/\/pmcg.co.me\/en\/wp-json\/wp\/v2\/pages"}],"about":[{"href":"https:\/\/pmcg.co.me\/en\/wp-json\/wp\/v2\/types\/page"}],"author":[{"embeddable":true,"href":"https:\/\/pmcg.co.me\/en\/wp-json\/wp\/v2\/users\/1"}],"replies":[{"embeddable":true,"href":"https:\/\/pmcg.co.me\/en\/wp-json\/wp\/v2\/comments?post=2138"}],"version-history":[{"count":0,"href":"https:\/\/pmcg.co.me\/en\/wp-json\/wp\/v2\/pages\/2138\/revisions"}],"wp:attachment":[{"href":"https:\/\/pmcg.co.me\/en\/wp-json\/wp\/v2\/media?parent=2138"}],"curies":[{"name":"wp","href":"https:\/\/api.w.org\/{rel}","templated":true}]}}