{"id":2113,"date":"2021-11-01T18:20:54","date_gmt":"2021-11-01T18:20:54","guid":{"rendered":"https:\/\/pmcg.co.me\/?page_id=2113"},"modified":"2021-11-01T18:20:54","modified_gmt":"2021-11-01T18:20:54","slug":"natura-montenegrina-10-2011-journal-for-science-and-popular-science","status":"publish","type":"page","link":"https:\/\/pmcg.co.me\/en\/natura-montenegrina-10-2011-journal-for-science-and-popular-science\/","title":{"rendered":"Natura Montenegrina 10, 2011 Journal for science and popular science"},"content":{"rendered":"<p><a href=\"https:\/\/drive.google.com\/file\/d\/1vGDXkvtpcPOjyv1EOpmResM3OEQ10T7d\/view?usp=sharing\" target=\"_blank\" rel=\"noopener\">Natura Montenegrina 10, 2011\u00a0 complete journal PDF 30 MB<\/a><\/p>\n<p>CONTENTS:<\/p>\n<p>&nbsp;<\/p>\n<table>\n<tbody>\n<tr>\n<td width=\"548\"><strong>EDITORIAL BOARD<\/strong><\/td>\n<td width=\"61\">2<\/td>\n<\/tr>\n<tr>\n<td width=\"548\"><strong>INSTRUCTION TO AUTHORS <\/strong><\/td>\n<td width=\"61\">3<\/td>\n<\/tr>\n<tr>\n<td width=\"548\"><strong>Natura Montenegrina 10(1):<\/strong><\/td>\n<td width=\"61\">&nbsp;<\/td>\n<\/tr>\n<tr>\n<td width=\"548\"><strong>BOTANY<\/strong>:<\/td>\n<td width=\"61\">&nbsp;<\/td>\n<\/tr>\n<tr>\n<td width=\"548\">Danijela STE\u0160EVI\u0106 &amp; Anton DRESCHER: ADDITIONS TO THE VASCULAR FLORA OF MONTENEGRO (NEW TAXA AND NEW RECORDS)<\/td>\n<td width=\"61\">7-16<\/td>\n<\/tr>\n<tr>\n<td width=\"548\"><strong>ZOOLOGY<\/strong>:<\/td>\n<td width=\"61\">&nbsp;<\/td>\n<\/tr>\n<tr>\n<td width=\"548\">Mahdieh ASADI: CHECKLIST AND DIVERSITY OF WATER MITES (Acari: Hydrachnidia) IN KERMAN PROVINCE (SOUTHEAST OF IRAN)<\/td>\n<td width=\"61\">17-28<\/td>\n<\/tr>\n<tr>\n<td width=\"548\">Solmaz Azimi, Alireza Saboori and Davood Shirdel:\u00a0NEW MORPHOLOGICAL DATA ON <em>Eutrombium sorbasiensis<\/em> LARVA (ACARI: MICROTROMBIDIIDAE) FROM SPECIMENS COLLECTED IN IRAN<\/td>\n<td width=\"61\">29-36<\/td>\n<\/tr>\n<tr>\n<td width=\"548\">Ana PAVI\u0106EVI\u0106 &amp; Vladimir PE\u0160I\u0106:\u00a0FIRST RECORDS OF <em>Oreodytes septentrionalis<\/em> (Gyllenhal, 1826) (Coleoptera, Dytiscidae) FROM MONTENEGRO<\/td>\n<td width=\"61\">37-39<\/td>\n<\/tr>\n<tr>\n<td width=\"548\">Jelena NIK\u010cEVI\u0106:\u00a0SOME ECOLOGICAL DATA OF COLEOPTERA IN A BEACH DUNE SYSTEM OF GREAT ULCINJ BEACH IN MONTENEGRO<\/td>\n<td width=\"61\">41-48<\/td>\n<\/tr>\n<tr>\n<td width=\"548\"><strong>AGROECOLOGY<\/strong><\/td>\n<td width=\"61\">&nbsp;<\/td>\n<\/tr>\n<tr>\n<td width=\"548\">Aleksandar ODALOVI\u0106, Ranko PRENKI\u0106, Marijana BULATOVI\u0106, Vesna MRDOVI\u0106, Ivana BURZANOVI\u0106:\u00a0THE NATURAL PRODUCTION OF FRUIT JUICES IN MONTENEGRO<\/td>\n<td width=\"61\">49-55<\/td>\n<\/tr>\n<tr>\n<td width=\"548\"><strong>MICROBIOLOGY<\/strong><\/td>\n<td width=\"61\">&nbsp;<\/td>\n<\/tr>\n<tr>\n<td width=\"548\">Danijela VUJO\u0160EVI\u0106, Boban MUGO\u0160A, Uro\u0161 CVELBAR, Miran MOZETI\u010c, Ur\u0161ka REPNIK, Tina ZAVA\u0160NIK-BERGANT, Danijela RAJKOVI\u0106 &amp; Sanja MEDENICA:\u00a0BACTERICIDAL EFFECTS OF LOW-TEMPERATURE OXYGEN PLASMA ON <em>Bacillus stearothermophilus<\/em> AND <em>Staphylococcus aureus<\/em><\/td>\n<td width=\"61\">57-70<\/td>\n<\/tr>\n<tr>\n<td width=\"548\"><strong>Natura Montenegrina 10(2):<\/strong><\/td>\n<td width=\"61\">&nbsp;<\/td>\n<\/tr>\n<tr>\n<td width=\"548\"><strong>BOTANY<\/strong><\/td>\n<td width=\"61\">&nbsp;<\/td>\n<\/tr>\n<tr>\n<td width=\"548\">Bo\u017eena Miti\u0107, Dalibor Vladovi\u0107 &amp; Nediljko Zevrnja:\u00a0ANALYSIS OF FAMILY ROSACEAE FROM CARL STUDNICZKA'S HERBARIUM<\/td>\n<td width=\"61\">71-85<\/td>\n<\/tr>\n<tr>\n<td width=\"548\"><strong>ZOOLOGY<\/strong><\/td>\n<td width=\"61\">&nbsp;<\/td>\n<\/tr>\n<tr>\n<td width=\"548\">Andrzej Jadwiszczak, Lech Pietrzak, Andrzej Zawal, Stojmir Stojanovski, Stoe Smiljkov &amp; Goce Kostoski:\u00a0LADYBIRDS (COCCINELLIDAE) FROM NEIGHBOURHOOD OF OHRID AND PRESPA LAKES (REPUBLIC OF MACEDONIA)<\/td>\n<td width=\"61\">87-92<\/td>\n<\/tr>\n<tr>\n<td width=\"548\">Ariana Striniqi Lacej, Kastriot Misja &amp; Neira Medja:\u00a0SOME ENDANGERED COLEOPTERA SPECIES OF ALBANIA<\/td>\n<td width=\"61\">93-100<\/td>\n<\/tr>\n<tr>\n<td width=\"548\">Ataollah Rahimi &amp; Mahdieh Asadi:\u00a0MORPHOLOGICAL CHARACTERISTICS OF <em>Apis mellifera meda<\/em> (HYMENOPTERA: APIDAE) IN SAGHEZ (WEST OF IRAN)<\/td>\n<td width=\"61\">101-107<\/td>\n<\/tr>\n<tr>\n<td width=\"548\">Bo\u017eana Karaman:\u00a0CONTRIBUTION TO THE KNOWLEDGE OF THE GASTROPODA (MOLLUSCA) OF THE HILANDAR MONASTERY, GREECE<\/td>\n<td width=\"61\">109-113<\/td>\n<\/tr>\n<tr>\n<td width=\"548\">Milen Vassilev, Apostolos Apostolou, Boris Velkov, Petya Ivanova, Marina Panayotova, Dobrin Dobrev, Luchezar Pehlivanov:\u00a0STATUS OF GOBIID ICHTHYOFAUNA (Gobiidae) IN BULGARIA: TAXONOMICAL, CONSERVATIVE, ECOLOGICAL AND SOCIAL ASPECTS<\/td>\n<td width=\"61\">115-124<\/td>\n<\/tr>\n<tr>\n<td width=\"548\"><strong>ECOLOGY AND PROTECTION OF ENVIRONMENT<\/strong><\/td>\n<td width=\"61\">&nbsp;<\/td>\n<\/tr>\n<tr>\n<td width=\"548\">Cristiana Virginia Petre, Teodor Petre &amp; Carolina Marinela Petre:\u00a0BIRDS OF CONSERVATION CONCERN AND THEIR PRESENT STATUS IN THE SPECIA PROTECTED AREAS (SPA) FROM IALOMITA COUNTY (ROMANIA)<\/td>\n<td width=\"61\">125-135<\/td>\n<\/tr>\n<tr>\n<td width=\"548\">Sokol ABAZI, Henriketa FICO:\u00a0THE ENVIRONMENTAL IMPACT OF HYDROLATES PRODUCED FROM THE ESSENTIAL OIL INDUSTRY IN ALBANIA<\/td>\n<td width=\"61\">137-142<\/td>\n<\/tr>\n<tr>\n<td width=\"548\">Halit Memoci, Kapllan Sulaj:\u00a0CONTAMINATION WITH <em>Listeria monocytogenes<\/em> OF LIVE <em>Mytillis galloprovincialis<\/em> COLLECTED FROM BUTRINTI LAGOON<\/td>\n<td width=\"61\">143-148<\/td>\n<\/tr>\n<tr>\n<td width=\"548\">Valbona HOXHA, Enkela NO\u00c7KA:\u00a0HYDROGEN PERMEATION IN CARBON STEEL AND INHIBITORS IMPACT'S STUDY<\/td>\n<td width=\"61\">149-155<\/td>\n<\/tr>\n<tr>\n<td width=\"548\">Rozeta Hasalliu, Elvira Beli &amp; Jorinda Terpollari:\u00a0EVALUATION OF THE POLLUTION LEVEL OF WATER OF THE WELLS IN A PERIPHERAL AREA OF TIRANA BY MICROBIOLOGICAL PARAMETERS<\/td>\n<td width=\"61\">157-160<\/td>\n<\/tr>\n<tr>\n<td width=\"548\">Sne\u017eana Stavreva-Veselinovska &amp; Jordan \u017divanovi\u0107:\u00a0LEAD CONCENTRATIONS IN DIFFERENT ANIMAL TISSUE, MUSCLES AND ORGANS AT SPECIFIC LOCALITIES IN PROBI\u0160TIP AND ITS SURROUNDINGS (REPUBLIC OF MACEDONIA)<\/td>\n<td width=\"61\">161-168<\/td>\n<\/tr>\n<tr>\n<td width=\"548\"><strong>MEDICINE<\/strong><\/td>\n<td width=\"61\">&nbsp;<\/td>\n<\/tr>\n<tr>\n<td width=\"548\">An\u0111elka \u0160\u0107epanovi\u0107 and Danijela Bulatovi\u0107:\u00a0SOME ANTHROPOLOGIC CHARACTERISTICS OF CHILDREN IN PODGORICA IN 2000 AND 2009<\/td>\n<td width=\"61\">169-176<\/td>\n<\/tr>\n<tr>\n<td width=\"548\">An\u0111elka \u0160\u0107epanovi\u0107:\u00a0SOME EXTERNAL FACTORS INFLUENCING THE DEVELOPMENT OF CHILDHOOD ASTHMA<\/td>\n<td width=\"61\">177-182<\/td>\n<\/tr>\n<tr>\n<td width=\"548\"><strong>SHORT COMMUNICATIONS<\/strong><\/td>\n<td width=\"61\">&nbsp;<\/td>\n<\/tr>\n<tr>\n<td width=\"548\">Ataollah Rahimi, Mahdieh Asadi &amp; Keyvan Nabati:\u00a0SEX ALLELES HOMOZYGOSITY PERCENT OF HONEY BEE COLONIES (<em>Apis mellifera meda<\/em>) (Hymenoptera: Apidae) IN KORDESTAN PROVINCE (WEST OF IRAN)<\/td>\n<td width=\"61\">183-185<\/td>\n<\/tr>\n<tr>\n<td width=\"548\"><strong>Natura Montenegrina 10(3):<\/strong><\/td>\n<td width=\"61\">&nbsp;<\/td>\n<\/tr>\n<tr>\n<td width=\"548\"><strong>FUNGAL DIVERSITY<\/strong><\/td>\n<td width=\"61\">&nbsp;<\/td>\n<\/tr>\n<tr>\n<td width=\"548\">Gordana KASOM &amp; Mitko KARADELEV:\u00a0PRELIMINARY CHECKLIST OF THE GENUS <em>Boletus<\/em> L. IN CRNA GORA (MONTENEGRO)<\/td>\n<td width=\"61\">187-199<\/td>\n<\/tr>\n<tr>\n<td width=\"548\"><strong>BOTANY<\/strong><\/td>\n<td width=\"61\">&nbsp;<\/td>\n<\/tr>\n<tr>\n<td width=\"548\">Mijat Bo\u017eovi\u0107:\u00a0RIPARIAN VEGETATION OF MONTENEGRO: REVIEW OF PREVIOUS RESEARCHES, IMPORTANCE AND VULNERABILITY OF THESE HABITATS<\/td>\n<td width=\"61\">201-214<\/td>\n<\/tr>\n<tr>\n<td width=\"548\">Skerdilaid Xhulaj:\u00a0PHYTOPLANKTON ABUNDANCE AND COMPOSITION IN VILUNI LAGOON (ALBANIAN NORTHERN COAST)<\/td>\n<td width=\"61\">215-225<\/td>\n<\/tr>\n<tr>\n<td width=\"548\"><strong>ZOOLOGY<\/strong><\/td>\n<td width=\"61\">&nbsp;<\/td>\n<\/tr>\n<tr>\n<td width=\"548\">Yanka Vidinova, Violeta Tyufekchieva and Luchezar Pehlivanov:\u00a0FIRST DATA ON BENTHIC MACROINVERTEBRATE COMMUNITIES IN MARSHES ON THE BELENE ISLAND (LOWER DANUBE, BULGARIAN STRETCH) AFTER THEIR RENEWED FLOODING<\/td>\n<td width=\"61\">227-236<\/td>\n<\/tr>\n<tr>\n<td width=\"548\">Bogi\u0107 GLIGOROVI\u0106, Vladimir PE\u0160I\u0106 and Aleksandra GLIGOROVI\u0106:\u00a0CONTRIBUTION TO THE KNOWLEDGE OF THE DRAGONFLIES (ODONATA) OF THE PLAVSKO LAKE AREA (MONTENEGRO)<\/td>\n<td width=\"61\">237-243<\/td>\n<\/tr>\n<tr>\n<td width=\"548\">Suvad Lelo &amp; Adi Vesni\u0107:\u00a0REVISION OF THE CHECKLIST OF AMPHIBIANS (VERTEBRATA, AMPHIBIA) OF BOSNIA AND HERZEGOVINA<\/td>\n<td width=\"61\">245-257<\/td>\n<\/tr>\n<tr>\n<td width=\"548\"><strong>ECOLOGY, PHYSIOLOGY AND PROTECTION OF ENVIRONMENT<\/strong><\/td>\n<td width=\"61\">&nbsp;<\/td>\n<\/tr>\n<tr>\n<td width=\"548\">Neda DEVI\u0106 and Stanka FILIPOVI\u0106:\u00a0GEOCHEMICAL-ECOLOGICAL PROPERTIES OF SPRING WATERS FROM UPPER MORA\u010cA CATCHMENT AREA<\/td>\n<td width=\"61\">259-274<\/td>\n<\/tr>\n<tr>\n<td width=\"548\">Elda MARKU, Aurel NURO and Bledar MURTAJ:\u00a0AN ANALYTICAL SURVEY OF PCB LEVELS IN SEDIMENT SAMPLES OF VLORA BAY, ALBANIA<\/td>\n<td width=\"61\">275-281<\/td>\n<\/tr>\n<tr>\n<td width=\"548\">Manola AVDOLLI, Arefi CAKE and Belinda HOXHA:\u00a0WATER QUALITY OF THE PATOKU LAGOON<\/td>\n<td width=\"61\">283-294<\/td>\n<\/tr>\n<tr>\n<td width=\"548\">Manjola BANJA and Aferdita LASKA (MERKOCI):\u00a0OZONE EFFECT ON VEGETATION IN TIRANA AREA<\/td>\n<td width=\"61\">295-301<\/td>\n<\/tr>\n<tr>\n<td width=\"548\">Neira MEDJA and Edmond PANARITI:\u00a0INFLUENCE OF CYANOTOXINS ON LARVAL DEVELOPMENT OF <em>Carassius gibelio<\/em> (Bloch, 1782)<\/td>\n<td width=\"61\">303-308<\/td>\n<\/tr>\n<tr>\n<td width=\"548\">Violin RAYKOV, Violeta VELIKOVA Kiril LISICHKOV and Stefan KUVENDZIEV:\u00a0REVIEW OF MAIN FISHERIES INDICATORS IN THE BLACK SEA BY USING DIAGNOSTIC ANALYSIS<\/td>\n<td width=\"61\">309-321<\/td>\n<\/tr>\n<tr>\n<td width=\"548\">Maja KOSTI\u0106-MANDI\u0106:\u00a0HARMONISATION OF THE MONTENEGRIN ENVIRONMENTAL LEGISLATION WITH THE EUROPEAN UNION LAW<\/td>\n<td width=\"61\">323-333<\/td>\n<\/tr>\n<tr>\n<td width=\"548\"><strong>BIOCHEMISTRY AND MEDICINE<\/strong><\/td>\n<td width=\"61\">&nbsp;<\/td>\n<\/tr>\n<tr>\n<td width=\"548\">Sa\u00e2d MOULAY, Ahmed CHALANE and Zahia OUAD-FEUL:\u00a0PALM STEARIN IN THE SOAP-MAKING PROCESS<\/td>\n<td width=\"61\">335-346<\/td>\n<\/tr>\n<tr>\n<td width=\"548\">Armida KO\u00c7I, Elda KAMANI and Tefta REXHA:\u00a0SKIN HAIRINESS AND OTHER RELEVANT CATEGORICAL VARIABLE DATA AND RELATIONSHIPS, OBSERVED IN A SAMPLE OF FEMALE UNIVERSITY STUDENTS IN TIRANA<\/td>\n<td width=\"61\">347-353<\/td>\n<\/tr>\n<tr>\n<td width=\"548\"><strong>SHORT COMMUNICATIONS<\/strong><\/td>\n<td width=\"61\">&nbsp;<\/td>\n<\/tr>\n<tr>\n<td width=\"548\">Toni KOREN:\u00a0FIRST RECORD OF STRAWBERRY SPIDER <em>Araneus alsine<\/em> (Walckenaer, 1802) IN ISTRIA, CROATIA<\/td>\n<td width=\"61\">355-357<\/td>\n<\/tr>\n<tr>\n<td width=\"548\"><strong>Natura Montenegrina 10(4):<\/strong><\/td>\n<td width=\"61\">&nbsp;<\/td>\n<\/tr>\n<tr>\n<td width=\"548\"><strong>FUNGAL DIVERSITY<\/strong><\/td>\n<td width=\"61\">&nbsp;<\/td>\n<\/tr>\n<tr>\n<td width=\"548\">Ilinka \u0106ETKOVI\u0106, Gordana KASOM and Suzana MALID\u017dAN:\u00a0COLLECTION OF FUNGI AT THE NATURAL HISTORY MUSEUM OF MONTENEGRO<\/td>\n<td width=\"61\">359-376<\/td>\n<\/tr>\n<tr>\n<td width=\"548\">Gordana KASOM and Ilinka \u0106ETKOVI\u0106:\u00a0<em>Sarcosphaera coronaria<\/em> \u2013 THE DISTRIBUTION AND CONSERVATION STATUS IN MONTENEGRO<\/td>\n<td width=\"61\">377-383<\/td>\n<\/tr>\n<tr>\n<td width=\"548\"><strong>BOTANY<\/strong><\/td>\n<td width=\"61\">&nbsp;<\/td>\n<\/tr>\n<tr>\n<td width=\"548\">Sne\u017eana DRAGI\u0106EVI\u0106, Branka KNE\u017dEVI\u0106 and Ilinka \u0106ETKOVI\u0106:\u00a0LICHEN COLLECTION OF THE HERBARIUM IN THE NATURAL HISTORY MUSEUM OF MONTENEGRO (CRNA GORA)<\/td>\n<td width=\"61\">385-394<\/td>\n<\/tr>\n<tr>\n<td width=\"548\">Vera BIBERD\u017dI\u0106:\u00a0HERBARIUM SAMPLES OF MARINE ALGAE IN THE NATURAL HISTORY MUSEUM<\/td>\n<td width=\"61\">395-398<\/td>\n<\/tr>\n<tr>\n<td width=\"548\">Sne\u017eana VUKSANOVI\u0106 and Nada BUBANJA:\u00a0FAMILY CARYOPHYLLACEAE IN THE COLLECTION OF FLOWERING PLANTS AND FERNS AT THE NATURAL HISTORY MUSEUM OF MONTENEGRO<\/td>\n<td width=\"61\">399-404<\/td>\n<\/tr>\n<tr>\n<td width=\"548\"><strong>ZOOLOGY<\/strong><\/td>\n<td width=\"61\">&nbsp;<\/td>\n<\/tr>\n<tr>\n<td width=\"548\">Marjan KOMNENOV, Predrag LAZAREVI\u0106 and Dragan PAVI\u0106EVI\u0106:\u00a0NEW RECORDS OF THE WATER SPIDER <em>Argyroneta aquatica<\/em> (Clerck, 1757) (Araneae, Cybaeidae) IN SERBIA<\/td>\n<td width=\"61\">405-414<\/td>\n<\/tr>\n<tr>\n<td width=\"548\">Tapas CHATTERJEE and Bhikari Charan GURU:\u00a0SCANNING ELECTRON MICROSCOPIC OBSERVATIONS OF <em>Agauopsis arabia<\/em> BARTSCH &amp; CHATTERJEE (ACARI, HALACARIDAE) WITH NOTES ON THE DISTRIBUTION OF <em>Agauopsis<\/em> IN THE INDIAN OCEAN<\/td>\n<td width=\"61\">415-423<\/td>\n<\/tr>\n<tr>\n<td width=\"548\">Tapas CHATTERJEE and Bhikari Charan GURU:\u00a0SCANNING ELECTRON MICROSCOPIC OBSERVATIONS OF <em>Copidognathus arabicus<\/em> CHATTERJEE &amp; CHANG (ACARI, HALACARIDAE) AND NOTES ON THE DISTRIBUTION OF THE <em>Copidognathus bairdi<\/em> GROUP SENSU LATO IN THE INDIAN OCEAN<\/td>\n<td width=\"61\">425-434<\/td>\n<\/tr>\n<tr>\n<td width=\"548\">Majid MIRAB-BALOU and Xue-xin CHEN:\u00a0IRANIAN THRIPINAE WITH CTENIDIA LATERALLY ON THE ABDOMINAL TERGITES (THYSANOPTERA: THRIPIDAE)<\/td>\n<td width=\"61\">435-466<\/td>\n<\/tr>\n<tr>\n<td width=\"548\">Sabina SU\u0106ESKA and Jesenko KARA\u010cI\u0106:\u00a0LESSER EMPEROR DRAGONFLY <em>Anax parthenope<\/em> (Selys, 1839) (Insecta: Aeshnoidea, Aeshnidae), A NEW SPECIES ON ODONATA OF BOSNIA AND HERZEGOVINA<\/td>\n<td width=\"61\">467-472<\/td>\n<\/tr>\n<tr>\n<td width=\"548\">Lidija POLOVI\u0106:<\/p>\n<p>SPECIES OF THE GENUS: A<em>LGYROIDES, DALMATOLACERTA<\/em> AND <em>DINAROLACERTA<\/em> (LACERTIDAE) IN THE COLLECTION OF THE NATURAL HISTORY MUSEUM OF MONTENEGRO<\/td>\n<td width=\"61\">473-485<\/td>\n<\/tr>\n<tr>\n<td width=\"548\">Lidija POLOVI\u0106 and Katarina LJUBISAVLJEVI\u0106: MORPHOLOGICAL CHARACTERISTICS OF AN INSULAR POPULATION OF THE DALMATIAN ALGYROIDES (<em>Algyroides nigropunctatus<\/em> DUMERIL &amp; BIBRON, 1839) (LACERTIDAE) FROM THE SKADAR LAKE (MONTENEGRO)<\/td>\n<td width=\"61\">487-495<\/td>\n<\/tr>\n<tr>\n<td width=\"548\"><strong>ECOLOGY AND PROTECTION OF ENVIRONMENT<\/strong><\/td>\n<td width=\"61\">&nbsp;<\/td>\n<\/tr>\n<tr>\n<td width=\"548\">Svetlana PEROVI\u0106, Jelena RAKO\u010cEVI\u0106 and Andrej PEROVI\u0106: IN VITRO BIOASSAYS AS DIAGNOSTIC TOOLS FOR TOXICOLOGICAL EFFECTS ASESSMENT OF POLLUTED ENVIRONMENT AND TRIAD APPROACH<\/td>\n<td width=\"61\">497-505<\/td>\n<\/tr>\n<tr>\n<td width=\"548\">Jelena RAKO\u010cEVI\u0106 and Svetlana PEROVI\u0106:\u00a0TOXICITY ASSESSMENT OF SKADAR LAKE SEDIMENTS USING ALGAL BIOASSAY \u2013 PRELIMINARY STUDY<\/td>\n<td width=\"61\">507-514<\/td>\n<\/tr>\n<tr>\n<td width=\"548\"><strong>BIOLOGICAL OBSERVATIONS AND SURVEYS<\/strong><\/td>\n<td width=\"61\">&nbsp;<\/td>\n<\/tr>\n<tr>\n<td width=\"548\">Dragana MILI\u010cI\u0106, Luka LU\u010cI\u0106 and Sofija PAVKOVI\u0106-LU\u010cI\u0106:\u00a0HOW MANY DARWINS? &#8211; LIST OF ANIMAL TAXA NAMED AFTER CHARLES DARWIN<\/td>\n<td width=\"61\">515-532<\/td>\n<\/tr>\n<\/tbody>\n<\/table>\n<p>&nbsp;<\/p>","protected":false},"excerpt":{"rendered":"<p>Natura Montenegrina 10, 2011\u00a0 complete journal PDF 30 MB CONTENTS: &nbsp; EDITORIAL BOARD 2 INSTRUCTION TO AUTHORS 3 Natura Montenegrina 10(1): &nbsp; BOTANY: &nbsp; Danijela STE\u0160EVI\u0106 &amp; Anton DRESCHER: ADDITIONS TO THE VASCULAR FLORA OF MONTENEGRO (NEW TAXA AND NEW RECORDS) 7-16 ZOOLOGY: &nbsp; Mahdieh ASADI: CHECKLIST AND DIVERSITY OF WATER MITES (Acari: Hydrachnidia) IN [&hellip;]<\/p>","protected":false},"author":1,"featured_media":0,"parent":0,"menu_order":0,"comment_status":"closed","ping_status":"closed","template":"","meta":{"footnotes":""},"class_list":["post-2113","page","type-page","status-publish","hentry"],"_links":{"self":[{"href":"https:\/\/pmcg.co.me\/en\/wp-json\/wp\/v2\/pages\/2113","targetHints":{"allow":["GET"]}}],"collection":[{"href":"https:\/\/pmcg.co.me\/en\/wp-json\/wp\/v2\/pages"}],"about":[{"href":"https:\/\/pmcg.co.me\/en\/wp-json\/wp\/v2\/types\/page"}],"author":[{"embeddable":true,"href":"https:\/\/pmcg.co.me\/en\/wp-json\/wp\/v2\/users\/1"}],"replies":[{"embeddable":true,"href":"https:\/\/pmcg.co.me\/en\/wp-json\/wp\/v2\/comments?post=2113"}],"version-history":[{"count":0,"href":"https:\/\/pmcg.co.me\/en\/wp-json\/wp\/v2\/pages\/2113\/revisions"}],"wp:attachment":[{"href":"https:\/\/pmcg.co.me\/en\/wp-json\/wp\/v2\/media?parent=2113"}],"curies":[{"name":"wp","href":"https:\/\/api.w.org\/{rel}","templated":true}]}}