{"id":2106,"date":"2021-11-01T18:06:23","date_gmt":"2021-11-01T18:06:23","guid":{"rendered":"https:\/\/pmcg.co.me\/?page_id=2106"},"modified":"2021-11-01T18:11:34","modified_gmt":"2021-11-01T18:11:34","slug":"natura-montenegrina-11-2012-journal-for-science-and-popular-science","status":"publish","type":"page","link":"https:\/\/pmcg.co.me\/en\/natura-montenegrina-11-2012-journal-for-science-and-popular-science\/","title":{"rendered":"Natura Montenegrina 11, 2012 &#8211; Journal for Science and Popular Science"},"content":{"rendered":"<p><a title=\"Natura Montenegrina 11\" href=\"https:\/\/drive.google.com\/file\/d\/1tWz7HdnuqHXn_SfrDBBEuGvSVUbm_dVc\/view?usp=sharing\" target=\"_blank\" rel=\"noopener\">Natura Montenegrina 11, 2012\u00a0 \u00a0complete journal PDF 21 MB<\/a><\/p>\n<p>CONTENTS:<\/p>\n<table>\n<tbody>\n<tr>\n<td width=\"545\"><strong>EDITORIAL BOARD<\/strong><\/td>\n<td width=\"61\">2<\/td>\n<\/tr>\n<tr>\n<td width=\"545\"><strong>INSTRUCTION TO AUTHORS <\/strong><\/td>\n<td width=\"61\">3<\/td>\n<\/tr>\n<tr>\n<td width=\"545\"><strong>Natura Montenegrina 11(1):<\/strong><\/td>\n<td width=\"61\">&nbsp;<\/td>\n<\/tr>\n<tr>\n<td width=\"545\"><strong>ZOOLOGY<\/strong>:<\/td>\n<td width=\"61\">&nbsp;<\/td>\n<\/tr>\n<tr>\n<td width=\"545\">Bo\u017eana J. KARAMAN:\u00a0FAUNA OF GASTROPODA (MOLLUSCA) IN FRU\u0160KA GORA MOUNTAIN, VOJVODINA (SERBIA)<\/td>\n<td width=\"61\">7-34<\/td>\n<\/tr>\n<tr>\n<td width=\"545\">Gordan S. KARAMAN:\u00a0NEW STUDIES ON THE SUBTERRANEAN FAUNA OF TURKEY (CONTRIBUTION TO THE KNOWLEDGE OF THE AMPHIPODA 258)<\/td>\n<td width=\"61\">35-52<\/td>\n<\/tr>\n<tr>\n<td width=\"545\">Gordan S. KARAMAN:\u00a0NEW DATA OF THE SUBTERRANEAN FAMILY NIPHARGIDAE(AMPHIPODA, GAMMARIDEA) FROM TURKEY (CONTRIBUTION TO THE KNOWLEDGE OF THE AMPHIPODA 259)<\/td>\n<td width=\"61\">53-71<\/td>\n<\/tr>\n<tr>\n<td width=\"545\">Juma AL-MAMRY, Laith JAWAD, Jaifer AL-BUSAIDI, Ammar AL-MAMARI, Sami AL-MAMRY, Khadijah AL-OWISI, Mazin AL-RUBIEY and Luqman AL-HASANI:\u00a0THE USE OF EYE LENS DIAMETER AND WEIGHT IN AGE DETERMINATION IN Siganus canaliculatus (Park, 1797) (Perciformes, Siganidae) COLLECTED FROM THE ARABIAN SEA COASTS OF OMAN<\/td>\n<td width=\"61\">73-78<\/td>\n<\/tr>\n<tr>\n<td width=\"545\">Stevan D. MARI\u0106, Jelena V. RAKO\u010cEVI\u0106 and Drago S. MARI\u0106:\u00a0MORPHOLOGICAL CARACTERISTICS OF BARBELS (BARBUS, CYPRINIDAE) FROM THE WATERS OF MONTENEGRO<\/td>\n<td width=\"61\">79-92<\/td>\n<\/tr>\n<tr>\n<td width=\"545\"><strong>MEDICINE<\/strong><\/td>\n<td width=\"61\">&nbsp;<\/td>\n<\/tr>\n<tr>\n<td width=\"545\">Kozeta VASO, Aziz BEHRAMI and Sevdije GOVORI:\u00a0SYNTHESIS AND ANTIBACTERIAL ACTIVITY OF 4-(4-HYDROXY-PHENYLAMINE)-3-[1-(PHENYLHYDRAZINE]-ETHYL]-2H-[1]-BENZOPYRAN-2-ONE. THE COMPARISON OF THE ANTIBACTERIAL ACTIVITY WITH STANDARD DRUGS<\/td>\n<td width=\"61\">93-103<\/td>\n<\/tr>\n<tr>\n<td width=\"545\">Danijela VUJO\u0160EVI\u0106, Vineta VUKSANOVI\u0106, Mario POLJAK and Neboj\u0161a JOKMANOVI\u0106:\u00a0DETECTION AND TYPING OF GENITAL HUMAN PAPILLOMAVIRUSES BY ENZYME RESTRICTION OF POLYMERASE CHAIN REACTION PRODUCTS IN CERVICAL SAMPLES<\/td>\n<td width=\"61\">105-114<\/td>\n<\/tr>\n<tr>\n<td width=\"545\"><strong>SHORT COMMUNICATIONS<\/strong><\/td>\n<td width=\"61\">&nbsp;<\/td>\n<\/tr>\n<tr>\n<td width=\"545\">Budimir RA\u0160OVI\u0106:\u00a0SNOW BUNTING, Plectrophenax\u00a0nivalis L. 1758 (AVES, EMBERIZIDAE) NEW SPECIES IN FAUNA OF MONTENEGRO<\/p>\n<p>SNJE\u017dNA STRNADICA, Plectrophenax nivalis\u00a0L. 1758\u00a0(AVES, EMBERIZIDAE), NOVA VRSTA U FAUNI CRNE GORE.<\/td>\n<td width=\"61\">115-116<\/td>\n<\/tr>\n<tr>\n<td width=\"545\"><strong>Natura Montenegrina 11(2):<\/strong><\/td>\n<td width=\"61\">&nbsp;<\/td>\n<\/tr>\n<tr>\n<td width=\"545\"><strong>ZOOLOGY<\/strong><\/td>\n<td width=\"61\">&nbsp;<\/td>\n<\/tr>\n<tr>\n<td width=\"545\">Danijela \u0160UNDI\u0106 and Branko RADUJKOVI\u0106:\u00a0STUDY ON FRESHWATER OLIGOCHAETA OF MONTENEGRO AND THEIR USE AS INDICATORS IN WATER QUALITY ASSESSMENT<\/td>\n<td width=\"61\">117-383<\/td>\n<\/tr>\n<tr>\n<td width=\"545\"><strong>BOTANY<\/strong><\/td>\n<td width=\"61\">&nbsp;<\/td>\n<\/tr>\n<tr>\n<td width=\"545\">Rodica BERCU, Livia BROASCA:\u00a0BIOMETRICAL OBSERVATIONS ON Acer campestre var. lobatum Pax. AND Acer campeste var. normale (Sw.) Beldie (Aceraceae) LEAVES<\/p>\n<p>&nbsp;<\/td>\n<td width=\"61\">385-396<\/td>\n<\/tr>\n<tr>\n<td width=\"545\"><strong>Natura Montenegrina 11(3):<\/strong><\/td>\n<td width=\"61\">&nbsp;<\/td>\n<\/tr>\n<tr>\n<td width=\"545\"><strong>BOTANY<\/strong><\/td>\n<td width=\"61\">&nbsp;<\/td>\n<\/tr>\n<tr>\n<td width=\"545\">Bo\u017eena MITI\u0106, Dalibor VLADOVI\u0106 &amp; Nediljko \u017dEVRNJA:\u00a0ANALYSIS OF SOME FAMILYS FROM CARL STUDNICZKA'SHERBARIUM (I)<\/td>\n<td width=\"61\">397-404<\/td>\n<\/tr>\n<tr>\n<td width=\"545\">Danijela PRODANOVI\u0106, Zoran KRIVO\u0160EJ and Lidija AMID\u017dI\u0106\u00a0ECOLOGICAL FEATURES OF STEPPE FLORA ON THE IBAR VALLEY SERPENTINE, NORTHERN KOSOVO<\/td>\n<td width=\"61\">405-424<\/td>\n<\/tr>\n<tr>\n<td width=\"545\">Sead HAD\u017dIABLAHOVI\u0106\u00a0Vicia loiseleurii (M. B.) D. LITVINOV (Leguminosae) IN THE FLORA OF MONTENEGRO<\/td>\n<td width=\"61\">425-431<\/td>\n<\/tr>\n<tr>\n<td width=\"545\"><strong>ZOOLOGY<\/strong><\/td>\n<td width=\"61\">&nbsp;<\/td>\n<\/tr>\n<tr>\n<td width=\"545\">Saeid IRANMANESH, Jamasb NOZARI and Vahid HOSSEININAVEH:\u00a0ARTIFICIAL NEURAL NETWORKS FOR IDENTIFICATION OF PISTACHIO GREEN STINK BUG SPECIES BASED ON MORPHOMETRIC DATA<\/td>\n<td width=\"61\">433-442<\/td>\n<\/tr>\n<tr>\n<td width=\"545\">Ehsan KAZEMI and Asghar SHIRVANI\u00a0A CHECKLIST OF Caradrina Ochsenheimer, 1816 (Lep.: Noctuidae, Xyleninae) OF IRAN<\/td>\n<td width=\"61\">443-453<\/td>\n<\/tr>\n<tr>\n<td width=\"545\">Aleksandra GLIGOROVI\u0106, Vladimir PE\u0160I\u0106 &amp; Bogi\u0107 GLIGOROVI\u0106\u00a0CONTRIBUTION TO THE KNOWLEDGE OF THE COCCINELLIDAE (COLEOPTERA) OF PIPERI AREA (MONTENEGRO)<\/td>\n<td width=\"61\">455-461<\/td>\n<\/tr>\n<tr>\n<td width=\"545\">Laith JAWAD, Zahra SADIGHZADEH and Dawood AL-MAMARY:\u00a0PRELIMINARY STUDY ON THE ASYMMETRY IN SOME MORPHOLOGICAL CHARACTERS OF Lutjanus ehrenbergii (PETERS, 1869) (FAMILY: LUTJANIDAE) COLLECTED FROM BENDAR ABBAS, PERSIAN GULF<\/td>\n<td width=\"61\">463-472<\/td>\n<\/tr>\n<tr>\n<td width=\"545\">Natalija \u010cA\u0110ENOVI\u0106: SPECIES Bufo bufo (Linnaeus, 1758) IN THE COLLECTION OF THE NATURAL HISTORY MUSEUM OF MONTENEGRO<\/td>\n<td width=\"61\">473-483<\/td>\n<\/tr>\n<tr>\n<td width=\"545\"><strong>FUNGAL DIVERSITY<\/strong><\/td>\n<td width=\"61\">&nbsp;<\/td>\n<\/tr>\n<tr>\n<td width=\"545\">Gordana KASOM, Rajko TRIPI\u0106 and Sead HAD\u017dIABLAHOVI\u0106:\u00a0NEW AND RARE MACROMYCETES IN MONTENEGRO<\/td>\n<td width=\"61\">485-496<\/td>\n<\/tr>\n<tr>\n<td width=\"545\"><strong>AGROECOLOGY<\/strong><\/td>\n<td width=\"61\">&nbsp;<\/td>\n<\/tr>\n<tr>\n<td width=\"545\">Naser SABAGHNIA, Mohtasham MOHAMMADI and Rahmatollah KARIMIZADEH:\u00a0TARGETING IMPROVED GENOTYPES ONTO DURUM WHEAT GROWING LOCATIONS USING SITE REGRESSION MODEL<\/td>\n<td width=\"61\">497-509<\/td>\n<\/tr>\n<tr>\n<td width=\"545\">Naser SABAGHNIA, Mohtasham MOHAMMADI and Rahmatollah KARIMIZADEH:\u00a0INTERPRETATION OF GENOTYPE \u00d7 ENVIRONMENT INTERACTION IN MULTI-ENVIRONMENT TRIALS OF BREAD WHEAT USING CLUSTER ANALYSIS<\/td>\n<td width=\"61\">511-523<\/td>\n<\/tr>\n<tr>\n<td width=\"545\">Aleksandar ODALOVI\u0106, Ranko PRENKI\u0106 and Milica MRDAK:\u00a0THE PRODUCTION OF NATURAL FRUIT SYRUPS IN NORTH OF MONTENEGRO<\/td>\n<td width=\"61\">525-529<\/td>\n<\/tr>\n<tr>\n<td width=\"545\">Igor PAJOVI\u0106, Du\u0161an PETRI\u0106, Vladimir PE\u0160I\u0106 and Ljiljana PAJOVI\u0106:\u00a0COMPARISON OF CABBAGE AND VINEYARD ENTOMOFAUNA IN PODGORICA REGION<\/td>\n<td width=\"61\">531-550<\/td>\n<\/tr>\n<tr>\n<td width=\"545\"><strong>ECOLOGY, PHYSIOLOGY AND PROTECTION OF ENVIRONMENT<\/strong><\/td>\n<td width=\"61\">&nbsp;<\/td>\n<\/tr>\n<tr>\n<td width=\"545\">Milidin J. BAKALLI, Margarita HYSKO, Julis SELAMAJ J. and Klodiana LLALLA:\u00a0MONITORING OF DRINKING WATER IN TIRANA CITY BY MICROBIAL PARAMETERS<\/td>\n<td width=\"61\">551-554<\/td>\n<\/tr>\n<tr>\n<td width=\"545\">Igor V. DOVGAL and Sergej S. KRAMARENKO:\u00a0THE ESTIMATION OF THE SESSILE MICROORGANISM NUMBERS BY MEANS OF EVALUATION OF THE RELATIVE ABUNDANCES OF THEIR MIGRATORY STAGES<\/td>\n<td width=\"61\">555-561<\/td>\n<\/tr>\n<tr>\n<td width=\"545\"><strong>BIOCHEMISTRY AND MEDICINE<\/strong><\/td>\n<td width=\"61\">&nbsp;<\/td>\n<\/tr>\n<tr>\n<td width=\"545\">Vineta VUKSANOVI\u0106, Jovana VUKOVI\u0106 and Filip VUKMIROVI\u0106:\u00a0Chlamydia trachomatis \u2013 CONNECTION WITH CERVICAL CANCER IN WOMEN WITH POSITIVE RESULTS OF HUMAN PAPILLOMAVIRUS<\/p>\n<p>&nbsp;<\/td>\n<td width=\"61\">563-576<\/td>\n<\/tr>\n<tr>\n<td width=\"545\"><strong>BIOLOGICALOBSERVATIONS AND SURVEYS<\/strong><\/td>\n<td width=\"61\">&nbsp;<\/td>\n<\/tr>\n<tr>\n<td width=\"545\">\u010ceda IVANOVI\u0106:\u00a0EXHIBITIONS OF THE NATURAL HISTORY MUSEUM OF MONTENEGRO OVER 16 YEARS OF WORK<\/td>\n<td width=\"61\">577-580<\/td>\n<\/tr>\n<tr>\n<td width=\"545\"><strong>SHORT COMMUNICATIONS<\/strong><\/td>\n<td width=\"61\">&nbsp;<\/td>\n<\/tr>\n<tr>\n<td width=\"545\">Andrej VIZI:\u00a0FIELDFARE (Turdus pilaris L.) \u2013 A NEW BREEDING SPECIES IN MONTENEGRO?<\/td>\n<td width=\"61\">581-583<\/td>\n<\/tr>\n<tr>\n<td width=\"545\"><strong>FROM A RESEARCH NOTEBOOK<\/strong><\/td>\n<td width=\"61\">&nbsp;<\/td>\n<\/tr>\n<tr>\n<td width=\"545\">Ana Vujovi\u0107:\u00a0THIRD RECORD OF RUFOUS-TAILED SCRUB-ROBIN Erythropygia\u00a0galactotes Temminck, 1820 (AVES, MUSCICAPIDAE) IN MONTENEGRO<\/td>\n<td width=\"61\">585-587<\/td>\n<\/tr>\n<tr>\n<td width=\"545\">Ana Vujovi\u0107:\u00a0RECORD OF LESSER GREY SHRIKE Lanius minor, J. F. Gmelin 1788 (AVES, LANIIDAE) ON DRAGALJ FIELD, MONTENEGRO<\/td>\n<td width=\"61\">588-590<\/td>\n<\/tr>\n<\/tbody>\n<\/table>","protected":false},"excerpt":{"rendered":"<p>Natura Montenegrina 11, 2012\u00a0 \u00a0complete journal PDF 21 MB CONTENTS: EDITORIAL BOARD 2 INSTRUCTION TO AUTHORS 3 Natura Montenegrina 11(1): &nbsp; ZOOLOGY: &nbsp; Bo\u017eana J. KARAMAN:\u00a0FAUNA OF GASTROPODA (MOLLUSCA) IN FRU\u0160KA GORA MOUNTAIN, VOJVODINA (SERBIA) 7-34 Gordan S. KARAMAN:\u00a0NEW STUDIES ON THE SUBTERRANEAN FAUNA OF TURKEY (CONTRIBUTION TO THE KNOWLEDGE OF THE AMPHIPODA 258) 35-52 [&hellip;]<\/p>","protected":false},"author":1,"featured_media":0,"parent":0,"menu_order":0,"comment_status":"closed","ping_status":"closed","template":"","meta":{"footnotes":""},"class_list":["post-2106","page","type-page","status-publish","hentry"],"_links":{"self":[{"href":"https:\/\/pmcg.co.me\/en\/wp-json\/wp\/v2\/pages\/2106","targetHints":{"allow":["GET"]}}],"collection":[{"href":"https:\/\/pmcg.co.me\/en\/wp-json\/wp\/v2\/pages"}],"about":[{"href":"https:\/\/pmcg.co.me\/en\/wp-json\/wp\/v2\/types\/page"}],"author":[{"embeddable":true,"href":"https:\/\/pmcg.co.me\/en\/wp-json\/wp\/v2\/users\/1"}],"replies":[{"embeddable":true,"href":"https:\/\/pmcg.co.me\/en\/wp-json\/wp\/v2\/comments?post=2106"}],"version-history":[{"count":0,"href":"https:\/\/pmcg.co.me\/en\/wp-json\/wp\/v2\/pages\/2106\/revisions"}],"wp:attachment":[{"href":"https:\/\/pmcg.co.me\/en\/wp-json\/wp\/v2\/media?parent=2106"}],"curies":[{"name":"wp","href":"https:\/\/api.w.org\/{rel}","templated":true}]}}