{"id":2055,"date":"2021-10-26T10:43:14","date_gmt":"2021-10-26T10:43:14","guid":{"rendered":"https:\/\/pmcg.co.me\/?page_id=2055"},"modified":"2021-10-26T12:20:18","modified_gmt":"2021-10-26T12:20:18","slug":"natura-montenegrina-13-2014","status":"publish","type":"page","link":"https:\/\/pmcg.co.me\/en\/natura-montenegrina-13-2014\/","title":{"rendered":"Natura Montenegrina 13\/2014"},"content":{"rendered":"<p><strong>Natura Montenegrina 13(1), 2014<\/strong><\/p>\n<p>Content:<\/p>\n<p><a href=\"https:\/\/pmcg.co.me\/wp-content\/uploads\/2021\/10\/INSTRUCTIONS_TO_AUTHORS.pdf\">INSTRUCTIONS TO AUTHORS<\/a><\/p>\n<p><a href=\"https:\/\/pmcg.co.me\/en\/uredivacki-odbor\/\">EDITORIAL BOARD<\/a><\/p>\n<p><a title=\"NM13-1_Radujkovic-&amp;-Sundic\" href=\"https:\/\/drive.google.com\/file\/d\/1LgCuQ4WRsgd8YMoCgzDtCVv8E9knKEi2\/view?usp=sharing\" target=\"_blank\" rel=\"noopener\">Branko M. RADUJKOVI\u0106 and Danijela \u0160UNDI\u0106: PARASITIC FLATWORMS (PLATYHELMINTHES: MONOGENEA, DIGENEA, CESTODA) OF FISHES FROM THE ADRIATIC SEA\u00a0 7-280<\/a>\u00a0 \u00a0 1.9Mb<\/p>\n<p><a title=\"NM13-1_Karaman\" href=\"https:\/\/drive.google.com\/file\/d\/14lKk6vEiMu3sILpBkLdUi9MEE1_7Jswz\/view?usp=sharing\" target=\"_blank\" rel=\"noopener\">Gordan S. KARAMAN: <span class=\"style38\">TWO POORLY KNOWN SPECIES OF THE SUBTERRANEAN FAMILY Niphargidae (Gammaridea) FROM SLOVENIA AND CROATIA <\/span><span class=\"style38\">(Contribution to the Knowledge of the Amphipoda 276)\u00a0 281-308<\/span><\/a><span class=\"style38\">\u00a0 \u00a03.8Mb<\/span><\/p>","protected":false},"excerpt":{"rendered":"<p>Natura Montenegrina 13(1), 2014 Content: INSTRUCTIONS TO AUTHORS EDITORIAL BOARD Branko M. RADUJKOVI\u0106 and Danijela \u0160UNDI\u0106: PARASITIC FLATWORMS (PLATYHELMINTHES: MONOGENEA, DIGENEA, CESTODA) OF FISHES FROM THE ADRIATIC SEA\u00a0 7-280\u00a0 \u00a0 1.9Mb Gordan S. KARAMAN: TWO POORLY KNOWN SPECIES OF THE SUBTERRANEAN FAMILY Niphargidae (Gammaridea) FROM SLOVENIA AND CROATIA (Contribution to the Knowledge of the Amphipoda [&hellip;]<\/p>","protected":false},"author":1,"featured_media":0,"parent":0,"menu_order":0,"comment_status":"closed","ping_status":"closed","template":"","meta":{"footnotes":""},"class_list":["post-2055","page","type-page","status-publish","hentry"],"_links":{"self":[{"href":"https:\/\/pmcg.co.me\/en\/wp-json\/wp\/v2\/pages\/2055","targetHints":{"allow":["GET"]}}],"collection":[{"href":"https:\/\/pmcg.co.me\/en\/wp-json\/wp\/v2\/pages"}],"about":[{"href":"https:\/\/pmcg.co.me\/en\/wp-json\/wp\/v2\/types\/page"}],"author":[{"embeddable":true,"href":"https:\/\/pmcg.co.me\/en\/wp-json\/wp\/v2\/users\/1"}],"replies":[{"embeddable":true,"href":"https:\/\/pmcg.co.me\/en\/wp-json\/wp\/v2\/comments?post=2055"}],"version-history":[{"count":0,"href":"https:\/\/pmcg.co.me\/en\/wp-json\/wp\/v2\/pages\/2055\/revisions"}],"wp:attachment":[{"href":"https:\/\/pmcg.co.me\/en\/wp-json\/wp\/v2\/media?parent=2055"}],"curies":[{"name":"wp","href":"https:\/\/api.w.org\/{rel}","templated":true}]}}