{"id":2029,"date":"2021-10-25T15:13:05","date_gmt":"2021-10-25T15:13:05","guid":{"rendered":"https:\/\/pmcg.co.me\/?page_id=2029"},"modified":"2022-12-24T02:28:14","modified_gmt":"2022-12-24T01:28:14","slug":"natura-montenegrina-14","status":"publish","type":"page","link":"https:\/\/pmcg.co.me\/en\/natura-montenegrina-14\/","title":{"rendered":"Natura Montenegrina 14"},"content":{"rendered":"<p><a href=\"https:\/\/pmcg.co.me\/en\/uredivacki-odbor\/\">Editorial Board<\/a><\/p>\n<p><a title=\"Uputstvo za autore\" href=\"https:\/\/pmcg.co.me\/wp-content\/uploads\/2021\/10\/INSTRUCTIONS_TO_AUTHORS.pdf\" target=\"_blank\" rel=\"noopener\">Instructions to authors<\/a><\/p>\n<h2><span style=\"color: #333399;\"><strong>Natura Montenegrina 14-1<\/strong><\/span><\/h2>\n<p>Content:<\/p>\n<p><span style=\"color: #993366;\"><strong>MICOLOGY<\/strong><\/span><\/p>\n<p><a href=\"https:\/\/pmcg.co.me\/wp-content\/uploads\/2021\/10\/NM14-7_Cetkovic-et-al.pdf\">Ilinka \u0106ETKOVI\u0106, Suzana MALID\u017dAN and Marija KOJI\u0106: <em>LEPIOTA OREADIFORMIS<\/em> VELEN. AND <em>LACTARIUS RUBROCINCTUS<\/em> FR. (BASIDIOMYCOTA), TWO MACROFUNGAL SPECIES NEW TO MONTENEGRO\u00a0 7-12\u00a0 \u00a0<\/a> \u00a0 \u00a0 \u00a0 \u00a0 1.1Mb<\/p>\n<p><span style=\"color: #993366;\"><strong>BOTANY<\/strong><\/span><\/p>\n<p><a href=\"https:\/\/pmcg.co.me\/wp-content\/uploads\/2021\/10\/NM14-6_Dragicevic-et-al-s.pdf\">Sne\u017eana DRAGI\u0106EVI\u0106, Vera BIBERD\u017dI\u0106, Sne\u017eana VUKSANOVI\u0106 &amp; Ilinka \u0106ETKOVI\u0106: A BRIEF OVERVIEW OF THE BRYOFLORA OF \u0160ASKO LAKE (ULCINJ, MONTENEGRO) WITH NATURAL CONDITION ASSESSMENT AND PRESSURES IN THE AREA\u00a0 13-25\u00a0 <\/a>\u00a0 \u00a01Mb<\/p>\n<p><span style=\"color: #993366;\"><strong>ZOOLOGY<\/strong><\/span><\/p>\n<p><a href=\"https:\/\/pmcg.co.me\/wp-content\/uploads\/2021\/10\/NM14-04_Vizi.pdf\">Andrej Vizi: CENSUS OF PYGMY CORMORANT COLONY ON SKADAR LAKE USING FREE EARTH OBSERVATION SOFTWARE\u00a0 \u00a027-31<\/a>\u00a0 \u00a00.8Mb<\/p>\n<p><span style=\"color: #993366;\"><strong>BIOLOGICAL OBSERVATIONS AND SURVEYS<\/strong><\/span><\/p>\n<p><a href=\"https:\/\/pmcg.co.me\/wp-content\/uploads\/2021\/10\/NM14-01_Vladovic_et_al.pdf\">Dalibor VLADOVI\u0106, Bo\u017eena MITI\u0106 &amp; Nediljko \u017dEVRNJA: ANALYSIS OF SOME FAMILIES FROM CARL STUDNICZKA'S HERBARIUM (IV)\u00a0 33-43<\/a>\u00a0 \u00a0 \u00a00.6Mb<\/p>\n<p><span style=\"color: #993366;\"><strong>IN MEMORIAM<\/strong><\/span><\/p>\n<p><a href=\"https:\/\/pmcg.co.me\/wp-content\/uploads\/2021\/10\/NM14-Dubravka-Besic-In-memoriam.pdf\">Kolektiv Prirodnja\u010dkog muzeja Crne Gore: IN MEMORIAM &#8211; DUBRAVKA BE\u0160I\u0106 (ro\u0111ena Dedi\u0107) (1963 \u2013 2020)\u00a0 45-46<\/a>\u00a0 \u00a0 110Kb<\/p>\n<p><a href=\"https:\/\/pmcg.co.me\/wp-content\/uploads\/2021\/10\/NM14-Dubravka-Besic-In-memoriam-Eng.pdf\">Staff of the Natural History Museum of Montenegro: IN MEMORIAM DUBRAVKA BE\u0160I\u0106 (born Dedi\u0107) (1963 \u2013 2020) 47-48<\/a>\u00a0 \u00a0 110Kb<\/p>\n<p><a href=\"https:\/\/pmcg.co.me\/wp-content\/uploads\/2021\/10\/NM14-Ruza-Cirovic-In-memoriam.pdf\">Sead HAD\u017dIABLAHOVI\u0106: IN MEMORIAM &#8211; Dr RU\u017dA \u0106IROVI\u0106 (born RADONJI\u0106) (1972-2018)\u00a0 49-51<\/a>\u00a0 \u00a0 \u00a0 220Kb<\/p>\n<h2><span style=\"color: #333399;\"><strong>Natura Montenegrina 14-2<\/strong><\/span><\/h2>\n<p><span style=\"color: #993366;\"><strong>ZOOLOGY<\/strong><\/span><\/p>\n<p>Gordan S. KARAMAN:<br \/>\n<a href=\"https:\/\/drive.google.com\/file\/d\/1Ct9LMaXtjOaA0fyK2pxo3fzZEen0gb5z\/view?usp=sharing\" target=\"_blank\" rel=\"noopener\">FURTHER DATA OF NIPHARGIDAE FAMILY ON BALKAN (Contribution to the Knowledge of the Amphipoda 324)\u00a0 53-82<\/a><\/p>\n<p>Laith A. JAWAD, Galina V. DIACHKOVA, Alexander V. GUBIN &amp; Konstantin A. DIACHKOV:<br \/>\n<a href=\"https:\/\/drive.google.com\/file\/d\/1cYztfY1PD8YTp9Fy0IyKdRQexSLjIC6A\/view?usp=sharing\" target=\"_blank\" rel=\"noopener\">SPINAL DEFORMITIES IN THE GOLDFISH (CARASSIUS AURATUS) (LINNAEUS, 1758) AS SEEN BY MULTISLICE COMPUTED TOMOGRAPHY\u00a0 83-92<\/a><\/p>\n<p>Sla\u0111ana GVOZDENOVI\u0106 &amp; Vuk IKOVI\u0106:<br \/>\n<a href=\"https:\/\/drive.google.com\/file\/d\/1oeIESPM10l0UNQfmDHTzUC2B55PAGRyp\/view?usp=sharing\" target=\"_blank\" rel=\"noopener\">CHECKLIST OF AMPHIBIANS AND REPTILES OF MONTENEGRO AND THEIR CONSERVATION STATUS 93-105<\/a><\/p>\n<p><span style=\"color: #993366;\"><strong>BIOLOGICAL OBSERVATIONS AND SURVEYS<\/strong><\/span><\/p>\n<p>Nada BUBANJA, Sne\u017eana VUKSANOVI\u0106:<br \/>\n<a href=\"https:\/\/drive.google.com\/file\/d\/1M34GNUlAFEBa3rqnbd9uZtg1th_qZsCi\/view?usp=sharing\" target=\"_blank\" rel=\"noopener\">THE COLLECTION OF FLOWERING PLANTS AND FERNS IN THE NATURAL HISTORY MUSEUM MONTENEGRO\u00a0 107-112<\/a><\/p>\n<p>Dalibor VLADOVI\u0106, Diana VLAHOVI\u0106 and Bo\u017eena MITI\u0106:<br \/>\n<a href=\"https:\/\/drive.google.com\/file\/d\/1Y9nieX3JMwhnyQdxsuRPZdIasOi3-fYm\/view?usp=sharing\" target=\"_blank\" rel=\"noopener\">EUPHORBIACEAE FROM CARL STUDNICZKA\u2019S HERBARIUM\u00a0 113-120<\/a><\/p>\n<p><span style=\"color: #993366;\"><strong>IN MEMORIAM<\/strong><\/span><\/p>\n<p>Collective of the Natural History Museum of Montenegro:\u00a0 121-123<br \/>\nKolektiv Prirodnja\u010dkog muzeja Crne Gore:<br \/>\n<a href=\"https:\/\/drive.google.com\/file\/d\/1djSEIKUmCgL7e5racsWV9lD0kCpLiJri\/view?usp=sharing\" target=\"_blank\" rel=\"noopener\">IN MEMORIAM DANIEL VINCEK (1926 \u2013 2021)<\/a><\/p>\n<h2><span style=\"color: #333399;\"><strong>Natura Montenegrina 14-3<\/strong><\/span><\/h2>\n<p><span style=\"color: #993366;\"><strong>SHORT COMMUNICATION<\/strong><\/span><\/p>\n<p>Andrej VIZI:\u00a0<a href=\"https:\/\/pmcg.co.me\/wp-content\/uploads\/2022\/05\/NM14-3-Vizi.pdf\" target=\"_blank\" rel=\"noopener\">OUTCOME OF AVIAN FLU OUTBREAK IN DALMATIAN PELICAN POPULATION AT SKADAR LAKE, MONTENEGRO\u00a0 125-127<\/a><\/p>\n<p><span style=\"color: #993366;\"><strong>BIOLOGICAL OBSERVATIONS AND SURVEYS<\/strong><\/span><\/p>\n<p>Andrej VIZI:\u00a0<a href=\"https:\/\/pmcg.co.me\/wp-content\/uploads\/2022\/12\/Vizi-NM14IWC-izvjestaj-2022.pdf\" target=\"_blank\" rel=\"noopener\">IZVJE\u0160TAJ O ZIMSKOM BROJANJU VODENIH PTICA\u00a0U CRNOJ GORI 2022. GODINE\u00a0 \u00a0 \u00a0129-140<\/a><\/p>\n<p>Andrej VIZI: <a href=\"https:\/\/pmcg.co.me\/wp-content\/uploads\/2022\/12\/Vizi-NM14IWC-report-2022.pdf\" target=\"_blank\" rel=\"noopener\">RESULTS OF THE MID-WINTER WATER BIRD CENSUS IN 2022 IN MONTENEGRO\u00a0 \u00a0 141-152<\/a><\/p>\n<p>&nbsp;<\/p>\n<h4><\/h4>","protected":false},"excerpt":{"rendered":"<p>Editorial Board Instructions to authors Natura Montenegrina 14-1 Content: MICOLOGY Ilinka \u0106ETKOVI\u0106, Suzana MALID\u017dAN and Marija KOJI\u0106: LEPIOTA OREADIFORMIS VELEN. AND LACTARIUS RUBROCINCTUS FR. (BASIDIOMYCOTA), TWO MACROFUNGAL SPECIES NEW TO MONTENEGRO\u00a0 7-12\u00a0 \u00a0 \u00a0 \u00a0 \u00a0 \u00a0 1.1Mb BOTANY Sne\u017eana DRAGI\u0106EVI\u0106, Vera BIBERD\u017dI\u0106, Sne\u017eana VUKSANOVI\u0106 &amp; Ilinka \u0106ETKOVI\u0106: A BRIEF OVERVIEW OF THE BRYOFLORA OF [&hellip;]<\/p>","protected":false},"author":1,"featured_media":0,"parent":0,"menu_order":0,"comment_status":"closed","ping_status":"closed","template":"","meta":{"footnotes":""},"class_list":["post-2029","page","type-page","status-publish","hentry"],"_links":{"self":[{"href":"https:\/\/pmcg.co.me\/en\/wp-json\/wp\/v2\/pages\/2029","targetHints":{"allow":["GET"]}}],"collection":[{"href":"https:\/\/pmcg.co.me\/en\/wp-json\/wp\/v2\/pages"}],"about":[{"href":"https:\/\/pmcg.co.me\/en\/wp-json\/wp\/v2\/types\/page"}],"author":[{"embeddable":true,"href":"https:\/\/pmcg.co.me\/en\/wp-json\/wp\/v2\/users\/1"}],"replies":[{"embeddable":true,"href":"https:\/\/pmcg.co.me\/en\/wp-json\/wp\/v2\/comments?post=2029"}],"version-history":[{"count":0,"href":"https:\/\/pmcg.co.me\/en\/wp-json\/wp\/v2\/pages\/2029\/revisions"}],"wp:attachment":[{"href":"https:\/\/pmcg.co.me\/en\/wp-json\/wp\/v2\/media?parent=2029"}],"curies":[{"name":"wp","href":"https:\/\/api.w.org\/{rel}","templated":true}]}}