{"id":2018,"date":"2021-10-25T14:42:03","date_gmt":"2021-10-25T14:42:03","guid":{"rendered":"https:\/\/pmcg.co.me\/?page_id=2018"},"modified":"2022-03-18T12:48:35","modified_gmt":"2022-03-18T12:48:35","slug":"katalozi-dosadasnjih-izlozbi","status":"publish","type":"page","link":"https:\/\/pmcg.co.me\/en\/izdavastvo-publikacije\/katalozi-dosadasnjih-izlozbi\/","title":{"rendered":"Katalozi dosada\u0161njih izlo\u017ebi"},"content":{"rendered":"<p><a href=\"https:\/\/drive.google.com\/file\/d\/1ceSU84lc7-ssbdPkDgxK2z9P--WZaI3g\/view?usp=sharing\" target=\"_blank\" rel=\"noopener\">Katalog izlo\u017ebe: PRIRODA NA DODIR\u00a0<\/a><\/p>\n<p><a href=\"https:\/\/drive.google.com\/file\/d\/1ceSU84lc7-ssbdPkDgxK2z9P--WZaI3g\/view?usp=sharing\"><img loading=\"lazy\" decoding=\"async\" class=\"wp-image-2440 size-medium\" src=\"https:\/\/pmcg.co.me\/wp-content\/uploads\/2022\/03\/Naslovna-Katalog_PMCG-Priroda-na-dodir-300x215.jpg\" alt=\"Priroda na dodir\" width=\"300\" height=\"215\" srcset=\"https:\/\/pmcg.co.me\/wp-content\/uploads\/2022\/03\/Naslovna-Katalog_PMCG-Priroda-na-dodir-300x215.jpg 300w, https:\/\/pmcg.co.me\/wp-content\/uploads\/2022\/03\/Naslovna-Katalog_PMCG-Priroda-na-dodir.jpg 350w\" sizes=\"auto, (max-width: 300px) 100vw, 300px\" \/><\/a><\/p>\n<p>&#8220;NO\u0106AS NASTUPAJU . . . \u017dIVOTINJE U\u017dIVO&#8221;\u00a0 oktobar 2021.<\/p>\n<p><a href=\"https:\/\/drive.google.com\/file\/d\/1vyG1XaQqJ2G4a1sH7dtv6TtUFYJ97DlV\/view?usp=sharing\"><img loading=\"lazy\" decoding=\"async\" class=\"wp-image-2146 size-medium alignnone\" src=\"https:\/\/pmcg.co.me\/wp-content\/uploads\/2021\/11\/Nocas-nastupaju-.-.-300x211.jpg\" alt=\"\" width=\"300\" height=\"211\" srcset=\"https:\/\/pmcg.co.me\/wp-content\/uploads\/2021\/11\/Nocas-nastupaju-.-.-300x211.jpg 300w, https:\/\/pmcg.co.me\/wp-content\/uploads\/2021\/11\/Nocas-nastupaju-.-..jpg 709w\" sizes=\"auto, (max-width: 300px) 100vw, 300px\" \/><\/a><\/p>\n<p>&nbsp;<\/p>\n<p><a href=\"https:\/\/drive.google.com\/file\/d\/1L3l17YBTHuDrhR9Qjvj1tbX1Fzbkm7HC\/view?usp=sharing\">Katalog-izlo\u017ebe-&#8220;\u0160TA KRIJE PRIRODA &#8211; detalji koje ne vidimo&#8221; decembar 2020.<\/a><\/p>\n<p><a href=\"https:\/\/drive.google.com\/file\/d\/1-VwYufwecXV-Wf2CR3HBLG1gryTb7U1A\/view?usp=sharing\" target=\"_blank\" rel=\"noopener\">Katalog IZLO\u017dBE: PRIRODA NA PO\u0160TANSKIM MARKAMA<\/a><\/p>\n<p><a href=\"https:\/\/drive.google.com\/file\/d\/1W0YKtgmJyFyIWfijUayHGjBaPka5gwBs\/view?usp=sharing\" target=\"_blank\" rel=\"noopener\">Katalog izlo\u017ebe: VODENA \u010cAROLIJA<\/a><\/p>","protected":false},"excerpt":{"rendered":"<p>Katalog izlo\u017ebe: PRIRODA NA DODIR\u00a0 &#8220;NO\u0106AS NASTUPAJU . . . \u017dIVOTINJE U\u017dIVO&#8221;\u00a0 oktobar 2021. &nbsp; Katalog-izlo\u017ebe-&#8220;\u0160TA KRIJE PRIRODA &#8211; detalji koje ne vidimo&#8221; decembar 2020. Katalog IZLO\u017dBE: PRIRODA NA PO\u0160TANSKIM MARKAMA Katalog izlo\u017ebe: VODENA \u010cAROLIJA<\/p>","protected":false},"author":1,"featured_media":0,"parent":15,"menu_order":0,"comment_status":"closed","ping_status":"closed","template":"","meta":{"footnotes":""},"class_list":["post-2018","page","type-page","status-publish","hentry"],"_links":{"self":[{"href":"https:\/\/pmcg.co.me\/en\/wp-json\/wp\/v2\/pages\/2018","targetHints":{"allow":["GET"]}}],"collection":[{"href":"https:\/\/pmcg.co.me\/en\/wp-json\/wp\/v2\/pages"}],"about":[{"href":"https:\/\/pmcg.co.me\/en\/wp-json\/wp\/v2\/types\/page"}],"author":[{"embeddable":true,"href":"https:\/\/pmcg.co.me\/en\/wp-json\/wp\/v2\/users\/1"}],"replies":[{"embeddable":true,"href":"https:\/\/pmcg.co.me\/en\/wp-json\/wp\/v2\/comments?post=2018"}],"version-history":[{"count":0,"href":"https:\/\/pmcg.co.me\/en\/wp-json\/wp\/v2\/pages\/2018\/revisions"}],"up":[{"embeddable":true,"href":"https:\/\/pmcg.co.me\/en\/wp-json\/wp\/v2\/pages\/15"}],"wp:attachment":[{"href":"https:\/\/pmcg.co.me\/en\/wp-json\/wp\/v2\/media?parent=2018"}],"curies":[{"name":"wp","href":"https:\/\/api.w.org\/{rel}","templated":true}]}}