{"id":1289,"date":"2021-04-26T12:09:54","date_gmt":"2021-04-26T12:09:54","guid":{"rendered":"https:\/\/pmcg.co.me\/?page_id=1289"},"modified":"2026-02-26T09:34:54","modified_gmt":"2026-02-26T08:34:54","slug":"o-muzeju-2","status":"publish","type":"page","link":"https:\/\/pmcg.co.me\/en\/o-muzeju-2\/","title":{"rendered":"O Muzeju"},"content":{"rendered":"<p><strong><span style=\"color: #666699;\">O MUZEJU<\/span><\/strong><\/p>\n<p>Prirodnja\u010dki muzej je specijalizovani muzej i jedina ustanova tog tipa u Crnoj Gori te stoga ima i status mati\u010dnog muzeja u odnosu na ostale muzeje u Crnoj Gori koji imaju muzejske zbirke prirodnja\u010dkog sadr\u017eaja. Njegov zadatak je da sakuplja, prou\u010dava, \u010duva i prezentuje izuzetno bogatu prirodnu i kulturnu ba\u0161tinu na\u0161e zemlje. Stru\u010dna djelatnost Muzeja ostvaruje se kroz Sektor muzejskih zbirki i Sektor za zajedni\u010dke muzejske i konzervatorsko-preparatorske poslove uz podr\u0161ku Slu\u017ebe za pravne, finansijske i op\u0161te poslove. Vi\u0161e od 15.000 primjeraka stijena, minerala, fosila, prepariranih biljaka i \u017eivotinja \u010duva se u 15 muzejskih zbirki od \u010dega su 4 geolo\u0161ke zbirke i 11 biolo\u0161kih. Zbirkama rukovodi 12 kustosa me\u0111u kojima ima 6 doktora biolo\u0161kih nauka, 4 magistara i 2 magistranta. Zahvaljuju\u0107i zavidnim kadrovskim kapacitetima i tehni\u010dkoj opremljenosti Prirodnja\u010dki muzej je prva ustanova iz resora kulture koja je dobila status nau\u010dno-istra\u017eiva\u010dke ustanove. Neizostavan segment u procesu rada na zbirkama jeste i nau\u010dna obrada materijala te je muzejski kadar osposobljen i aktivno u\u010destvuje na mnogim nau\u010dno istra\u017eiva\u010dkim projektima. Veoma zna\u010dajne karike u procesu rada muzeja su prepariranje i konzervacija prirodnja\u010dkog materijala, edukacija-pedago\u0161ki rad i vo\u0111enje muzejske dokumentacije. Muzej posjeduje i biblioteku sa veoma bogatom gra\u0111om. Od 2001. godine Muzej izdaje prvi elektronski nau\u010dni i nau\u010dno-popularni \u010dasopis u Crnoj Gori, &#8220;Natura Montenegrina&#8221;.<\/p>\n<p>Uprkos nedostatku vlastitog izlo\u017ebenog prostora, muzej kroz dobru me\u0111uinstitucionalnu saradnju sa drugim ustanovama kulture prezantuje gra\u0111anima \u0161irom Crne Gore materijal iz svojih zbirki kroz tematske gostuju\u0107e izlo\u017ebe. Poseban akcenat stavljen je na op\u0161tine sa sjevera dr\u017eave.<\/p>\n<p>Budu\u0107i da \u017eivimo u vremenu digitalizacije raznih dru\u0161tvenih aktivnosti, prepoznali smo potrebu za inoviranjem na\u010dina prezentacije prirodnja\u010dkog materijala. Muzej je ve\u0107 organizovao i multimedijalne doga\u0111aje, koji su kombinovali vizuelne efekte, animirane sadr\u017eaje i muzejske eksponate. Pored toga, digitalizacijom su obuhva\u0107ene i zbirke, tako da njihov sadr\u017eaj u budu\u0107nosti bude dostupan bilo kom nau\u010dniku \u0161irom planete, bez potrebe za fizi\u010dkim prisustvom.<\/p>\n<p>Crna Gora je prepoznata u svijetu kao zemlja izuzetnih prirodnih vrijednosti i netaknute prirode. Prema tome, geodiverzitet i biodiverzitet predstavljaju jedan od najva\u017enijih resursa Crne Gore. Ustanove kulture imaju zadatak da istra\u017ee, o\u010duvaju i na savremen na\u010din prika\u017eu upravo one specifi\u010dnosti koje defini\u0161u autenti\u010dni Crnogorski kulturni identitet. Budu\u0107i da je poseban zadatak Prirodnja\u010dkog muzeja promocija posebnosti prirodne i kulturne ba\u0161tine Crne Gore, neizostavno je i da jedna tako reprezentativna ustanova kulture na\u0161e dr\u017eave\u00a0zavrije\u0111uje da ima sopstvenu zgradu na reprezentativnoj lokaciji u glavnom gradu. Prirodnja\u010dki muzej je jedna od rijetkih ustanova kulture koja nema adekvatno rije\u0161eno pitanje smje\u0161taja. Sopstveni radni i izlo\u017ebeni prostor bi uveliko uneprijedio rad samog muzeja, time bi i rezultati bili vidljiviji \u0161iroj publici. Na ovaj na\u010din bi se znatno obogatila i kulturna i turisti\u010dka ponuda glavnog grada, budu\u0107i da u ve\u0107ini evropskih prijestonica Prirodnja\u010dki muzeji predstavljaju nezaobilazan sadr\u017eaj i najbolji reprezent prirodnog i kulturnog bogatstva jedne dr\u017eave.<\/p>\n<p><img loading=\"lazy\" decoding=\"async\" class=\"alignnone size-medium wp-image-1482\" src=\"https:\/\/pmcg.co.me\/wp-content\/uploads\/2021\/05\/Posebna-izdanja-br-7-300x300.jpg\" alt=\"\" width=\"300\" height=\"300\" srcset=\"https:\/\/pmcg.co.me\/wp-content\/uploads\/2021\/05\/Posebna-izdanja-br-7-300x300.jpg 300w, https:\/\/pmcg.co.me\/wp-content\/uploads\/2021\/05\/Posebna-izdanja-br-7-150x150.jpg 150w, https:\/\/pmcg.co.me\/wp-content\/uploads\/2021\/05\/Posebna-izdanja-br-7-768x768.jpg 768w, https:\/\/pmcg.co.me\/wp-content\/uploads\/2021\/05\/Posebna-izdanja-br-7-700x700.jpg 700w, https:\/\/pmcg.co.me\/wp-content\/uploads\/2021\/05\/Posebna-izdanja-br-7-500x500.jpg 500w, https:\/\/pmcg.co.me\/wp-content\/uploads\/2021\/05\/Posebna-izdanja-br-7.jpg 866w\" sizes=\"auto, (max-width: 300px) 100vw, 300px\" \/><\/p>\n<p><strong><span style=\"color: #666699;\">Osnivanje muzeja<\/span><\/strong><\/p>\n<p>Prva Prirodnja\u010dka zbirka, u sklopu Republi\u010dkog zavoda za za\u0161titu prirode osnovana je Uredbom Vlade Crne Gore 1961. godine. Zbirka je sadr\u017eala vi\u0161e stotina prepariranih \u017eivotinja, prije svega ptica sa Skadarskog jezera, riba i sisara, ali i veoma vrijedan herbarijum balkanskih zemalja. Zbirka je bila dostupna publici u sklopu stalne izlo\u017ebe u Podgorici kao i kroz u\u010de\u0161\u0107a na sajmovima lova i ribolova i preko nau\u010dne publikacije &#8220;Glasnik republi\u010dkog zavoda za za\u0161titu prirode&#8221;. S obzirom da je zbirka bila namjenjena uglavnom izlaganju nije se mnogo obra\u0107ala pa\u017enja na dokumentaciju o primjercima iz zbirke tako da je ona bila dosta oskudna, mnogi primjerci nijesu bili ni adekvatno nau\u010dno obra\u0111eni. U zemljotresu 1979. godine zgrada u kojoj se zbirka nalazila bila je te\u0161ko o\u0161te\u0107ena. Iako sama zbirka u zemljotresu nije pretrpjela ve\u0107a o\u0161te\u0107enja, kasnije je zbog izmje\u0161tanja u vi\u0161e navrata u prostore sa uslovima neadekvatnim za \u010duvanje prirodnja\u010dkog materijala do\u0161lo do njegovog propadanja. Zbirka je 1985. godine vra\u0107ena u renoviranu zgradu Zavoda za za\u0161titu prirode i bila smje\u0161tena u novi izlo\u017ebeni prostor sve do osnivanja Prirodnja\u010dkog muzeja 1995. godine.<\/p>\n<p>Javna ustanova Prirodnja\u010dki muzej Crne Gore osnovana je 4. aprila 1995. godine odlukom Skup\u0161tine Crne Gore (&#8220;Sl. list RCG&#8221; broj 12\/95). Nakon \u0161to je registrovan 20. novembra 1995. godine, muzej je zapo\u010deo svoj rad u prostorijama gdje je bila smje\u0161tena preparatorska radionica i Prirodnja\u010dka izlo\u017eba Republi\u010dkog zavoda za za\u0161titu prirode, u zgradi nekada\u0161nje osnovne \u0161kole koja je i sama za\u0161ti\u0107ena kao kulturno dobro. Osim prostorija i prirodnja\u010dkog materijala od Republi\u010dkog zavoda za za\u0161titu prirode preuzet je i dio kadra i opreme. Izlo\u017ebene prostorije su pretvorene u radne prostorije, a prirodnja\u010dki materijal smje\u0161ten u malu, prili\u010dno neuslovnu prostoriju od oko 50 m\u00b2 koja je opredjeljena za depo. U tom prostoru se muzejske zbirke nalaze i danas. Tokom 2017. i 2018. godine, uprava muzeja je kao prioritetni cilj u svom programu definisala unaprije\u0111enje veoma lo\u0161ih uslova za \u010duvanje zbirki u muzejskom depou. Izdvojena su zna\u010dajna sredstva i uz podr\u0161ku Vlade Crne Gore i Ministarstva kulture, depo muzeja renoviran je i opremljen u skladu sa propisanim, veoma zahtjevnim uslovima, neophodnim za o\u010duvanje prirodnja\u010dkih zbirki. S obzirom da se broj predmeta u zbirkama iz godine u godinu zna\u010dajno pove\u0107ava postoji bojazan da \u0107e taj prostor i pored renoviranja i svih nastojanja da se \u0161to bolje organizuje i iskoristi, veoma brzo postati pretijesan da prihvati sav prikupljeni materijal.<\/p>\n<style type=\"text\/css\">\r\n\t#foogallery-gallery-1308 .fg-image {\r\n        width: 175px;\r\n    }\r\n<\/style>\r\n\t\t\t\t<div class=\"foogallery foogallery-container foogallery-default foogallery-lightbox-foobox fg-gutter-10 fg-left fg-default fg-light fg-border-thin fg-shadow-outline fg-loading-default fg-loaded-fade-in fg-caption-hover fg-hover-fade fg-hover-zoom fg-ready\" id=\"foogallery-gallery-1308\" data-foogallery=\"{&quot;item&quot;:{&quot;showCaptionTitle&quot;:true,&quot;showCaptionDescription&quot;:true},&quot;lazy&quot;:true}\" >\r\n\t<div class=\"fg-item fg-type-image fg-idle\"><figure class=\"fg-item-inner\"><a href=\"https:\/\/pmcg.co.me\/wp-content\/uploads\/2023\/06\/Putni-nalozi-29maj-04jun2023.pdf\" data-attachment-id=\"3838\" data-type=\"image\" class=\"fg-thumb\"><span class=\"fg-image-wrap\"><img decoding=\"async\" width=\"175\" height=\"175\" class=\"skip-lazy fg-image\" data-src-fg=\"https:\/\/pmcg.co.me\/wp-content\/uploads\/2023\/06\/Putni-nalozi-29maj-04jun2023.pdf\" src=\"data:image\/svg+xml,%3Csvg%20xmlns%3D%22http%3A%2F%2Fwww.w3.org%2F2000%2Fsvg%22%20width%3D%22175%22%20height%3D%22175%22%20viewBox%3D%220%200%20175%20175%22%3E%3C%2Fsvg%3E\" loading=\"eager\"><\/span><span class=\"fg-image-overlay\"><\/span><\/a><figcaption class=\"fg-caption\"><div class=\"fg-caption-inner\"><\/div><\/figcaption><\/figure><div class=\"fg-loader\"><\/div><\/div><div class=\"fg-item fg-type-image fg-idle\"><figure class=\"fg-item-inner\"><a href=\"https:\/\/pmcg.co.me\/wp-content\/uploads\/2025\/04\/7-Zs.jpg\" data-attachment-id=\"5151\" data-type=\"image\" class=\"fg-thumb\"><span class=\"fg-image-wrap\"><img decoding=\"async\" width=\"175\" height=\"175\" class=\"skip-lazy fg-image\" data-src-fg=\"https:\/\/pmcg.co.me\/wp-content\/uploads\/cache\/2025\/04\/7-Zs\/34124444.jpg\" src=\"data:image\/svg+xml,%3Csvg%20xmlns%3D%22http%3A%2F%2Fwww.w3.org%2F2000%2Fsvg%22%20width%3D%22175%22%20height%3D%22175%22%20viewBox%3D%220%200%20175%20175%22%3E%3C%2Fsvg%3E\" loading=\"eager\"><\/span><span class=\"fg-image-overlay\"><\/span><\/a><figcaption class=\"fg-caption\"><div class=\"fg-caption-inner\"><\/div><\/figcaption><\/figure><div class=\"fg-loader\"><\/div><\/div><div class=\"fg-item fg-type-image fg-idle\"><figure class=\"fg-item-inner\"><a href=\"https:\/\/pmcg.co.me\/wp-content\/uploads\/2021\/09\/Otvaranje-442.jpg\" data-attachment-id=\"1919\" data-type=\"image\" class=\"fg-thumb\"><span class=\"fg-image-wrap\"><img decoding=\"async\" width=\"175\" height=\"175\" class=\"skip-lazy fg-image\" data-src-fg=\"https:\/\/pmcg.co.me\/wp-content\/uploads\/cache\/2021\/09\/Otvaranje-442\/727085603.jpg\" src=\"data:image\/svg+xml,%3Csvg%20xmlns%3D%22http%3A%2F%2Fwww.w3.org%2F2000%2Fsvg%22%20width%3D%22175%22%20height%3D%22175%22%20viewBox%3D%220%200%20175%20175%22%3E%3C%2Fsvg%3E\" loading=\"eager\"><\/span><span class=\"fg-image-overlay\"><\/span><\/a><figcaption class=\"fg-caption\"><div class=\"fg-caption-inner\"><\/div><\/figcaption><\/figure><div class=\"fg-loader\"><\/div><\/div><\/div>\r\n\n<p>&nbsp;<\/p>\n<p><span style=\"color: #666699;\"><strong>NA\u0160A VIZIJA I MISIJA<\/strong><\/span><\/p>\n<p><span style=\"color: #666699;\"><strong>Misija muzeja:<\/strong> kroz nauku i edukaciju formirati nove generacije koje se osje\u0107aju dovoljno informisanim, samopouzdanim i motivisanim da svojim odlukama, uticajem i aktivnostima vode dru\u0161tvo u smjeru odr\u017eivog razvoja. <\/span><\/p>\n<p><span style=\"color: #666699;\"><strong>Vizija Prirodnja\u010dkog muzeja Crne Gore<\/strong> da bude kulturno, nau\u010dno i obrazovno relevantna ustanova u Crnoj Gori, ali i \u0161ire, u jugo-isto\u010dnoj Evropi. Institucija u kojoj \u0107e se svaka porodica osje\u0107ati dobrodo\u0161lo, provesti vrijeme uz kulturni proizvod koji izaziva emocije o ozbiljnoj nauci prezentovanoj na zanimljiv na\u010din. Istovremeno, kod nau\u010dnika izaziva asocijaciju na ozbiljan i temeljan rad i stru\u010dnost osoblja.<\/span><\/p>\n<p><img loading=\"lazy\" decoding=\"async\" class=\"alignnone size-medium wp-image-1918\" src=\"https:\/\/pmcg.co.me\/wp-content\/uploads\/2021\/09\/Otvaranje-441-300x225.jpg\" alt=\"\" width=\"300\" height=\"225\" srcset=\"https:\/\/pmcg.co.me\/wp-content\/uploads\/2021\/09\/Otvaranje-441-300x225.jpg 300w, https:\/\/pmcg.co.me\/wp-content\/uploads\/2021\/09\/Otvaranje-441-1024x768.jpg 1024w, https:\/\/pmcg.co.me\/wp-content\/uploads\/2021\/09\/Otvaranje-441-768x576.jpg 768w, https:\/\/pmcg.co.me\/wp-content\/uploads\/2021\/09\/Otvaranje-441.jpg 1100w\" sizes=\"auto, (max-width: 300px) 100vw, 300px\" \/><\/p>","protected":false},"excerpt":{"rendered":"<p>O MUZEJU Prirodnja\u010dki muzej je specijalizovani muzej i jedina ustanova tog tipa u Crnoj Gori te stoga ima i status mati\u010dnog muzeja u odnosu na ostale muzeje u Crnoj Gori koji imaju muzejske zbirke prirodnja\u010dkog sadr\u017eaja. Njegov zadatak je da sakuplja, prou\u010dava, \u010duva i prezentuje izuzetno bogatu prirodnu i kulturnu ba\u0161tinu na\u0161e zemlje. Stru\u010dna djelatnost [&hellip;]<\/p>","protected":false},"author":1,"featured_media":0,"parent":0,"menu_order":0,"comment_status":"closed","ping_status":"closed","template":"","meta":{"footnotes":""},"class_list":["post-1289","page","type-page","status-publish","hentry"],"_links":{"self":[{"href":"https:\/\/pmcg.co.me\/en\/wp-json\/wp\/v2\/pages\/1289","targetHints":{"allow":["GET"]}}],"collection":[{"href":"https:\/\/pmcg.co.me\/en\/wp-json\/wp\/v2\/pages"}],"about":[{"href":"https:\/\/pmcg.co.me\/en\/wp-json\/wp\/v2\/types\/page"}],"author":[{"embeddable":true,"href":"https:\/\/pmcg.co.me\/en\/wp-json\/wp\/v2\/users\/1"}],"replies":[{"embeddable":true,"href":"https:\/\/pmcg.co.me\/en\/wp-json\/wp\/v2\/comments?post=1289"}],"version-history":[{"count":0,"href":"https:\/\/pmcg.co.me\/en\/wp-json\/wp\/v2\/pages\/1289\/revisions"}],"wp:attachment":[{"href":"https:\/\/pmcg.co.me\/en\/wp-json\/wp\/v2\/media?parent=1289"}],"curies":[{"name":"wp","href":"https:\/\/api.w.org\/{rel}","templated":true}]}}